{"id":10086,"date":"2026-01-28T10:34:53","date_gmt":"2026-01-28T09:34:53","guid":{"rendered":"https:\/\/liposomalherb.com\/wspolpraca-przychodnie\/"},"modified":"2026-02-06T13:26:31","modified_gmt":"2026-02-06T12:26:31","slug":"wspolpraca-przychodnie","status":"publish","type":"page","link":"https:\/\/liposomalherb.com\/de\/wspolpraca-przychodnie\/","title":{"rendered":"Kliniken f\u00fcr die Zusammenarbeit"},"content":{"rendered":"\t\t<div data-elementor-type=\"wp-page\" data-elementor-id=\"10086\" class=\"elementor elementor-10086 elementor-9309\" data-elementor-post-type=\"page\">\n\t\t\t\t<div class=\"elementor-element elementor-element-108bc4f e-flex e-con-boxed e-con e-parent\" data-id=\"108bc4f\" data-element_type=\"container\" data-settings=\"{&quot;background_background&quot;:&quot;classic&quot;}\">\n\t\t\t\t\t<div class=\"e-con-inner\">\n\t\t\t\t<div class=\"elementor-element elementor-element-018ee4d elementor-widget__width-initial elementor-widget elementor-widget-heading\" data-id=\"018ee4d\" data-element_type=\"widget\" data-widget_type=\"heading.default\">\n\t\t\t\t<div class=\"elementor-widget-container\">\n\t\t\t<h2 class=\"elementor-heading-title elementor-size-default\">Zusammenarbeit mit Kliniken und diagnostischen Einrichtungen<\/h2>\t\t<\/div>\n\t\t\t\t<\/div>\n\t\t\t\t<div class=\"elementor-element elementor-element-c6b62bc elementor-widget__width-initial elementor-widget elementor-widget-text-editor\" data-id=\"c6b62bc\" data-element_type=\"widget\" data-widget_type=\"text-editor.default\">\n\t\t\t\t<div class=\"elementor-widget-container\">\n\t\t\t\t\t\t\t<p data-path-to-node=\"9\">Die Zusammenarbeit mit Ambulanzen und diagnostischen Einrichtungen basiert auf einem verantwortungsvollen, komplement\u00e4ren Ansatz in der Arbeit mit Patienten.<\/p><p data-path-to-node=\"10\">Das Kooperationsmodell basiert auf Transparenz, Verantwortlichkeit und einem ruhigen, langfristigen Ansatz.<\/p>\t\t\t\t\t\t<\/div>\n\t\t\t\t<\/div>\n\t\t\t\t\t<\/div>\n\t\t\t\t<\/div>\n\t\t<div class=\"elementor-element elementor-element-3693ed2 e-flex e-con-boxed e-con e-parent\" data-id=\"3693ed2\" data-element_type=\"container\">\n\t\t\t\t\t<div class=\"e-con-inner\">\n\t\t<div class=\"elementor-element elementor-element-88bb561 e-con-full e-flex e-con e-child\" data-id=\"88bb561\" data-element_type=\"container\">\n\t\t<div class=\"elementor-element elementor-element-26112ef e-con-full e-flex e-con e-child\" data-id=\"26112ef\" data-element_type=\"container\" data-settings=\"{&quot;background_background&quot;:&quot;classic&quot;}\">\n\t\t<div class=\"elementor-element elementor-element-231ae2f e-con-full e-flex e-con e-child\" data-id=\"231ae2f\" data-element_type=\"container\">\n\t\t\t\t<div class=\"elementor-element elementor-element-5d6aefb elementor-position-left elementor-vertical-align-middle elementor-view-default elementor-mobile-position-top elementor-widget elementor-widget-icon-box\" data-id=\"5d6aefb\" data-element_type=\"widget\" data-widget_type=\"icon-box.default\">\n\t\t\t\t<div class=\"elementor-widget-container\">\n\t\t\t\t\t<div class=\"elementor-icon-box-wrapper\">\n\n\t\t\t\t\t\t<div class=\"elementor-icon-box-icon\">\n\t\t\t\t<span  class=\"elementor-icon elementor-animation-\">\n\t\t\t\t<i aria-hidden=\"true\" class=\"fas fa-exclamation-circle\"><\/i>\t\t\t\t<\/span>\n\t\t\t<\/div>\n\t\t\t\n\t\t\t\t\t\t<div class=\"elementor-icon-box-content\">\n\n\t\t\t\t\t\t\t\t\t<h3 class=\"elementor-icon-box-title\">\n\t\t\t\t\t\t<span  >\n\t\t\t\t\t\t\tUnsere Produkte sind kein Ersatz f\u00fcr eine medizinische Behandlung, Diagnose oder Empfehlung.\t\t\t\t\t\t<\/span>\n\t\t\t\t\t<\/h3>\n\t\t\t\t\n\t\t\t\t\t\t\t\t\t<p class=\"elementor-icon-box-description\">\n\t\t\t\t\t\tStattdessen k\u00f6nnen sie Teil einer nicht-diagnostischen und regenerativen Unterst\u00fctzung sein, insbesondere in Situationen, in denen der Patient nach nat\u00fcrlichen, gut vertr\u00e4glichen L\u00f6sungen sucht, um den K\u00f6rper nach Untersuchungen, Beratungen oder Therapien zu unterst\u00fctzen.\t\t\t\t\t<\/p>\n\t\t\t\t\n\t\t\t<\/div>\n\t\t\t\n\t\t<\/div>\n\t\t\t\t<\/div>\n\t\t\t\t<\/div>\n\t\t\t\t<\/div>\n\t\t\t\t<\/div>\n\t\t\t\t<\/div>\n\t\t\t\t<div class=\"elementor-element elementor-element-29a5f48 elementor-widget elementor-widget-heading\" data-id=\"29a5f48\" data-element_type=\"widget\" data-widget_type=\"heading.default\">\n\t\t\t\t<div class=\"elementor-widget-container\">\n\t\t\t<h2 class=\"elementor-heading-title elementor-size-default\">AN DIE WIR UNSERE ZUSAMMENARBEIT RICHTEN<\/h2>\t\t<\/div>\n\t\t\t\t<\/div>\n\t\t\t\t\t<\/div>\n\t\t\t\t<\/div>\n\t\t<div class=\"elementor-element elementor-element-2d0e861 e-con-full e-flex e-con e-parent\" data-id=\"2d0e861\" data-element_type=\"container\">\n\t\t<div class=\"elementor-element elementor-element-93e70b2 e-con-full e-flex e-con e-child\" data-id=\"93e70b2\" data-element_type=\"container\">\n\t\t\t\t<div class=\"elementor-element elementor-element-97d90a0 elementor-widget elementor-widget-text-editor\" data-id=\"97d90a0\" data-element_type=\"widget\" data-widget_type=\"text-editor.default\">\n\t\t\t\t<div class=\"elementor-widget-container\">\n\t\t\t\t\t\t\t<p data-path-to-node=\"6\">Dieses Modell ist f\u00fcr Einrichtungen gedacht, in denen:<\/p>\t\t\t\t\t\t<\/div>\n\t\t\t\t<\/div>\n\t\t\t\t<div class=\"elementor-element elementor-element-fab8be6 elementor-widget elementor-widget-text-editor\" data-id=\"fab8be6\" data-element_type=\"widget\" data-widget_type=\"text-editor.default\">\n\t\t\t\t<div class=\"elementor-widget-container\">\n\t\t\t\t\t\t\t<ul><li><p data-path-to-node=\"22,0,0\">Die Beobachtung des Zustands des Patienten im Laufe der Zeit ist entscheidend,<\/p><\/li><li><p data-path-to-node=\"22,1,0\">Regeneration und Anpassung des K\u00f6rpers ist wichtig,<\/p><\/li><li><p data-path-to-node=\"22,2,0\">erh\u00e4lt der Patient Empfehlungen, die \u00fcber die eigentliche Diagnose hinausgehen.<\/p><\/li><\/ul>\t\t\t\t\t\t<\/div>\n\t\t\t\t<\/div>\n\t\t\t\t<\/div>\n\t\t<div class=\"elementor-element elementor-element-d1101cb e-con-full e-flex e-con e-child\" data-id=\"d1101cb\" data-element_type=\"container\">\n\t\t\t\t<div class=\"elementor-element elementor-element-d61b315 elementor-widget elementor-widget-text-editor\" data-id=\"d61b315\" data-element_type=\"widget\" data-widget_type=\"text-editor.default\">\n\t\t\t\t<div class=\"elementor-widget-container\">\n\t\t\t\t\t\t\t<p data-path-to-node=\"6\">Die Zusammenarbeit richtet sich direkt an:<\/p>\t\t\t\t\t\t<\/div>\n\t\t\t\t<\/div>\n\t\t\t\t<div class=\"elementor-element elementor-element-92f9acf elementor-widget elementor-widget-text-editor\" data-id=\"92f9acf\" data-element_type=\"widget\" data-widget_type=\"text-editor.default\">\n\t\t\t\t<div class=\"elementor-widget-container\">\n\t\t\t\t\t\t\t<ul><li data-path-to-node=\"24,0,0\">Fachkliniken,<\/li><li data-path-to-node=\"24,1,0\">Diagnoseeinrichtungen,<\/li><li data-path-to-node=\"24,2,0\">\u00c4rzte, die nach einem ganzheitlichen oder integrativen Modell arbeiten,<\/li><li data-path-to-node=\"24,3,0\">Teams, die Patienten sichere nicht-therapeutische Unterst\u00fctzung anbieten m\u00f6chten.<\/li><\/ul>\t\t\t\t\t\t<\/div>\n\t\t\t\t<\/div>\n\t\t\t\t<\/div>\n\t\t\t\t<\/div>\n\t\t<div class=\"elementor-element elementor-element-6e5b98a e-flex e-con-boxed e-con e-parent\" data-id=\"6e5b98a\" data-element_type=\"container\">\n\t\t\t\t\t<div class=\"e-con-inner\">\n\t\t\t\t<div class=\"elementor-element elementor-element-d1a4bc6 elementor-widget elementor-widget-heading\" data-id=\"d1a4bc6\" data-element_type=\"widget\" data-widget_type=\"heading.default\">\n\t\t\t\t<div class=\"elementor-widget-container\">\n\t\t\t<h2 class=\"elementor-heading-title elementor-size-default\">KOOPERATIONSMODELL IN DER PRAXIS<\/h2>\t\t<\/div>\n\t\t\t\t<\/div>\n\t\t\t\t<div class=\"elementor-element elementor-element-40207b0 elementor-widget elementor-widget-text-editor\" data-id=\"40207b0\" data-element_type=\"widget\" data-widget_type=\"text-editor.default\">\n\t\t\t\t<div class=\"elementor-widget-container\">\n\t\t\t\t\t\t\t<p data-path-to-node=\"6\">Das Modell der Zusammenarbeit bleibt dasselbe wie bei den Therapiepraxen und basiert auf einem individuellen Partnerschaftscode.<\/p>\t\t\t\t\t\t<\/div>\n\t\t\t\t<\/div>\n\t\t\t\t\t<\/div>\n\t\t\t\t<\/div>\n\t\t<div class=\"elementor-element elementor-element-0b7ef3c e-grid e-con-boxed e-con e-parent\" data-id=\"0b7ef3c\" data-element_type=\"container\">\n\t\t\t\t\t<div class=\"e-con-inner\">\n\t\t<div class=\"elementor-element elementor-element-2e7f88d e-con-full e-flex e-con e-child\" data-id=\"2e7f88d\" data-element_type=\"container\">\n\t\t\t\t<div class=\"elementor-element elementor-element-1f79d72 elementor-widget elementor-widget-heading\" data-id=\"1f79d72\" data-element_type=\"widget\" data-widget_type=\"heading.default\">\n\t\t\t\t<div class=\"elementor-widget-container\">\n\t\t\t<h3 class=\"elementor-heading-title elementor-size-default\">PLATZIERUNG:<\/h3>\t\t<\/div>\n\t\t\t\t<\/div>\n\t\t\t\t<div class=\"elementor-element elementor-element-88cbb20 elementor-widget elementor-widget-text-editor\" data-id=\"88cbb20\" data-element_type=\"widget\" data-widget_type=\"text-editor.default\">\n\t\t\t\t<div class=\"elementor-widget-container\">\n\t\t\t\t\t\t\t<ul><li data-path-to-node=\"33,0,0\">muss keine Produkte vor Ort haben,<\/li><li data-path-to-node=\"33,0,0\">nicht verkauft,<\/li><li data-path-to-node=\"33,2,0\">befasst sich nicht mit Logistik oder Zahlungen.<\/li><\/ul>\t\t\t\t\t\t<\/div>\n\t\t\t\t<\/div>\n\t\t\t\t<\/div>\n\t\t<div class=\"elementor-element elementor-element-813aadf e-con-full e-flex e-con e-child\" data-id=\"813aadf\" data-element_type=\"container\">\n\t\t\t\t<div class=\"elementor-element elementor-element-c427545 elementor-widget elementor-widget-heading\" data-id=\"c427545\" data-element_type=\"widget\" data-widget_type=\"heading.default\">\n\t\t\t\t<div class=\"elementor-widget-container\">\n\t\t\t<h3 class=\"elementor-heading-title elementor-size-default\">EIN ARZT ODER SPEZIALIST KANN:<\/h3>\t\t<\/div>\n\t\t\t\t<\/div>\n\t\t\t\t<div class=\"elementor-element elementor-element-0ad37d8 elementor-widget elementor-widget-text-editor\" data-id=\"0ad37d8\" data-element_type=\"widget\" data-widget_type=\"text-editor.default\">\n\t\t\t\t<div class=\"elementor-widget-container\">\n\t\t\t\t\t\t\t<ul><li data-path-to-node=\"35,0,0\">geben Sie dem Patienten die Adresse eines Online-Shops,<\/li><li data-path-to-node=\"35,1,0\">einen individuellen Einrichtungscode angeben,<\/li><li data-path-to-node=\"35,2,0\">bieten Produkte zur Unterst\u00fctzung des K\u00f6rpers nach der Diagnose oder w\u00e4hrend der Nachsorge des Zustands des Patienten an.<\/li><\/ul>\t\t\t\t\t\t<\/div>\n\t\t\t\t<\/div>\n\t\t\t\t<\/div>\n\t\t<div class=\"elementor-element elementor-element-0aa0d02 e-con-full e-flex e-con e-child\" data-id=\"0aa0d02\" data-element_type=\"container\">\n\t\t\t\t<div class=\"elementor-element elementor-element-97fd9fb elementor-widget elementor-widget-heading\" data-id=\"97fd9fb\" data-element_type=\"widget\" data-widget_type=\"heading.default\">\n\t\t\t\t<div class=\"elementor-widget-container\">\n\t\t\t<h3 class=\"elementor-heading-title elementor-size-default\">PATIENT:<\/h3>\t\t<\/div>\n\t\t\t\t<\/div>\n\t\t\t\t<div class=\"elementor-element elementor-element-6f28a4e elementor-widget elementor-widget-text-editor\" data-id=\"6f28a4e\" data-element_type=\"widget\" data-widget_type=\"text-editor.default\">\n\t\t\t\t<div class=\"elementor-widget-container\">\n\t\t\t\t\t\t\t<ul><li>bestellt die Produkte selbst und die Organisation hat Einblick in die Codeverwendung und die Abwicklung der Zusammenarbeit.<\/li><\/ul>\t\t\t\t\t\t<\/div>\n\t\t\t\t<\/div>\n\t\t\t\t<\/div>\n\t\t\t\t\t<\/div>\n\t\t\t\t<\/div>\n\t\t<div class=\"elementor-element elementor-element-7c21801 e-flex e-con-boxed e-con e-parent\" data-id=\"7c21801\" data-element_type=\"container\">\n\t\t\t\t\t<div class=\"e-con-inner\">\n\t\t\t\t<div class=\"elementor-element elementor-element-d81c2a0 elementor-widget elementor-widget-heading\" data-id=\"d81c2a0\" data-element_type=\"widget\" data-widget_type=\"heading.default\">\n\t\t\t\t<div class=\"elementor-widget-container\">\n\t\t\t<h2 class=\"elementor-heading-title elementor-size-default\">ERFASSTE PRODUKTE<\/h2>\t\t<\/div>\n\t\t\t\t<\/div>\n\t\t\t\t<div class=\"elementor-element elementor-element-a80ca98 elementor-widget__width-initial elementor-widget elementor-widget-text-editor\" data-id=\"a80ca98\" data-element_type=\"widget\" data-widget_type=\"text-editor.default\">\n\t\t\t\t<div class=\"elementor-widget-container\">\n\t\t\t\t\t\t\t<p data-path-to-node=\"6\">Ausgew\u00e4hlte Produkte - von der Reinigung \u00fcber die Stabilisierung und Regeneration bis hin zur funktionellen Regulierung.<\/p>\t\t\t\t\t\t<\/div>\n\t\t\t\t<\/div>\n\t\t\t\t\t<\/div>\n\t\t\t\t<\/div>\n\t\t<div class=\"elementor-element elementor-element-e801395 e-grid e-con-boxed e-con e-parent\" data-id=\"e801395\" data-element_type=\"container\">\n\t\t\t\t\t<div class=\"e-con-inner\">\n\t\t\t\t<div class=\"elementor-element elementor-element-4325a49 elementor-position-left elementor-vertical-align-middle elementor-widget elementor-widget-image-box\" data-id=\"4325a49\" data-element_type=\"widget\" data-widget_type=\"image-box.default\">\n\t\t\t\t<div class=\"elementor-widget-container\">\n\t\t\t<div class=\"elementor-image-box-wrapper\"><figure class=\"elementor-image-box-img\"><a href=\"https:\/\/liposomalherb.com\/de\/produkt\/detox-liposomal-2-x-30ml\/\" tabindex=\"-1\"><img fetchpriority=\"high\" decoding=\"async\" width=\"1000\" height=\"750\" src=\"https:\/\/liposomalherb.com\/wp-content\/uploads\/2025\/12\/Detox-Liposomal-Herb-30ml-2.jpg\" class=\"attachment-full size-full wp-image-8533\" alt=\"www.greenhemp.pl\" srcset=\"https:\/\/liposomalherb.com\/wp-content\/uploads\/2025\/12\/Detox-Liposomal-Herb-30ml-2.jpg 1000w, https:\/\/liposomalherb.com\/wp-content\/uploads\/2025\/12\/Detox-Liposomal-Herb-30ml-2-300x225.jpg 300w, https:\/\/liposomalherb.com\/wp-content\/uploads\/2025\/12\/Detox-Liposomal-Herb-30ml-2-150x113.jpg 150w, https:\/\/liposomalherb.com\/wp-content\/uploads\/2025\/12\/Detox-Liposomal-Herb-30ml-2-768x576.jpg 768w, https:\/\/liposomalherb.com\/wp-content\/uploads\/2025\/12\/Detox-Liposomal-Herb-30ml-2-600x450.jpg 600w\" sizes=\"(max-width: 1000px) 100vw, 1000px\" \/><\/a><\/figure><div class=\"elementor-image-box-content\"><h3 class=\"elementor-image-box-title\"><a href=\"https:\/\/liposomalherb.com\/de\/produkt\/detox-liposomal-2-x-30ml\/\">Liposomale Entgiftung<\/a><\/h3><p class=\"elementor-image-box-description\">Unterst\u00fctzung von Entschlackungs- und Stressabbauprozessen.\nWird als einleitende Phase vor der weiteren Prozessarbeit verwendet.<\/p><\/div><\/div>\t\t<\/div>\n\t\t\t\t<\/div>\n\t\t\t\t<div class=\"elementor-element elementor-element-d084246 elementor-position-left elementor-vertical-align-middle elementor-widget elementor-widget-image-box\" data-id=\"d084246\" data-element_type=\"widget\" data-widget_type=\"image-box.default\">\n\t\t\t\t<div class=\"elementor-widget-container\">\n\t\t\t<div class=\"elementor-image-box-wrapper\"><figure class=\"elementor-image-box-img\"><a href=\"https:\/\/liposomalherb.com\/de\/produkt\/betulina-ekstrakt-liposomalny10-ml\/\" tabindex=\"-1\"><img decoding=\"async\" width=\"1000\" height=\"750\" src=\"https:\/\/liposomalherb.com\/wp-content\/uploads\/2025\/11\/Betulina-Swiatlo-Brzozy-30ml.jpg\" class=\"attachment-full size-full wp-image-8110\" alt=\"Betulina ekstrakt liposomalny \u2013 Green Hemp Poland\" srcset=\"https:\/\/liposomalherb.com\/wp-content\/uploads\/2025\/11\/Betulina-Swiatlo-Brzozy-30ml.jpg 1000w, https:\/\/liposomalherb.com\/wp-content\/uploads\/2025\/11\/Betulina-Swiatlo-Brzozy-30ml-300x225.jpg 300w, https:\/\/liposomalherb.com\/wp-content\/uploads\/2025\/11\/Betulina-Swiatlo-Brzozy-30ml-150x113.jpg 150w, https:\/\/liposomalherb.com\/wp-content\/uploads\/2025\/11\/Betulina-Swiatlo-Brzozy-30ml-768x576.jpg 768w, https:\/\/liposomalherb.com\/wp-content\/uploads\/2025\/11\/Betulina-Swiatlo-Brzozy-30ml-600x450.jpg 600w\" sizes=\"(max-width: 1000px) 100vw, 1000px\" \/><\/a><\/figure><div class=\"elementor-image-box-content\"><h3 class=\"elementor-image-box-title\"><a href=\"https:\/\/liposomalherb.com\/de\/produkt\/betulina-ekstrakt-liposomalny10-ml\/\">Betulin - Birke Hell<\/a><\/h3><p class=\"elementor-image-box-description\">Unterst\u00fctzt die Stabilisierung des inneren Milieus des K\u00f6rpers.\nHilft, die Anpassungsprozesse nach der Entschlackungsphase zu organisieren.<\/p><\/div><\/div>\t\t<\/div>\n\t\t\t\t<\/div>\n\t\t\t\t<div class=\"elementor-element elementor-element-6598d74 elementor-position-left elementor-vertical-align-middle elementor-widget elementor-widget-image-box\" data-id=\"6598d74\" data-element_type=\"widget\" data-widget_type=\"image-box.default\">\n\t\t\t\t<div class=\"elementor-widget-container\">\n\t\t\t<div class=\"elementor-image-box-wrapper\"><figure class=\"elementor-image-box-img\"><a href=\"https:\/\/liposomalherb.com\/de\/produkt\/mumio-shelight-liposomalny-ekstrakt-mineralno-organiczny-30ml\/\" tabindex=\"-1\"><img decoding=\"async\" width=\"1000\" height=\"853\" src=\"https:\/\/liposomalherb.com\/wp-content\/uploads\/2025\/12\/Mumio-30ml.jpg\" class=\"attachment-full size-full wp-image-9407\" alt=\"www.greenhemp.pl\" srcset=\"https:\/\/liposomalherb.com\/wp-content\/uploads\/2025\/12\/Mumio-30ml.jpg 1000w, https:\/\/liposomalherb.com\/wp-content\/uploads\/2025\/12\/Mumio-30ml-300x256.jpg 300w, https:\/\/liposomalherb.com\/wp-content\/uploads\/2025\/12\/Mumio-30ml-150x128.jpg 150w, https:\/\/liposomalherb.com\/wp-content\/uploads\/2025\/12\/Mumio-30ml-768x655.jpg 768w, https:\/\/liposomalherb.com\/wp-content\/uploads\/2025\/12\/Mumio-30ml-600x512.jpg 600w\" sizes=\"(max-width: 1000px) 100vw, 1000px\" \/><\/a><\/figure><div class=\"elementor-image-box-content\"><h3 class=\"elementor-image-box-title\"><a href=\"https:\/\/liposomalherb.com\/de\/produkt\/mumio-shelight-liposomalny-ekstrakt-mineralno-organiczny-30ml\/\">Mumio SheLight<\/a><\/h3><p class=\"elementor-image-box-description\">Unterst\u00fctzt regenerative und wiederherstellende Prozesse.\nProdukt f\u00fcr l\u00e4ngere, tiefere Prozessarbeit.<\/p><\/div><\/div>\t\t<\/div>\n\t\t\t\t<\/div>\n\t\t\t\t<div class=\"elementor-element elementor-element-b0ee404 elementor-position-left elementor-vertical-align-middle elementor-widget elementor-widget-image-box\" data-id=\"b0ee404\" data-element_type=\"widget\" data-widget_type=\"image-box.default\">\n\t\t\t\t<div class=\"elementor-widget-container\">\n\t\t\t<div class=\"elementor-image-box-wrapper\"><figure class=\"elementor-image-box-img\"><a href=\"https:\/\/liposomalherb.com\/de\/produkt\/liposomal-neuro-herb-30-ml\/\" tabindex=\"-1\"><img loading=\"lazy\" decoding=\"async\" width=\"1000\" height=\"750\" src=\"https:\/\/liposomalherb.com\/wp-content\/uploads\/2025\/11\/Neuro-Herb-30ml.jpg\" class=\"attachment-full size-full wp-image-8130\" alt=\"Liposomal Neuro Herb \u2013 suplement dla m\u00f3zgu i uk\u0142adu nerwowego\" srcset=\"https:\/\/liposomalherb.com\/wp-content\/uploads\/2025\/11\/Neuro-Herb-30ml.jpg 1000w, https:\/\/liposomalherb.com\/wp-content\/uploads\/2025\/11\/Neuro-Herb-30ml-300x225.jpg 300w, https:\/\/liposomalherb.com\/wp-content\/uploads\/2025\/11\/Neuro-Herb-30ml-150x113.jpg 150w, https:\/\/liposomalherb.com\/wp-content\/uploads\/2025\/11\/Neuro-Herb-30ml-768x576.jpg 768w, https:\/\/liposomalherb.com\/wp-content\/uploads\/2025\/11\/Neuro-Herb-30ml-600x450.jpg 600w\" sizes=\"(max-width: 1000px) 100vw, 1000px\" \/><\/a><\/figure><div class=\"elementor-image-box-content\"><h3 class=\"elementor-image-box-title\"><a href=\"https:\/\/liposomalherb.com\/de\/produkt\/liposomal-neuro-herb-30-ml\/\">NeuroHerb<\/a><\/h3><p class=\"elementor-image-box-description\">Unterst\u00fctzt die Regulierung des Nervensystems und die Anpassung des K\u00f6rpers an kognitive und stressbedingte Belastungen.\nWird bei der funktionellen Balancearbeit eingesetzt.<\/p><\/div><\/div>\t\t<\/div>\n\t\t\t\t<\/div>\n\t\t\t\t<div class=\"elementor-element elementor-element-4a2c356 elementor-widget elementor-widget-text-editor\" data-id=\"4a2c356\" data-element_type=\"widget\" data-widget_type=\"text-editor.default\">\n\t\t\t\t<div class=\"elementor-widget-container\">\n\t\t\t\t\t\t\t<p>Die Liste ist indikativ - die Produkte werden je nach Phase und individueller Arbeit nach Prozess ausgew\u00e4hlt und kombiniert<\/p>\t\t\t\t\t\t<\/div>\n\t\t\t\t<\/div>\n\t\t\t\t\t<\/div>\n\t\t\t\t<\/div>\n\t\t<div class=\"elementor-element elementor-element-ebceedb e-flex e-con-boxed e-con e-parent\" data-id=\"ebceedb\" data-element_type=\"container\">\n\t\t\t\t\t<div class=\"e-con-inner\">\n\t\t<div class=\"elementor-element elementor-element-07b122c e-con-full e-flex e-con e-child\" data-id=\"07b122c\" data-element_type=\"container\" data-settings=\"{&quot;background_background&quot;:&quot;classic&quot;}\">\n\t\t<div class=\"elementor-element elementor-element-f32887a e-con-full e-flex e-con e-child\" data-id=\"f32887a\" data-element_type=\"container\">\n\t\t\t\t<div class=\"elementor-element elementor-element-c2478e5 elementor-widget elementor-widget-heading\" data-id=\"c2478e5\" data-element_type=\"widget\" data-widget_type=\"heading.default\">\n\t\t\t\t<div class=\"elementor-widget-container\">\n\t\t\t<h2 class=\"elementor-heading-title elementor-size-default\">WIE MAN EINE ZUSAMMENARBEIT BEGINNT<\/h2>\t\t<\/div>\n\t\t\t\t<\/div>\n\t\t\t\t<div class=\"elementor-element elementor-element-e7a0676 elementor-widget__width-initial elementor-widget elementor-widget-text-editor\" data-id=\"e7a0676\" data-element_type=\"widget\" data-widget_type=\"text-editor.default\">\n\t\t\t\t<div class=\"elementor-widget-container\">\n\t\t\t\t\t\t\t<p data-path-to-node=\"72\">Wenn Sie eine Klinik oder eine diagnostische Einrichtung betreiben<br>oder individuell mit Kunden arbeiten und Ihnen dieses Modell der Zusammenarbeit am Herzen liegt, dann nehmen Sie Kontakt mit uns auf.<\/p>\t\t\t\t\t\t<\/div>\n\t\t\t\t<\/div>\n\t\t\t\t<\/div>\n\t\t<div class=\"elementor-element elementor-element-22222b0 e-con-full e-flex e-con e-child\" data-id=\"22222b0\" data-element_type=\"container\" data-settings=\"{&quot;background_background&quot;:&quot;classic&quot;}\">\n\t\t\t\t<div class=\"elementor-element elementor-element-b90b601 elementor-align-justify elementor-widget elementor-widget-button\" data-id=\"b90b601\" data-element_type=\"widget\" data-widget_type=\"button.default\">\n\t\t\t\t<div class=\"elementor-widget-container\">\n\t\t\t\t\t<div class=\"elementor-button-wrapper\">\n\t\t\t<a class=\"elementor-button elementor-button-link elementor-size-sm\" href=\"https:\/\/liposomalherb.com\/de\/partner-werden\/\">\n\t\t\t\t\t\t<span class=\"elementor-button-content-wrapper\">\n\t\t\t\t\t\t\t\t\t<span class=\"elementor-button-text\">Nehmen Sie am Partnerprogramm teil<\/span>\n\t\t\t\t\t<\/span>\n\t\t\t\t\t<\/a>\n\t\t<\/div>\n\t\t\t\t<\/div>\n\t\t\t\t<\/div>\n\t\t\t\t<\/div>\n\t\t\t\t<\/div>\n\t\t\t\t\t<\/div>\n\t\t\t\t<\/div>\n\t\t\t\t<\/div>\n\t\t","protected":false},"excerpt":{"rendered":"<p>Zusammenarbeit mit Kliniken und diagnostischen Einrichtungen Die Zusammenarbeit mit Ambulanzen und diagnostischen Einrichtungen basiert auf einem verantwortungsvollen, komplement\u00e4ren Ansatz in der Arbeit mit Patienten. Das Kooperationsmodell basiert auf Transparenz, Verantwortlichkeit und einem ruhigen, langfristigen Ansatz. Unsere Produkte sind kein Ersatz f\u00fcr eine medizinische Behandlung, Diagnose oder Empfehlung. Stattdessen k\u00f6nnen sie Teil einer nicht-diagnostischen und regenerativen [&hellip;]<\/p>\n","protected":false},"author":357,"featured_media":0,"parent":0,"menu_order":0,"comment_status":"closed","ping_status":"closed","template":"elementor_header_footer","meta":{"_acf_changed":false,"rank_math_lock_modified_date":false,"footnotes":""},"class_list":["post-10086","page","type-page","status-publish","hentry"],"acf":[],"_links":{"self":[{"href":"https:\/\/liposomalherb.com\/de\/wp-json\/wp\/v2\/pages\/10086"}],"collection":[{"href":"https:\/\/liposomalherb.com\/de\/wp-json\/wp\/v2\/pages"}],"about":[{"href":"https:\/\/liposomalherb.com\/de\/wp-json\/wp\/v2\/types\/page"}],"author":[{"embeddable":true,"href":"https:\/\/liposomalherb.com\/de\/wp-json\/wp\/v2\/users\/357"}],"replies":[{"embeddable":true,"href":"https:\/\/liposomalherb.com\/de\/wp-json\/wp\/v2\/comments?post=10086"}],"version-history":[{"count":0,"href":"https:\/\/liposomalherb.com\/de\/wp-json\/wp\/v2\/pages\/10086\/revisions"}],"wp:attachment":[{"href":"https:\/\/liposomalherb.com\/de\/wp-json\/wp\/v2\/media?parent=10086"}],"curies":[{"name":"wp","href":"https:\/\/api.w.org\/{rel}","templated":true}]}}