{"id":10094,"date":"2025-10-13T17:08:09","date_gmt":"2025-10-13T15:08:09","guid":{"rendered":"https:\/\/liposomalherb.com\/regulamin-programu-partnerskiego\/"},"modified":"2026-02-16T15:33:01","modified_gmt":"2026-02-16T14:33:01","slug":"regulamin-programu-partnerskiego","status":"publish","type":"page","link":"https:\/\/liposomalherb.com\/de\/regulamin-programu-partnerskiego\/","title":{"rendered":"Regelungen zum Partnerprogramm"},"content":{"rendered":"\t\t<div data-elementor-type=\"wp-page\" data-elementor-id=\"10094\" class=\"elementor elementor-10094 elementor-7960\" data-elementor-post-type=\"page\">\n\t\t\t\t\t\t<section class=\"elementor-section elementor-top-section elementor-element elementor-element-085ea31 elementor-section-boxed elementor-section-height-default elementor-section-height-default\" data-id=\"085ea31\" data-element_type=\"section\">\n\t\t\t\t\t\t<div class=\"elementor-container elementor-column-gap-default\">\n\t\t\t\t\t<div class=\"elementor-column elementor-col-100 elementor-top-column elementor-element elementor-element-dcc2cdf\" data-id=\"dcc2cdf\" data-element_type=\"column\">\n\t\t\t<div class=\"elementor-widget-wrap elementor-element-populated\">\n\t\t\t\t\t\t<div class=\"elementor-element elementor-element-42d576a elementor-widget elementor-widget-heading\" data-id=\"42d576a\" data-element_type=\"widget\" data-widget_type=\"heading.default\">\n\t\t\t\t<div class=\"elementor-widget-container\">\n\t\t\t<h1 class=\"elementor-heading-title elementor-size-default\">ALLGEMEINE GESCH\u00c4FTSBEDINGUNGEN DES LIPOSOMALHERB.COM PARTNERPROGRAMMS<\/h1>\t\t<\/div>\n\t\t\t\t<\/div>\n\t\t\t\t<div class=\"elementor-element elementor-element-94c9f70 elementor-widget elementor-widget-text-editor\" data-id=\"94c9f70\" data-element_type=\"widget\" data-widget_type=\"text-editor.default\">\n\t\t\t\t<div class=\"elementor-widget-container\">\n\t\t\t\t\t\t\t<p data-start=\"591\" data-end=\"612\"><strong data-start=\"591\" data-end=\"612\">LiposomalHerb.com<\/strong><\/p><p data-start=\"614\" data-end=\"767\">Organisator:<br data-start=\"626\" data-end=\"629\"><strong data-start=\"629\" data-end=\"661\">Gr\u00fcner Hanf Poland sp. z o.o. <\/strong><br data-start=\"661\" data-end=\"664\">ul. Marsza\u0142kowska 78\/80<br data-start=\"687\" data-end=\"690\">00-517 Warschau, Polen<br data-start=\"713\" data-end=\"716\">NIP: 769-223-23-67<br data-start=\"734\" data-end=\"737\">e-mail: <a class=\"decorated-link cursor-pointer\" rel=\"noopener\" data-start=\"745\" data-end=\"765\">kontakt@greenhemp.pl<\/a> <\/p><h2 data-start=\"774\" data-end=\"801\"><span style=\"font-size: 14pt;\">\u00a71. Allgemeine Bestimmungen<\/span><\/h2><ol data-start=\"803\" data-end=\"1328\"><li data-start=\"803\" data-end=\"985\"><p data-start=\"806\" data-end=\"985\">Diese Allgemeinen Gesch\u00e4ftsbedingungen enthalten die Regeln f\u00fcr die Teilnahme an dem von Green Hemp Poland sp. z o.o. unter dem Markennamen LiposomalHerb.com betriebenen Partnerprogramm (im Folgenden: &#8222;Partnerprogramm&#8220;). <\/p><\/li><li data-start=\"986\" data-end=\"1096\"><p data-start=\"989\" data-end=\"1096\">Das Partnerprogramm ist selektiver Natur. Die Teilnahme erfordert eine vorherige Genehmigung durch den Veranstalter. <\/p><\/li><li data-start=\"1097\" data-end=\"1190\"><p data-start=\"1100\" data-end=\"1190\">Der Organisator beh\u00e4lt sich das Recht vor, die Zusammenarbeit ohne Angabe von Gr\u00fcnden abzulehnen.<\/p><\/li><li data-start=\"1191\" data-end=\"1265\"><p data-start=\"1194\" data-end=\"1265\">Das Partnerprogramm ist kein offenes Partnersystem.<\/p><\/li><li data-start=\"1266\" data-end=\"1328\"><p data-start=\"1269\" data-end=\"1328\">Die Teilnahme am Partnerprogramm ist freiwillig und kostenlos.<\/p><\/li><\/ol><h2 data-start=\"1335\" data-end=\"1351\"><span style=\"font-size: 14pt;\">\u00a72. Definitionen<\/span><\/h2><ol data-start=\"1353\" data-end=\"1891\"><li data-start=\"1353\" data-end=\"1400\"><p data-start=\"1356\" data-end=\"1400\">Veranstalter - Gr\u00fcner Hanf Poland sp. z o.o. <\/p><\/li><li data-start=\"1401\" data-end=\"1471\"><p data-start=\"1404\" data-end=\"1471\">Partner - die Einrichtung, die am Partnerprogramm teilnehmen darf.<\/p><\/li><li data-start=\"1472\" data-end=\"1572\"><p data-start=\"1475\" data-end=\"1572\">Qualifizierte Verk\u00e4ufe - Verk\u00e4ufe, die vom Kunden bezahlt und nicht innerhalb der gesetzlichen Frist zur\u00fcckgegeben wurden.<\/p><\/li><li data-start=\"1573\" data-end=\"1697\"><p data-start=\"1576\" data-end=\"1697\">Partnerumsatz - der gesamte Bruttowert der dem Partner zurechenbaren berechtigten Verk\u00e4ufe in einem bestimmten Kalendermonat.<\/p><\/li><li data-start=\"1698\" data-end=\"1781\"><p data-start=\"1701\" data-end=\"1781\">Provision - die Verg\u00fctung, die an den Partner f\u00fcr qualifizierte Verk\u00e4ufe zu zahlen ist.<\/p><\/li><li data-start=\"1782\" data-end=\"1891\"><p data-start=\"1785\" data-end=\"1891\">Zugeordneter Kunde - ein Kunde, der seinen ersten Kauf \u00fcber einen Affiliate-Code oder Affiliate-Link eines Partners get\u00e4tigt hat.<\/p><\/li><\/ol><h2 data-start=\"1898\" data-end=\"1925\"><span style=\"font-size: 14pt;\">\u00a73 Bedingungen f\u00fcr die Teilnahme <\/span><\/h2><ol data-start=\"1927\" data-end=\"2587\"><li data-start=\"1927\" data-end=\"2099\"><p data-start=\"1930\" data-end=\"2099\">Ein Partner kann werden:<br data-start=\"1952\" data-end=\"1955\">a) eine nat\u00fcrliche Person mit voller Gesch\u00e4ftsf\u00e4higkeit,<br data-start=\"2025\" data-end=\"2028\">b) eine Person, die ein Unternehmen betreibt,<br data-start=\"2075\" data-end=\"2078\">c) eine juristische Person.<\/p><\/li><li data-start=\"2101\" data-end=\"2207\"><p data-start=\"2104\" data-end=\"2207\">Die Teilnahme am Programm setzt die Annahme der Allgemeinen Gesch\u00e4ftsbedingungen und die Zustimmung des Veranstalters voraus.<\/p><\/li><li data-start=\"2209\" data-end=\"2482\"><p data-start=\"2212\" data-end=\"2482\">Der Partner verpflichtet sich:<br data-start=\"2239\" data-end=\"2242\">a) f\u00fcr die Produkte in \u00dcbereinstimmung mit geltendem Recht zu werben,<br data-start=\"2300\" data-end=\"2303\">b) keine medizinischen oder therapeutischen Behauptungen aufzustellen,<br data-start=\"2364\" data-end=\"2367\">c) die Kunden nicht in die Irre zu f\u00fchren,<br data-start=\"2405\" data-end=\"2408\">d) in \u00dcbereinstimmung mit den vom Veranstalter bereitgestellten Materialien zu handeln.<\/p><\/li><li data-start=\"2484\" data-end=\"2587\"><p data-start=\"2487\" data-end=\"2587\">Der Partner ist nicht berechtigt, den Veranstalter zu vertreten oder in dessen Namen aufzutreten.<\/p><\/li><\/ol><h2 data-start=\"2594\" data-end=\"2627\"><span style=\"font-size: 14pt;\">\u00a74 Regeln f\u00fcr die Berechnung <\/span> <span style=\"font-size: 14pt;\">Kommission<\/span><\/h2><ol data-start=\"2629\" data-end=\"3465\"><li data-start=\"2629\" data-end=\"2702\"><p data-start=\"2632\" data-end=\"2702\">Die Provision wird auf den Bruttowert der qualifizierten Verk\u00e4ufe berechnet.<\/p><\/li><li data-start=\"2703\" data-end=\"2773\"><p data-start=\"2706\" data-end=\"2773\">Jeder neue Partner beginnt mit einem Provisionsniveau von 20%.<\/p><\/li><li data-start=\"2774\" data-end=\"2902\"><p data-start=\"2777\" data-end=\"2902\">Die Provisionsh\u00f6he f\u00fcr einen Kalendermonat wird auf der Grundlage des im Vormonat erzielten Umsatzes des Partners festgelegt.<\/p><\/li><li data-start=\"2903\" data-end=\"3052\"><p data-start=\"2906\" data-end=\"2935\">Die Provisionsstufen sind:<\/p><ul data-start=\"2939\" data-end=\"3052\"><li data-start=\"2939\" data-end=\"2968\"><p data-start=\"2941\" data-end=\"2968\">bis zu 10 000 PLN brutto - 20%<\/p><\/li><li data-start=\"2972\" data-end=\"3014\"><p data-start=\"2974\" data-end=\"3014\">von PLN 10 000 bis PLN 20 000 brutto - 25%.<\/p><\/li><li data-start=\"3018\" data-end=\"3052\"><p data-start=\"3020\" data-end=\"3052\">mehr als 20 000 PLN brutto - 30%<\/p><\/li><\/ul><\/li><li data-start=\"3054\" data-end=\"3135\"><p data-start=\"3057\" data-end=\"3135\">Die vereinbarte Provisionsh\u00f6he gilt f\u00fcr den gesamten folgenden Kalendermonat.<\/p><\/li><li data-start=\"3136\" data-end=\"3253\"><p data-start=\"3139\" data-end=\"3253\">Jeder Monat wird separat verbucht. Eine Kumulierung oder \u00dcbertragung des Umsatzes auf nachfolgende Monate findet nicht statt. <\/p><\/li><li data-start=\"3254\" data-end=\"3346\"><p data-start=\"3257\" data-end=\"3346\">Wenn ein Auftrag zur\u00fcckgegeben oder storniert wird, wird die Provision entsprechend reduziert.<\/p><\/li><li data-start=\"3347\" data-end=\"3465\"><p data-start=\"3350\" data-end=\"3465\">Der Veranstalter kann mit den ausgew\u00e4hlten Partnern gesonderte, individuelle Provisionsbedingungen in Form von separaten Vereinbarungen treffen.<\/p><\/li><\/ol><h2 data-start=\"3472\" data-end=\"3521\"><span style=\"font-size: 14pt;\">\u00a75 Gro\u00dfhandel und Einzelbestellungen <\/span><\/h2><ol data-start=\"3523\" data-end=\"3898\"><li data-start=\"3523\" data-end=\"3643\"><p data-start=\"3526\" data-end=\"3643\">Die in \u00a74 dargelegten Provisionsregeln gelten f\u00fcr Einzelhandelsverk\u00e4ufe, die \u00fcber das Affiliate-System get\u00e4tigt werden.<\/p><\/li><li data-start=\"3644\" data-end=\"3808\"><p data-start=\"3647\" data-end=\"3808\">Im Falle von Gro\u00dfbestellungen, Auftr\u00e4gen oder Einzelpreisen wird die H\u00f6he der Provision vom Veranstalter gesondert festgelegt.<\/p><\/li><li data-start=\"3809\" data-end=\"3898\"><p data-start=\"3812\" data-end=\"3898\">F\u00fcr die in Absatz 2 genannten Vertr\u00e4ge gilt die automatische Schwellenwertregelung nicht. <\/p><\/li><\/ol><h2 data-start=\"3905\" data-end=\"3932\"><span style=\"font-size: 14pt;\">\u00a76 Zuweisung von Kunden <\/span><\/h2><ol data-start=\"3934\" data-end=\"4433\"><li data-start=\"3934\" data-end=\"4047\"><p data-start=\"3937\" data-end=\"4047\">Ein Kunde, der seinen ersten Kauf \u00fcber einen Affiliate-Code oder Affiliate-Link t\u00e4tigt, wird einem Affiliate zugewiesen.<\/p><\/li><li data-start=\"4048\" data-end=\"4165\"><p data-start=\"4051\" data-end=\"4165\">Die Abtretung ist unbefristet f\u00fcr die Dauer des Partnerprogramms und der Partnerschaft mit dem jeweiligen Partner.<\/p><\/li><li data-start=\"4166\" data-end=\"4267\"><p data-start=\"4169\" data-end=\"4267\">Die Provision wird f\u00fcr jeden qualifizierten Verkauf berechnet, der von dem zugewiesenen Kunden get\u00e4tigt wird.<\/p><\/li><li data-start=\"4268\" data-end=\"4433\"><p data-start=\"4271\" data-end=\"4433\">Im Falle einer Beendigung der Zusammenarbeit erlischt die Zuordnung der Kunden am Tag der Beendigung und es wird keine Provision f\u00fcr Verk\u00e4ufe berechnet, die nach diesem Zeitpunkt get\u00e4tigt werden.<\/p><\/li><\/ol><h2 data-start=\"4440\" data-end=\"4483\"><span style=\"font-size: 14pt;\">\u00a77 Genehmigung und Freigabe <\/span> <span style=\"font-size: 14pt;\">Kommission<\/span><\/h2><ol data-start=\"4485\" data-end=\"4725\"><li data-start=\"4485\" data-end=\"4573\"><p data-start=\"4488\" data-end=\"4573\">Die Provisionen werden monatlich nach dem Ende des Kalendermonats abgerechnet.<\/p><\/li><li data-start=\"4574\" data-end=\"4659\"><p data-start=\"4577\" data-end=\"4659\">Nach \u00dcberpr\u00fcfung der qualifizierten Verk\u00e4ufe genehmigt der Veranstalter die f\u00e4llige Provision.<\/p><\/li><li data-start=\"4660\" data-end=\"4725\"><p data-start=\"4663\" data-end=\"4725\">Erst nachdem die Provision genehmigt wurde, entsteht die Forderung des Partners.<\/p><\/li><\/ol><h2 data-start=\"4732\" data-end=\"4770\"><span style=\"font-size: 14pt;\">\u00a78 Zahlungen und Steuerabrechnungen <\/span><\/h2><ol data-start=\"4772\" data-end=\"4920\"><li data-start=\"4772\" data-end=\"4871\"><p data-start=\"4775\" data-end=\"4871\">Die Provisionszahlungen erfolgen bis zum 15. des auf den Abrechnungsmonat folgenden Monats. <\/p><\/li><li data-start=\"4872\" data-end=\"4920\"><p data-start=\"4875\" data-end=\"4920\">Die Mindestauszahlung betr\u00e4gt \u00a3200 brutto.<\/p><\/li><\/ol><h3 data-start=\"4922\" data-end=\"4977\"><span style=\"font-size: 14pt;\">A. Gesch\u00e4ftspartner (B2B)<\/span><\/h3><ol data-start=\"4979\" data-end=\"5194\"><li data-start=\"4979\" data-end=\"5051\"><p data-start=\"4982\" data-end=\"5051\">Der Partner stellt dem Veranstalter den Betrag der f\u00e4lligen Provision in Rechnung.<\/p><\/li><li data-start=\"5052\" data-end=\"5116\"><p data-start=\"5055\" data-end=\"5116\">Der Veranstalter wird die Zahlung brutto auf der Grundlage einer Rechnung vornehmen.<\/p><\/li><li data-start=\"5117\" data-end=\"5194\"><p data-start=\"5120\" data-end=\"5194\">Der Partner ist selbst\u00e4ndig f\u00fcr seine Steuer- und Beitragskonten verantwortlich.<\/p><\/li><\/ol><h3 data-start=\"5196\" data-end=\"5250\"><span style=\"font-size: 14pt;\">B. Nicht-Gesch\u00e4ftspartner<\/span><\/h3><ol data-start=\"5252\" data-end=\"5604\"><li data-start=\"5252\" data-end=\"5307\"><p data-start=\"5255\" data-end=\"5307\">Die Provision wird als Bruttoverg\u00fctung gezahlt.<\/p><\/li><li data-start=\"5308\" data-end=\"5421\"><p data-start=\"5311\" data-end=\"5421\">Der Veranstalter zieht 12% Einkommenssteuervorauszahlung (PIT) ab und f\u00fchrt sie an das zust\u00e4ndige Finanzamt ab.<\/p><\/li><li data-start=\"5422\" data-end=\"5497\"><p data-start=\"5425\" data-end=\"5497\">Der Partner erh\u00e4lt eine \u00dcberweisung in H\u00f6he des Betrags abz\u00fcglich des abgezogenen Vorschusses.<\/p><\/li><li data-start=\"5498\" data-end=\"5604\"><p data-start=\"5501\" data-end=\"5604\">Der Veranstalter stellt dem Partner bis Ende Februar des Jahres, das auf das Steuerjahr folgt, ein PIT-11-Formular aus.<\/p><\/li><\/ol><h2 data-start=\"5611\" data-end=\"5636\"><span style=\"font-size: 14pt;\">\u00a79 Verbotene Aktivit\u00e4ten <\/span><\/h2><ol data-start=\"5638\" data-end=\"6060\"><li data-start=\"5638\" data-end=\"5926\"><p data-start=\"5641\" data-end=\"5926\">Dem Partner ist es untersagt:<br data-start=\"5665\" data-end=\"5668\">a) K\u00e4ufe \u00fcber seinen eigenen Link zu t\u00e4tigen, um Provisionen zu erhalten,<br data-start=\"5737\" data-end=\"5740\">b) Spam oder irref\u00fchrende Aktivit\u00e4ten durchzuf\u00fchren,<br data-start=\"5803\" data-end=\"5806\">c) unzul\u00e4ssige Aussagen \u00fcber die Eigenschaften der Produkte zu machen,<br data-start=\"5882\" data-end=\"5885\">d) den guten Namen der Marke zu verletzen.<\/p><\/li><li data-start=\"5928\" data-end=\"6060\"><p data-start=\"5931\" data-end=\"6060\">Ein Versto\u00df gegen die oben genannten Regeln kann zur Einbehaltung von Provisionen oder zur Beendigung der Zusammenarbeit mit sofortiger Wirkung f\u00fchren.<\/p><\/li><\/ol><h2 data-start=\"6067\" data-end=\"6097\"><span style=\"font-size: 14pt;\">\u00a710 Beendigung der Zusammenarbeit <\/span><\/h2><ol data-start=\"6099\" data-end=\"6482\"><li data-start=\"6099\" data-end=\"6192\"><p data-start=\"6102\" data-end=\"6192\">Jede Partei kann die Zusammenarbeit unter Einhaltung einer Frist von 14 Tagen k\u00fcndigen.<\/p><\/li><li data-start=\"6193\" data-end=\"6308\"><p data-start=\"6196\" data-end=\"6308\">Im Falle eines schweren Versto\u00dfes gegen die Regeln kann der Veranstalter die Zusammenarbeit mit sofortiger Wirkung beenden.<\/p><\/li><li data-start=\"6309\" data-end=\"6396\"><p data-start=\"6312\" data-end=\"6396\">Bei K\u00fcndigung werden die bis zum Datum der K\u00fcndigung aufgelaufenen Provisionen ausgezahlt.<\/p><\/li><li data-start=\"6397\" data-end=\"6482\"><p data-start=\"6400\" data-end=\"6482\">Nach dem Datum der K\u00fcndigung werden keine Provisionen f\u00fcr Folgeverk\u00e4ufe berechnet.<\/p><\/li><\/ol><h2 data-start=\"6489\" data-end=\"6531\"><span style=\"font-size: 14pt;\">\u00a711 Beendigung des Partnerprogramms <\/span><\/h2><ol data-start=\"6533\" data-end=\"6739\"><li data-start=\"6533\" data-end=\"6640\"><p data-start=\"6536\" data-end=\"6640\">Der Veranstalter beh\u00e4lt sich das Recht vor, das Partnerprogramm in seiner Gesamtheit jederzeit zu beenden.<\/p><\/li><li data-start=\"6641\" data-end=\"6739\"><p data-start=\"6644\" data-end=\"6739\">Im Falle einer Beendigung des Programms werden die bis zum Datum der Beendigung aufgelaufenen Provisionen gezahlt.<\/p><\/li><\/ol><h2 data-start=\"6746\" data-end=\"6766\"><span style=\"font-size: 14pt;\">\u00a712 Pers\u00f6nliche Daten <\/span><\/h2><ol data-start=\"6768\" data-end=\"7008\"><li data-start=\"6768\" data-end=\"6849\"><p data-start=\"6771\" data-end=\"6849\">Der Verwalter der pers\u00f6nlichen Daten der Partner ist Green Hemp Poland sp. z o.o. <\/p><\/li><li data-start=\"6850\" data-end=\"6944\"><p data-start=\"6853\" data-end=\"6944\">Die Daten werden f\u00fcr die Zwecke des Partnerprogramms und der finanziellen Abrechnung verarbeitet.<\/p><\/li><li data-start=\"6945\" data-end=\"7008\"><p data-start=\"6948\" data-end=\"7008\">Der Partner hat das Recht auf Zugang und Korrektur seiner Daten.<\/p><\/li><\/ol><h2 data-start=\"7015\" data-end=\"7044\"><span style=\"font-size: 14pt;\">\u00a713. Schlussbestimmungen<\/span><\/h2><ol data-start=\"7046\" data-end=\"7370\"><li data-start=\"7046\" data-end=\"7145\"><p data-start=\"7049\" data-end=\"7145\">In Angelegenheiten, die nicht durch diese Regeln abgedeckt sind, gelten die Bestimmungen des polnischen Rechts.<\/p><\/li><li data-start=\"7146\" data-end=\"7206\"><p data-start=\"7149\" data-end=\"7206\">Der Organisator beh\u00e4lt sich das Recht vor, die Regeln zu \u00e4ndern.<\/p><\/li><li data-start=\"7207\" data-end=\"7293\"><p data-start=\"7210\" data-end=\"7293\">Die aktuelle Version der Regeln ist auf der Website des Veranstalters ver\u00f6ffentlicht.<\/p><\/li><li data-start=\"7294\" data-end=\"7370\"><p data-start=\"7297\" data-end=\"7370\">Die Teilnahme am Partnerprogramm setzt die Annahme dieser Allgemeinen Gesch\u00e4ftsbedingungen voraus.<\/p><\/li><\/ol>\t\t\t\t\t\t<\/div>\n\t\t\t\t<\/div>\n\t\t\t\t\t<\/div>\n\t\t<\/div>\n\t\t\t\t\t<\/div>\n\t\t<\/section>\n\t\t\t\t<\/div>\n\t\t","protected":false},"excerpt":{"rendered":"<p>ALLGEMEINE GESCH\u00c4FTSBEDINGUNGEN DES LIPOSOMALHERB.COM PARTNERPROGRAMMS LiposomalHerb.com Organisator:Gr\u00fcner Hanf Poland sp. z o.o. ul. Marsza\u0142kowska 78\/8000-517 Warschau, PolenNIP: 769-223-23-67e-mail: kontakt@greenhemp.pl \u00a71. Allgemeine Bestimmungen Diese Allgemeinen Gesch\u00e4ftsbedingungen enthalten die Regeln f\u00fcr die Teilnahme an dem von Green Hemp Poland sp. z o.o. unter dem Markennamen LiposomalHerb.com betriebenen Partnerprogramm (im Folgenden: &#8222;Partnerprogramm&#8220;). Das Partnerprogramm ist selektiver Natur. Die [&hellip;]<\/p>\n","protected":false},"author":357,"featured_media":0,"parent":0,"menu_order":0,"comment_status":"closed","ping_status":"closed","template":"elementor_header_footer","meta":{"_acf_changed":false,"rank_math_lock_modified_date":false,"footnotes":""},"class_list":["post-10094","page","type-page","status-publish","hentry"],"acf":[],"_links":{"self":[{"href":"https:\/\/liposomalherb.com\/de\/wp-json\/wp\/v2\/pages\/10094"}],"collection":[{"href":"https:\/\/liposomalherb.com\/de\/wp-json\/wp\/v2\/pages"}],"about":[{"href":"https:\/\/liposomalherb.com\/de\/wp-json\/wp\/v2\/types\/page"}],"author":[{"embeddable":true,"href":"https:\/\/liposomalherb.com\/de\/wp-json\/wp\/v2\/users\/357"}],"replies":[{"embeddable":true,"href":"https:\/\/liposomalherb.com\/de\/wp-json\/wp\/v2\/comments?post=10094"}],"version-history":[{"count":0,"href":"https:\/\/liposomalherb.com\/de\/wp-json\/wp\/v2\/pages\/10094\/revisions"}],"wp:attachment":[{"href":"https:\/\/liposomalherb.com\/de\/wp-json\/wp\/v2\/media?parent=10094"}],"curies":[{"name":"wp","href":"https:\/\/api.w.org\/{rel}","templated":true}]}}