{"id":1937,"date":"2019-08-05T11:01:05","date_gmt":"2019-08-05T09:01:05","guid":{"rendered":"https:\/\/liposomalherb.com\/ueber-uns\/"},"modified":"2026-03-11T10:38:31","modified_gmt":"2026-03-11T09:38:31","slug":"o-nas-green-hemp-poland","status":"publish","type":"page","link":"https:\/\/liposomalherb.com\/de\/o-nas-green-hemp-poland\/","title":{"rendered":"\u00dcber uns"},"content":{"rendered":"\t\t<div data-elementor-type=\"wp-post\" data-elementor-id=\"1937\" class=\"elementor elementor-1937 elementor-449\" data-elementor-post-type=\"page\">\n\t\t\t\t\t\t<section class=\"elementor-section elementor-top-section elementor-element elementor-element-c769af6 elementor-section-height-min-height elementor-section-boxed elementor-section-height-default elementor-section-items-middle\" data-id=\"c769af6\" data-element_type=\"section\" data-settings=\"{&quot;background_background&quot;:&quot;slideshow&quot;,&quot;background_slideshow_gallery&quot;:[{&quot;id&quot;:824,&quot;url&quot;:&quot;https:\\\/\\\/liposomalherb.com\\\/wp-content\\\/uploads\\\/2019\\\/11\\\/20190822_150935_optimized-scaled.jpg&quot;}],&quot;background_slideshow_transition_duration&quot;:1900,&quot;background_slideshow_slide_duration&quot;:5000,&quot;background_slideshow_slide_transition&quot;:&quot;fade&quot;}\">\n\t\t\t\t\t\t<div class=\"elementor-container elementor-column-gap-default\">\n\t\t\t\t\t<div class=\"elementor-column elementor-col-100 elementor-top-column elementor-element elementor-element-574cadb\" data-id=\"574cadb\" data-element_type=\"column\">\n\t\t\t<div class=\"elementor-widget-wrap elementor-element-populated\">\n\t\t\t\t\t\t<div class=\"elementor-element elementor-element-ee7cff6 elementor-widget elementor-widget-heading\" data-id=\"ee7cff6\" data-element_type=\"widget\" data-widget_type=\"heading.default\">\n\t\t\t\t<div class=\"elementor-widget-container\">\n\t\t\t<h2 class=\"elementor-heading-title elementor-size-default\"><div style=\"padding-top: 180px;padding-left: 30px\">\n<br><br>\n<font style=\"color:#0ca361\">100%<\/font> <font style=\"color:white\">Labor getestet<\/font><br>\n\n\n<\/div><\/h2>\t\t<\/div>\n\t\t\t\t<\/div>\n\t\t\t\t\t<\/div>\n\t\t<\/div>\n\t\t\t\t\t<\/div>\n\t\t<\/section>\n\t\t<div class=\"elementor-element elementor-element-2ef0ff0 e-flex e-con-boxed e-con e-parent\" data-id=\"2ef0ff0\" data-element_type=\"container\">\n\t\t\t\t\t<div class=\"e-con-inner\">\n\t\t\t\t<div class=\"elementor-element elementor-element-12d8af0 elementor-widget elementor-widget-text-editor\" data-id=\"12d8af0\" data-element_type=\"widget\" data-widget_type=\"text-editor.default\">\n\t\t\t\t<div class=\"elementor-widget-container\">\n\t\t\t\t\t\t\t<p><em><span style=\"font-size: 10pt;\">Hochmoderne Analyseger\u00e4te f\u00fcr die Qualit\u00e4tskontrolle von Rohstoffen und Pflanzenextrakten.<\/span><\/em><\/p>\t\t\t\t\t\t<\/div>\n\t\t\t\t<\/div>\n\t\t\t\t\t<\/div>\n\t\t\t\t<\/div>\n\t\t\t\t<section class=\"elementor-section elementor-top-section elementor-element elementor-element-e10b3df elementor-section-content-middle elementor-section-boxed elementor-section-height-default elementor-section-height-default\" data-id=\"e10b3df\" data-element_type=\"section\">\n\t\t\t\t\t\t<div class=\"elementor-container elementor-column-gap-default\">\n\t\t\t\t\t<div class=\"elementor-column elementor-col-50 elementor-top-column elementor-element elementor-element-805dac8\" data-id=\"805dac8\" data-element_type=\"column\">\n\t\t\t<div class=\"elementor-widget-wrap elementor-element-populated\">\n\t\t\t\t\t\t<div class=\"elementor-element elementor-element-2b22de9 elementor-widget elementor-widget-heading\" data-id=\"2b22de9\" data-element_type=\"widget\" data-widget_type=\"heading.default\">\n\t\t\t\t<div class=\"elementor-widget-container\">\n\t\t\t<h1 class=\"elementor-heading-title elementor-size-default\">\u00dcber uns<\/h1>\t\t<\/div>\n\t\t\t\t<\/div>\n\t\t\t\t<div class=\"elementor-element elementor-element-bf0e342 elementor-widget elementor-widget-text-editor\" data-id=\"bf0e342\" data-element_type=\"widget\" data-widget_type=\"text-editor.default\">\n\t\t\t\t<div class=\"elementor-widget-container\">\n\t\t\t\t\t\t\t<p data-start=\"317\" data-end=\"402\">Green Hemp Poland ist eine Marke, bei der <strong data-start=\"363\" data-end=\"401\">Qualit\u00e4t und Leistung im Vordergrund<\/strong> stehen.<\/p><p data-start=\"404\" data-end=\"690\">Wir verbinden moderne Technologie mit der Natur und konzentrieren uns auf die Form, die Bioverf\u00fcgbarkeit und die <strong data-start=\"490\" data-end=\"548\">tats\u00e4chliche Wirksamkeit der Produkte im t\u00e4glichen Gebrauch<\/strong>. Jeder Schritt - von der Auswahl der Rohstoffe, \u00fcber den Produktionsprozess bis hin zum Endergebnis - basiert auf bewussten Entscheidungen und bew\u00e4hrten L\u00f6sungen. <\/p><p data-start=\"692\" data-end=\"878\">Qualit\u00e4t ist unser Ausgangspunkt, aber <strong data-start=\"733\" data-end=\"781\">Effektivit\u00e4t ist das Ma\u00df f\u00fcr die Bedeutung dessen, was wir tun<\/strong>.<br data-start=\"782\" data-end=\"785\">Produkte sollen funktionieren - auf eine Art und Weise, die vorhersehbar, wiederholbar und im Laufe der Zeit wartbar ist.<\/p><p data-start=\"880\" data-end=\"1069\">Wir konzentrieren uns auf Einfachheit im Sinne von Klarheit.<br data-start=\"927\" data-end=\"930\">Auf Formeln, die kein \u00dcberma\u00df an Inhaltsstoffen oder Versprechungen erfordern.<br data-start=\"994\" data-end=\"997\">Auf L\u00f6sungen, die funktionieren.<\/p><p>Unser erfahrener und kompetenter Kundenservice bietet Ihnen den Support, den Sie ben\u00f6tigen. Wir sind hier, um Ihnen zu helfen, so dass Sie immer auf uns z\u00e4hlen k\u00f6nnen. <\/p><p>Wir k\u00f6nnen Ihnen sowohl vor, w\u00e4hrend als auch nach einem erfolgreichen Kauf helfen. Wir beantworten alle Anfragen innerhalb von maximal 24 Stunden ohne Wochenenden. <\/p><p>Alle Produkte sind ab sofort verf\u00fcgbar. Bestellungen werden in einem Express-Tempo bearbeitet, dank dem sie die Bed\u00fcrftigen sehr schnell erreichen. Die Bewertungen \u00fcber uns sprechen f\u00fcr sich selbst.<\/p><p>Haben Sie Fragen? Pr\u00fcfen Sie <span style=\"color: #00ff00;\"><a style=\"color: #23a455;\" href=\"https:\/\/liposomalherb.com\/de\/aktuelles\/\">Neuigkeiten<\/a><\/span> in unserem Blog und erfahren Sie mehr \u00fcber pflanzliche liposomale Pr\u00e4parate. <\/p>\t\t\t\t\t\t<\/div>\n\t\t\t\t<\/div>\n\t\t\t\t\t<\/div>\n\t\t<\/div>\n\t\t\t\t<div class=\"elementor-column elementor-col-50 elementor-top-column elementor-element elementor-element-f901525\" data-id=\"f901525\" data-element_type=\"column\">\n\t\t\t<div class=\"elementor-widget-wrap elementor-element-populated\">\n\t\t\t\t\t\t<div class=\"elementor-element elementor-element-89d3861 elementor-widget elementor-widget-image\" data-id=\"89d3861\" data-element_type=\"widget\" data-widget_type=\"image.default\">\n\t\t\t\t<div class=\"elementor-widget-container\">\n\t\t\t\t\t\t\t\t\t\t\t\t\t<img fetchpriority=\"high\" decoding=\"async\" width=\"768\" height=\"1152\" src=\"https:\/\/liposomalherb.com\/wp-content\/uploads\/2025\/12\/Green-Hemp-Liposomalherb-768x1152.jpeg\" class=\"attachment-medium_large size-medium_large wp-image-8704\" alt=\"Liposomalna forma preparatu \u2013 precyzja, jako\u015b\u0107 i skuteczno\u015b\u0107 w dzia\u0142aniu\" srcset=\"https:\/\/liposomalherb.com\/wp-content\/uploads\/2025\/12\/Green-Hemp-Liposomalherb-768x1152.jpeg 768w, https:\/\/liposomalherb.com\/wp-content\/uploads\/2025\/12\/Green-Hemp-Liposomalherb-200x300.jpeg 200w, https:\/\/liposomalherb.com\/wp-content\/uploads\/2025\/12\/Green-Hemp-Liposomalherb-683x1024.jpeg 683w, https:\/\/liposomalherb.com\/wp-content\/uploads\/2025\/12\/Green-Hemp-Liposomalherb-100x150.jpeg 100w, https:\/\/liposomalherb.com\/wp-content\/uploads\/2025\/12\/Green-Hemp-Liposomalherb-600x900.jpeg 600w, https:\/\/liposomalherb.com\/wp-content\/uploads\/2025\/12\/Green-Hemp-Liposomalherb.jpeg 1024w\" sizes=\"(max-width: 768px) 100vw, 768px\" \/>\t\t\t\t\t\t\t\t\t\t\t\t\t<\/div>\n\t\t\t\t<\/div>\n\t\t\t\t\t<\/div>\n\t\t<\/div>\n\t\t\t\t\t<\/div>\n\t\t<\/section>\n\t\t\t\t<section class=\"elementor-section elementor-top-section elementor-element elementor-element-b7e21ff elementor-section-boxed elementor-section-height-default elementor-section-height-default\" data-id=\"b7e21ff\" data-element_type=\"section\" data-settings=\"{&quot;background_background&quot;:&quot;classic&quot;}\">\n\t\t\t\t\t\t<div class=\"elementor-container elementor-column-gap-default\">\n\t\t\t\t\t<div class=\"elementor-column elementor-col-50 elementor-top-column elementor-element elementor-element-8d5fdb8\" data-id=\"8d5fdb8\" data-element_type=\"column\">\n\t\t\t<div class=\"elementor-widget-wrap elementor-element-populated\">\n\t\t\t\t\t\t<div class=\"elementor-element elementor-element-3877480 elementor-widget elementor-widget-heading\" data-id=\"3877480\" data-element_type=\"widget\" data-widget_type=\"heading.default\">\n\t\t\t\t<div class=\"elementor-widget-container\">\n\t\t\t<h2 class=\"elementor-heading-title elementor-size-default\">Brauchst du Hilfe?<\/h2>\t\t<\/div>\n\t\t\t\t<\/div>\n\t\t\t\t<div class=\"elementor-element elementor-element-c9f37cf elementor-widget elementor-widget-text-editor\" data-id=\"c9f37cf\" data-element_type=\"widget\" data-widget_type=\"text-editor.default\">\n\t\t\t\t<div class=\"elementor-widget-container\">\n\t\t\t\t\t\t\t<p>Warte nicht und kontaktiere dich mit uns schon jetzt!<\/p>\t\t\t\t\t\t<\/div>\n\t\t\t\t<\/div>\n\t\t\t\t\t<\/div>\n\t\t<\/div>\n\t\t\t\t<div class=\"elementor-column elementor-col-50 elementor-top-column elementor-element elementor-element-c745446\" data-id=\"c745446\" data-element_type=\"column\">\n\t\t\t<div class=\"elementor-widget-wrap elementor-element-populated\">\n\t\t\t\t\t\t<div class=\"elementor-element elementor-element-afbad54 elementor-mobile-align-center elementor-widget elementor-widget-button\" data-id=\"afbad54\" data-element_type=\"widget\" data-widget_type=\"button.default\">\n\t\t\t\t<div class=\"elementor-widget-container\">\n\t\t\t\t\t<div class=\"elementor-button-wrapper\">\n\t\t\t<a class=\"elementor-button elementor-button-link elementor-size-sm\" href=\"tel:+48602650273\">\n\t\t\t\t\t\t<span class=\"elementor-button-content-wrapper\">\n\t\t\t\t\t\t<span class=\"elementor-button-icon\">\n\t\t\t\t<i aria-hidden=\"true\" class=\"fas fa-phone-alt\"><\/i>\t\t\t<\/span>\n\t\t\t\t\t\t\t\t\t<span class=\"elementor-button-text\">+48 602 650 273<\/span>\n\t\t\t\t\t<\/span>\n\t\t\t\t\t<\/a>\n\t\t<\/div>\n\t\t\t\t<\/div>\n\t\t\t\t<\/div>\n\t\t\t\t<div class=\"elementor-element elementor-element-9b7803e elementor-mobile-align-center elementor-widget elementor-widget-button\" data-id=\"9b7803e\" data-element_type=\"widget\" data-widget_type=\"button.default\">\n\t\t\t\t<div class=\"elementor-widget-container\">\n\t\t\t\t\t<div class=\"elementor-button-wrapper\">\n\t\t\t<a class=\"elementor-button elementor-button-link elementor-size-sm\" href=\"mailto:KONTAKT@GREENHEMP.PL\">\n\t\t\t\t\t\t<span class=\"elementor-button-content-wrapper\">\n\t\t\t\t\t\t<span class=\"elementor-button-icon\">\n\t\t\t\t<i aria-hidden=\"true\" class=\"far fa-envelope-open\"><\/i>\t\t\t<\/span>\n\t\t\t\t\t\t\t\t\t<span class=\"elementor-button-text\">kontakt@liposomalherb.com<\/span>\n\t\t\t\t\t<\/span>\n\t\t\t\t\t<\/a>\n\t\t<\/div>\n\t\t\t\t<\/div>\n\t\t\t\t<\/div>\n\t\t\t\t\t<\/div>\n\t\t<\/div>\n\t\t\t\t\t<\/div>\n\t\t<\/section>\n\t\t\t\t<\/div>\n\t\t","protected":false},"excerpt":{"rendered":"<p>100% Labor getestet Hochmoderne Analyseger\u00e4te f\u00fcr die Qualit\u00e4tskontrolle von Rohstoffen und Pflanzenextrakten. \u00dcber uns Green Hemp Poland ist eine Marke, bei der Qualit\u00e4t und Leistung im Vordergrund stehen. Wir verbinden moderne Technologie mit der Natur und konzentrieren uns auf die Form, die Bioverf\u00fcgbarkeit und die tats\u00e4chliche Wirksamkeit der Produkte im t\u00e4glichen Gebrauch. Jeder Schritt - [&hellip;]<\/p>\n","protected":false},"author":1,"featured_media":11440,"parent":0,"menu_order":0,"comment_status":"closed","ping_status":"closed","template":"","meta":{"_acf_changed":false,"rank_math_lock_modified_date":false,"footnotes":""},"class_list":["post-1937","page","type-page","status-publish","has-post-thumbnail","hentry"],"acf":[],"_links":{"self":[{"href":"https:\/\/liposomalherb.com\/de\/wp-json\/wp\/v2\/pages\/1937"}],"collection":[{"href":"https:\/\/liposomalherb.com\/de\/wp-json\/wp\/v2\/pages"}],"about":[{"href":"https:\/\/liposomalherb.com\/de\/wp-json\/wp\/v2\/types\/page"}],"author":[{"embeddable":true,"href":"https:\/\/liposomalherb.com\/de\/wp-json\/wp\/v2\/users\/1"}],"replies":[{"embeddable":true,"href":"https:\/\/liposomalherb.com\/de\/wp-json\/wp\/v2\/comments?post=1937"}],"version-history":[{"count":7,"href":"https:\/\/liposomalherb.com\/de\/wp-json\/wp\/v2\/pages\/1937\/revisions"}],"predecessor-version":[{"id":11433,"href":"https:\/\/liposomalherb.com\/de\/wp-json\/wp\/v2\/pages\/1937\/revisions\/11433"}],"wp:featuredmedia":[{"embeddable":true,"href":"https:\/\/liposomalherb.com\/de\/wp-json\/wp\/v2\/media\/11440"}],"wp:attachment":[{"href":"https:\/\/liposomalherb.com\/de\/wp-json\/wp\/v2\/media?parent=1937"}],"curies":[{"name":"wp","href":"https:\/\/api.w.org\/{rel}","templated":true}]}}