{"id":2363,"date":"2021-04-16T18:45:03","date_gmt":"2021-04-16T16:45:03","guid":{"rendered":"https:\/\/liposomalherb.com\/allgemeine-geschaeftsbedingungen\/"},"modified":"2022-04-08T22:36:04","modified_gmt":"2022-04-08T20:36:04","slug":"allgemeine-geschaeftsbedingungen","status":"publish","type":"page","link":"https:\/\/liposomalherb.com\/de\/allgemeine-geschaeftsbedingungen\/","title":{"rendered":"Allgemeine Gesch\u00e4ftsbedingungen"},"content":{"rendered":"\t\t<div data-elementor-type=\"wp-page\" data-elementor-id=\"2363\" class=\"elementor elementor-2363 elementor-737\" data-elementor-post-type=\"page\">\n\t\t\t\t\t\t<section class=\"elementor-section elementor-top-section elementor-element elementor-element-7f61ff17 elementor-section-boxed elementor-section-height-default elementor-section-height-default\" data-id=\"7f61ff17\" data-element_type=\"section\">\n\t\t\t\t\t\t<div class=\"elementor-container elementor-column-gap-default\">\n\t\t\t\t\t<div class=\"elementor-column elementor-col-100 elementor-top-column elementor-element elementor-element-4ba78332\" data-id=\"4ba78332\" data-element_type=\"column\">\n\t\t\t<div class=\"elementor-widget-wrap elementor-element-populated\">\n\t\t\t\t\t\t<div class=\"elementor-element elementor-element-217e00e1 elementor-widget elementor-widget-text-editor\" data-id=\"217e00e1\" data-element_type=\"widget\" data-widget_type=\"text-editor.default\">\n\t\t\t\t<div class=\"elementor-widget-container\">\n\t\t\t\t\t\t\t<h1>Green Hemp Partner Program Gesch\u00e4ftsbedingungen<\/h1><h2>Vereinbarung<\/h2><p>Durch die Registrierung als Partner im Green Hemp Affiliate-Programm (das &#8222;Programm&#8220;) erkl\u00e4ren Sie sich mit den folgenden Nutzungsbedingungen (&#8222;Nutzungsbedingungen&#8220;) einverstanden.<\/p><p>Green Hemp beh\u00e4lt sich das Recht vor, die Allgemeinen Gesch\u00e4ftsbedingungen von Zeit zu Zeit ohne vorherige Ank\u00fcndigung zu aktualisieren und zu \u00e4ndern. Alle neuen Funktionen, die das aktuelle Programm erweitern oder erweitern, einschlie\u00dflich der Bereitstellung neuer Tools und Ressourcen, unterliegen den Nutzungsbedingungen. Ihre fortgesetzte Nutzung des Programms nach solchen \u00c4nderungen wird sich f\u00fcr Ihre Zustimmung zu solchen \u00c4nderungen anmelden.<\/p><p>Die Verletzung einer der folgenden Gesch\u00e4ftsbedingungen f\u00fchrt zur Schlie\u00dfung des Kontos und zum Verfall ausstehender Affiliate-Provisionszahlungen, die w\u00e4hrend der Verletzung verdient wurden. Sie erkl\u00e4ren sich damit einverstanden, das Affiliate-Programm auf eigenes Risiko zu nutzen.<\/p><h2>Kontobedingungen<\/h2><p>Sie m\u00fcssen mindestens 18 Jahre alt sein, um an diesem Programm teilnehmen zu k\u00f6nnen. Um Partner zu werden, m\u00fcssen Sie in der Europ\u00e4ischen Union leben.<br>Man muss menschlich sein. Konten, die von &#8222;Bots&#8220; oder anderen automatisierten Methoden registriert werden, sind nicht zul\u00e4ssig.<\/p><p>Sie m\u00fcssen Ihren vollst\u00e4ndigen Namen, Ihre g\u00fcltige E-Mail-Adresse und alle anderen Informationen angeben, die zum Abschlie\u00dfen des Registrierungsprozesses erforderlich sind.<br>Nur eine Person kann Ihr Login verwenden - ein einziger Login, der von mehreren Personen geteilt wird, ist nicht erlaubt.<\/p><p>Sie sind daf\u00fcr verantwortlich, Ihr Konto und Passwort sicher zu halten. Green Hemp kann und wird nicht f\u00fcr Verluste oder Sch\u00e4den haftbar gemacht werden, die aus der Nichteinhaltung dieser Sicherheitsverpflichtung entstehen.<\/p><p>Sie sind f\u00fcr alle Inhalte und Aktivit\u00e4ten verantwortlich, die in Ihrem Konto stattfinden.<\/p><p>Eine Person oder juristische Person darf nicht mehr als ein Konto f\u00fchren.<br>Sie d\u00fcrfen das Affiliate-Programm nicht f\u00fcr illegale oder nicht autorisierte Zwecke verwenden. Bei der Nutzung des Dienstes d\u00fcrfen Sie keine Gesetze Ihrer Gerichtsbarkeit verletzen (einschlie\u00dflich, aber nicht beschr\u00e4nkt auf das Urheberrecht).<\/p><p>Sie d\u00fcrfen das Affiliate-Programm nicht verwenden, um Geld mit Ihren eigenen Green Hanf-Produktkonten zu verdienen.<\/p><h2>Links \/ Grafiken auf Ihrer Website, in E-Mails oder anderen Nachrichten<\/h2><p>Wenn Sie sich f\u00fcr das Affiliate-Programm anmelden, wird Ihnen ein eindeutiger Partnercode zugewiesen. Sie k\u00f6nnen Links, Banner oder andere Grafiken, die wir mit Ihrem Affiliate-Code teilen, auf Ihrer Website, in E-Mails oder in anderen Mitteilungen posten. Wir stellen Ihnen Richtlinien, Linkstile und Grafiken zur Verf\u00fcgung, die Sie beim Verkn\u00fcpfen mit Green Hemp verwenden k\u00f6nnen. Wir k\u00f6nnen das Design der Grafik jederzeit ohne Vorank\u00fcndigung \u00e4ndern, aber wir werden die Abmessungen der Bilder nicht ohne ordnungsgem\u00e4\u00dfe Ank\u00fcndigung \u00e4ndern.<\/p><p>Um eine genaue Nachverfolgung, Berichterstellung und Verweisabrechnung zu erm\u00f6glichen, stellen wir Ihnen spezielle Linkformate zur Verf\u00fcgung, die \u00fcber alle Links zwischen Ihrer Website und Green Hemp verwendet werden. Sie m\u00fcssen sicherstellen, dass jede Verbindung zwischen Ihrer Website und Green Hemp korrekt solche speziellen Linkformate verwendet. Links zu Green Hanf, die gem\u00e4\u00df dieser Vereinbarung auf Ihrer Website platziert werden und die solche speziellen Linkformate ordnungsgem\u00e4\u00df verwenden, werden als &#8222;Special Links&#8220; bezeichnet. Sie erhalten \u00dcberweisungsgeb\u00fchren nur f\u00fcr den Verkauf des Green Hanf-Produkts, der direkt \u00fcber spezielle Links erfolgt; wir haften Ihnen gegen\u00fcber nicht f\u00fcr ein Vers\u00e4umnis von Ihnen oder einer Person, auf die Sie sich beziehen, die Verwendung spezieller Links oder die falsche Eingabe Ihres Affiliate-Codes, einschlie\u00dflich in dem Umfang, in dem ein solcher Ausfall zu einer Verringerung der Betr\u00e4ge f\u00fchren kann, die Ihnen andernfalls im Rahmen dieser Vereinbarung gezahlt worden w\u00e4ren.<\/p><p>Affiliate-Links sollten auf die Seite des beworbenen Produkts verweisen.<\/p><h2>\u00dcberweisungsgeb\u00fchren\/Provisionen und Zahlungen<\/h2><p>Damit ein Produktverkauf f\u00fcr eine Empfehlungsgeb\u00fchr in Frage kommt, muss der Kunde auf einen speziellen Link von Ihrer Website, E-Mail oder anderen Mitteilungen auf der https:\/\/liposomalherb.com klicken und w\u00e4hrend dieser Zeit eine Bestellung f\u00fcr das Sitzungsprodukt aufgeben.<\/p><p>Wir zahlen nur Provisionen f\u00fcr Links, die automatisch von unseren Systemen verfolgt und gemeldet werden. Wir zahlen keine Provision, wenn jemand sagt, dass er es gekauft hat, oder jemand sagt, dass er einen Empfehlungscode eingegeben hat, wenn er nicht von unserem System verfolgt wurde. Wir zahlen nur Gesch\u00e4ftsprovisionen, die durch ordnungsgem\u00e4\u00df formatierte Spezielle Links generiert werden, die automatisch von unseren Systemen verfolgt wurden.<\/p><p>Wir behalten uns das Recht vor, Provisionen zu disqualifizieren, die aufgrund betr\u00fcgerischer, illegaler oder \u00fcberm\u00e4\u00dfig aggressiver, fragw\u00fcrdiger Verkaufs- oder Marketingmethoden erhalten wurden.<\/p><p>Zahlungen beginnen erst, wenn Sie mehr als 20 $ an Partnereinkommen verdienen. Wenn Ihr Affiliate-Konto nie die Schwelle von 20 $ \u00fcberschreitet, werden Provisionen nicht eingel\u00f6st oder bezahlt. Wir sind nur f\u00fcr die Zahlung von Konten verantwortlich, die den Schwellenwert von 20 $ \u00fcberschritten haben.<\/p><h2>Beantragung einer Tochtergesellschaft von Green Hemp Poland Sp.z.o.o.<\/h2><p>Sie d\u00fcrfen keine Pressemitteilungen zu dieser Vereinbarung oder Ihrer Teilnahme am Programm ver\u00f6ffentlichen; eine solche Ma\u00dfnahme kann zur Beendigung des Programms f\u00fchren. Dar\u00fcber hinaus d\u00fcrfen Sie die Beziehung zwischen uns und Ihnen in keiner Weise irref\u00fchren oder versch\u00f6nern, behaupten, unsere Produkte zu entwickeln, behaupten, Teil von Green Hemp zu sein, oder eine Beziehung oder Beziehung zwischen uns oder einer anderen Person oder Organisation zum Ausdruck bringen oder implizieren.<\/p>\t\t\t\t\t\t<\/div>\n\t\t\t\t<\/div>\n\t\t\t\t\t<\/div>\n\t\t<\/div>\n\t\t\t\t\t<\/div>\n\t\t<\/section>\n\t\t\t\t<\/div>\n\t\t","protected":false},"excerpt":{"rendered":"<p>Green Hemp Partner Program Gesch\u00e4ftsbedingungen Vereinbarung Durch die Registrierung als Partner im Green Hemp Affiliate-Programm (das &#8222;Programm&#8220;) erkl\u00e4ren Sie sich mit den folgenden Nutzungsbedingungen (&#8222;Nutzungsbedingungen&#8220;) einverstanden. Green Hemp beh\u00e4lt sich das Recht vor, die Allgemeinen Gesch\u00e4ftsbedingungen von Zeit zu Zeit ohne vorherige Ank\u00fcndigung zu aktualisieren und zu \u00e4ndern. Alle neuen Funktionen, die das aktuelle Programm [&hellip;]<\/p>\n","protected":false},"author":2,"featured_media":0,"parent":0,"menu_order":0,"comment_status":"closed","ping_status":"closed","template":"","meta":{"_acf_changed":false,"rank_math_lock_modified_date":false,"footnotes":""},"class_list":["post-2363","page","type-page","status-publish","hentry"],"acf":[],"_links":{"self":[{"href":"https:\/\/liposomalherb.com\/de\/wp-json\/wp\/v2\/pages\/2363"}],"collection":[{"href":"https:\/\/liposomalherb.com\/de\/wp-json\/wp\/v2\/pages"}],"about":[{"href":"https:\/\/liposomalherb.com\/de\/wp-json\/wp\/v2\/types\/page"}],"author":[{"embeddable":true,"href":"https:\/\/liposomalherb.com\/de\/wp-json\/wp\/v2\/users\/2"}],"replies":[{"embeddable":true,"href":"https:\/\/liposomalherb.com\/de\/wp-json\/wp\/v2\/comments?post=2363"}],"version-history":[{"count":0,"href":"https:\/\/liposomalherb.com\/de\/wp-json\/wp\/v2\/pages\/2363\/revisions"}],"wp:attachment":[{"href":"https:\/\/liposomalherb.com\/de\/wp-json\/wp\/v2\/media?parent=2363"}],"curies":[{"name":"wp","href":"https:\/\/api.w.org\/{rel}","templated":true}]}}