{"id":9988,"date":"2025-06-12T14:52:45","date_gmt":"2025-06-12T12:52:45","guid":{"rendered":"https:\/\/liposomalherb.com\/wysylka-i-platnosc\/"},"modified":"2026-02-06T12:09:32","modified_gmt":"2026-02-06T11:09:32","slug":"wysylka-i-platnosc","status":"publish","type":"page","link":"https:\/\/liposomalherb.com\/de\/wysylka-i-platnosc\/","title":{"rendered":"Versand und Bezahlung"},"content":{"rendered":"\t\t<div data-elementor-type=\"wp-page\" data-elementor-id=\"9988\" class=\"elementor elementor-9988 elementor-7714\" data-elementor-post-type=\"page\">\n\t\t\t\t\t\t<section class=\"elementor-section elementor-top-section elementor-element elementor-element-2803dca elementor-section-items-stretch elementor-section-height-min-height elementor-section-boxed elementor-section-height-default\" data-id=\"2803dca\" data-element_type=\"section\" data-settings=\"{&quot;background_background&quot;:&quot;classic&quot;}\">\n\t\t\t\t\t\t<div class=\"elementor-container elementor-column-gap-default\">\n\t\t\t\t\t<div class=\"elementor-column elementor-col-100 elementor-top-column elementor-element elementor-element-1368a6f\" data-id=\"1368a6f\" data-element_type=\"column\">\n\t\t\t<div class=\"elementor-widget-wrap elementor-element-populated\">\n\t\t\t\t\t\t<div class=\"elementor-element elementor-element-d0c5eb2 elementor-widget elementor-widget-heading\" data-id=\"d0c5eb2\" data-element_type=\"widget\" data-widget_type=\"heading.default\">\n\t\t\t\t<div class=\"elementor-widget-container\">\n\t\t\t<h1 class=\"elementor-heading-title elementor-size-default\">Versand und Bezahlung<\/h1>\t\t<\/div>\n\t\t\t\t<\/div>\n\t\t\t\t<div class=\"elementor-element elementor-element-ff1464a elementor-widget elementor-widget-text-editor\" data-id=\"ff1464a\" data-element_type=\"widget\" data-widget_type=\"text-editor.default\">\n\t\t\t\t<div class=\"elementor-widget-container\">\n\t\t\t\t\t\t\t<p>Wir wissen, dass Sie erwarten, dass Ihre Bestellung schnell und effizient bearbeitet wird. Deshalb m\u00f6chten wir Ihnen unseren Prozess der Auftragsabwicklung vorstellen.<\/p><ol><li><p><strong>Bestellung aufgeben:<br><\/strong>Sobald Sie Ihre Produkte ausgew\u00e4hlt und in den Warenkorb gelegt haben, k\u00f6nnen Sie den Bestellvorgang starten. Vergewissern Sie sich, dass Sie alle notwendigen Informationen eingegeben haben, wie z.B. die Liefer- und Zahlungsdaten. <\/p><\/li><li><p><strong>\u00dcberpr\u00fcfung der Bestellung:<\/strong><br>Unser Kundendienstteam wird Ihre Bestellung \u00fcberpr\u00fcfen, um sicherzustellen, dass alle Angaben korrekt und vollst\u00e4ndig sind. Sollten Sie Fragen oder Bedenken haben, werden wir Sie zur Kl\u00e4rung kontaktieren.  <\/p><\/li><li><p><strong>Auftragsvorbereitung:<\/strong><br>Sobald der Auftrag genehmigt wurde, gehen wir zur Produktvorbereitung \u00fcber. Unser Team wird die bestellten Waren sorgf\u00e4ltig pr\u00fcfen und vorbereiten, um ihre Qualit\u00e4t zu gew\u00e4hrleisten. <\/p><\/li><li><p><strong>Verpackung:<\/strong><br>Die fertigen Produkte werden sorgf\u00e4ltig verpackt, so dass die Sicherheit beim Transport gew\u00e4hrleistet ist. Wir sorgen daf\u00fcr, dass Ihre Bestellung unversehrt bei Ihnen ankommt. <\/p><\/li><li><p><strong>Lieferung:<\/strong><br>Wenn Sie die von Ihnen bevorzugte Liefermethode w\u00e4hlen, bem\u00fchen wir uns, Ihre Bestellung so schnell wie m\u00f6glich zuzustellen. Erwarten Sie, dass Ihr Paket entsprechend dem von Ihnen gew\u00e4hlten Liefertermin zugestellt wird. <\/p><\/li><li><p><strong>Versandbenachrichtigung:<\/strong><br>Sobald Ihre Sendung versandt wurde, erhalten Sie eine Benachrichtigung mit Informationen zur Sendungsverfolgung, mit denen Sie den Status Ihrer Lieferung verfolgen k\u00f6nnen.<\/p><\/li><\/ol><p><b class=\"html-b xdj266r x14z9mp xat24cr x1lziwak xexx8yu xyri2b x18d9i69 x1c1uobl x1hl2dhg x16tdsg8 x1vvkbs\"><br>Einzelheiten zum Versand<\/b><br>1. <b class=\"html-b xdj266r x14z9mp xat24cr x1lziwak xexx8yu xyri2b x18d9i69 x1c1uobl x1hl2dhg x16tdsg8 x1vvkbs\">Lieferung innerhalb Polens: <\/b>Bestellungen werden innerhalb von <b class=\"html-b xdj266r x14z9mp xat24cr x1lziwak xexx8yu xyri2b x18d9i69 x1c1uobl x1hl2dhg x16tdsg8 x1vvkbs\">1-5 Arbeitstagen<\/b> ab dem Zeitpunkt des Versands geliefert. <br>2. die <b class=\"html-b xdj266r x14z9mp xat24cr x1lziwak xexx8yu xyri2b x18d9i69 x1c1uobl x1hl2dhg x16tdsg8 x1vvkbs\">Lieferung innerhalb der Europ\u00e4ischen Union (EU):<\/b> Die Lieferzeit betr\u00e4gt in der Regel <b class=\"html-b xdj266r x14z9mp xat24cr x1lziwak xexx8yu xyri2b x18d9i69 x1c1uobl x1hl2dhg x16tdsg8 x1vvkbs\">3-10 Arbeitstage<\/b> nach Versand. <br>3 <b class=\"html-b xdj266r x14z9mp xat24cr x1lziwak xexx8yu xyri2b x18d9i69 x1c1uobl x1hl2dhg x16tdsg8 x1vvkbs\">Lieferung au\u00dferhalb der Europ\u00e4ischen Union:*<\/b> Bei internationalen Sendungen au\u00dferhalb der EU kann die Lieferzeit <b class=\"html-b xdj266r x14z9mp xat24cr x1lziwak xexx8yu xyri2b x18d9i69 x1c1uobl x1hl2dhg x16tdsg8 x1vvkbs\">7-30 Werktage<\/b> betragen, je nach Zielland und den \u00f6rtlichen Zollverfahren.<\/p><p>Die Lieferung erfolgt durch Kurierdienste wie DPD, DHL, Poczta Polska, Inpost - Sie k\u00f6nnen den Lieferanten des Produkts am Ende Ihrer Bestellung immer angeben.<br><br>Der Prozess der schnellen Zahlung wird von dem Betreiber Autopay S.A. abgewickelt. Dies erm\u00f6glicht Ihnen, Ihre Bestellung sofort zu bezahlen.<\/p><p>Vielen Dank, dass Sie sich f\u00fcr unseren Online-Shop entschieden haben und geduldig auf Ihre Bestellung gewartet haben. Wenn Sie Fragen haben oder zus\u00e4tzliche Informationen ben\u00f6tigen, wenden Sie sich bitte an unseren Kundenservice. Wir sind hier, um Ihnen zu helfen!&#8220;  <\/p>\t\t\t\t\t\t<\/div>\n\t\t\t\t<\/div>\n\t\t\t\t\t<\/div>\n\t\t<\/div>\n\t\t\t\t\t<\/div>\n\t\t<\/section>\n\t\t\t\t<\/div>\n\t\t","protected":false},"excerpt":{"rendered":"<p>Versand und Bezahlung Wir wissen, dass Sie erwarten, dass Ihre Bestellung schnell und effizient bearbeitet wird. Deshalb m\u00f6chten wir Ihnen unseren Prozess der Auftragsabwicklung vorstellen. Bestellung aufgeben:Sobald Sie Ihre Produkte ausgew\u00e4hlt und in den Warenkorb gelegt haben, k\u00f6nnen Sie den Bestellvorgang starten. Vergewissern Sie sich, dass Sie alle notwendigen Informationen eingegeben haben, wie z.B. die [&hellip;]<\/p>\n","protected":false},"author":2,"featured_media":0,"parent":0,"menu_order":0,"comment_status":"closed","ping_status":"closed","template":"","meta":{"_acf_changed":false,"rank_math_lock_modified_date":false,"footnotes":""},"class_list":["post-9988","page","type-page","status-publish","hentry"],"acf":[],"_links":{"self":[{"href":"https:\/\/liposomalherb.com\/de\/wp-json\/wp\/v2\/pages\/9988"}],"collection":[{"href":"https:\/\/liposomalherb.com\/de\/wp-json\/wp\/v2\/pages"}],"about":[{"href":"https:\/\/liposomalherb.com\/de\/wp-json\/wp\/v2\/types\/page"}],"author":[{"embeddable":true,"href":"https:\/\/liposomalherb.com\/de\/wp-json\/wp\/v2\/users\/2"}],"replies":[{"embeddable":true,"href":"https:\/\/liposomalherb.com\/de\/wp-json\/wp\/v2\/comments?post=9988"}],"version-history":[{"count":0,"href":"https:\/\/liposomalherb.com\/de\/wp-json\/wp\/v2\/pages\/9988\/revisions"}],"wp:attachment":[{"href":"https:\/\/liposomalherb.com\/de\/wp-json\/wp\/v2\/media?parent=9988"}],"curies":[{"name":"wp","href":"https:\/\/api.w.org\/{rel}","templated":true}]}}