{"id":10970,"date":"2026-02-15T21:22:27","date_gmt":"2026-02-15T20:22:27","guid":{"rendered":"https:\/\/liposomalherb.com\/produkt\/program-90-dni-zestaw-detoks-regeneracja-stabilizacja\/"},"modified":"2026-02-26T16:05:22","modified_gmt":"2026-02-26T15:05:22","slug":"program-90-dni-zestaw-detoks-regeneracja","status":"publish","type":"product","link":"https:\/\/liposomalherb.com\/de\/produkt\/program-90-dni-zestaw-detoks-regeneracja\/","title":{"rendered":"90 Tage Programm - Entgiftung, Regeneration und Stabilisierung"},"content":{"rendered":"<p data-start=\"663\" data-end=\"716\"><strong>Das 90-Tage-Programm<\/strong> ist ein strukturierter Prozess in drei Phasen:<\/p>\n<p data-start=\"718\" data-end=\"851\"><strong data-start=\"718\" data-end=\"752\">Stufe 1 - \u00d6ffnung der Fl\u00fcsse<\/strong><br data-start=\"752\" data-end=\"755\">Detox Liposomal Herb unterst\u00fctzt die Gallenwege und den Darm und bereitet den K\u00f6rper auf die n\u00e4chsten Stufen vor.<\/p>\n<p data-start=\"853\" data-end=\"968\"><strong data-start=\"853\" data-end=\"891\">Phase 2 - Regeneration und St\u00e4rkung<\/strong><br data-start=\"891\" data-end=\"894\">Betulin + Mumio unterst\u00fctzen die Erholung und Stabilisierung nach der Reinigungsphase.<\/p>\n<p data-start=\"970\" data-end=\"1061\"><strong data-start=\"970\" data-end=\"995\">Phase 3 - Stabilisierung<\/strong><br data-start=\"995\" data-end=\"998\">Liposomales NeuroHerb unterst\u00fctzt das Nervensystem und die Anpassung an Ver\u00e4nderungen.<\/p>\n<p data-start=\"1063\" data-end=\"1173\">Die liposomale Form erm\u00f6glicht die Aufnahme durch die Mundschleimhaut, was die Bioverf\u00fcgbarkeit der Inhaltsstoffe f\u00f6rdern kann.<\/p>\n<p data-start=\"1175\" data-end=\"1287\">Das Kit ist die kosteng\u00fcnstigste Art, den gesamten Prozess zu implementieren, aber die Produkte sind auch einzeln erh\u00e4ltlich.<\/p>\n<p data-start=\"1175\" data-end=\"1287\">Preis bei separatem Kauf: \u00a31,790<br \/>\nPreis des 90-Tage-Kits: \u00a31,490<br \/>\n Sie sparen<strong>\u00a3300<\/strong>, wenn Sie den gesamten Prozess in der richtigen Reihenfolge abschlie\u00dfen.<\/p>\n<p data-start=\"1175\" data-end=\"1287\">Warum 90 Tage?<br \/>\nWir erkl\u00e4ren es Schritt f\u00fcr Schritt in einem \u2192 Aufkl\u00e4rungsartikel <strong><a href=\"https:\/\/liposomalherb.com\/de\/liposomales-wissen\/program-90-dni-uporzadkowany-proces-wsparcia-organizmu\/\"><span style=\"font-size: 12pt;\">Das 90-Tage-Modell - von der Entlastung zur Stabilisierung<\/span><\/a><\/strong><\/p>\n<p data-start=\"1175\" data-end=\"1287\">\n","protected":false},"excerpt":{"rendered":"<p data-start=\"96\" data-end=\"213\"><strong data-start=\"96\" data-end=\"114\">Das 90-Tage-Programm<\/strong> ist ein strukturiertes, dreistufiges Modell zur Unterst\u00fctzung des K\u00f6rpers:<br data-start=\"170\" data-end=\"173\"><strong data-start=\"173\" data-end=\"213\">Entgiftung \u2192 Regeneration \u2192 Stabilisierung.<\/strong><\/p>\n<p data-start=\"215\" data-end=\"362\">Das Kit enth\u00e4lt alle Produkte, die Sie ben\u00f6tigen, um den gesamten Prozess in der richtigen Reihenfolge durchzuf\u00fchren - in der g\u00fcnstigsten Form des Kaufs.<\/p>\n<p data-start=\"364\" data-end=\"414\">\n","protected":false},"featured_media":10925,"comment_status":"open","ping_status":"closed","template":"","meta":{"_acf_changed":false,"rank_math_lock_modified_date":false},"product_cat":[334],"product_tag":[],"class_list":{"0":"post-10970","1":"product","2":"type-product","3":"status-publish","4":"has-post-thumbnail","6":"product_cat-greenhemp-de","8":"first","9":"outofstock","10":"shipping-taxable","11":"purchasable","12":"product-type-simple"},"acf":[],"_links":{"self":[{"href":"https:\/\/liposomalherb.com\/de\/wp-json\/wp\/v2\/product\/10970"}],"collection":[{"href":"https:\/\/liposomalherb.com\/de\/wp-json\/wp\/v2\/product"}],"about":[{"href":"https:\/\/liposomalherb.com\/de\/wp-json\/wp\/v2\/types\/product"}],"replies":[{"embeddable":true,"href":"https:\/\/liposomalherb.com\/de\/wp-json\/wp\/v2\/comments?post=10970"}],"wp:featuredmedia":[{"embeddable":true,"href":"https:\/\/liposomalherb.com\/de\/wp-json\/wp\/v2\/media\/10925"}],"wp:attachment":[{"href":"https:\/\/liposomalherb.com\/de\/wp-json\/wp\/v2\/media?parent=10970"}],"wp:term":[{"taxonomy":"product_cat","embeddable":true,"href":"https:\/\/liposomalherb.com\/de\/wp-json\/wp\/v2\/product_cat?post=10970"},{"taxonomy":"product_tag","embeddable":true,"href":"https:\/\/liposomalherb.com\/de\/wp-json\/wp\/v2\/product_tag?post=10970"}],"curies":[{"name":"wp","href":"https:\/\/api.w.org\/{rel}","templated":true}]}}