{"id":11020,"date":"2026-02-19T11:03:59","date_gmt":"2026-02-19T10:03:59","guid":{"rendered":"https:\/\/liposomalherb.com\/produkt\/mumio-shilajit-himalayan-mineral-resin\/"},"modified":"2026-03-05T14:32:25","modified_gmt":"2026-03-05T13:32:25","slug":"mumio-shilajit-himalayan-mineral-resin","status":"publish","type":"product","link":"https:\/\/liposomalherb.com\/de\/produkt\/mumio-shilajit-himalayan-mineral-resin\/","title":{"rendered":"MUMIO SHILAJIT Himalaya-Mineral-Harz"},"content":{"rendered":"<h2 data-start=\"238\" data-end=\"273\"><span style=\"font-size: 14pt;\">Mumio Himalaya-Mineral-Harz - 30 g<\/span><\/h2>\n<p data-start=\"275\" data-end=\"500\">Mumio (Shilajit) ist ein nat\u00fcrliches Mineralharz, das in den Hochgebirgsregionen des Himalayas gewonnen wird. Es ist das Ergebnis langj\u00e4hriger biologischer und geologischer Prozesse, die in Felsspalten in gro\u00dfen H\u00f6hen stattfinden. <\/p>\n<p data-start=\"502\" data-end=\"695\">Er zeichnet sich durch seine dunkle Farbe, seine harzige Textur und sein spezifisches, intensives Aroma aus. In den kulturellen Traditionen der asiatischen Regionen ist er seit Jahrhunderten als gesch\u00e4tzter Rohstoff nat\u00fcrlichen Ursprungs pr\u00e4sent. <\/p>\n<h2 data-start=\"702\" data-end=\"729\"><span style=\"font-size: 14pt;\">Was zeichnet unser Mumio aus?<\/span><\/h2>\n<p data-start=\"731\" data-end=\"921\">\u2714 nat\u00fcrliches Mineralharz<br data-start=\"759\" data-end=\"762\">\u2714 Herkunft: Himalaya-Region<br data-start=\"793\" data-end=\"796\">\u2714 jede Charge wird einer Laboranalyse unterzogen<br data-start=\"844\" data-end=\"847\">\u2714 Kontrolle von Reinheit und Schwermetallen<br data-start=\"885\" data-end=\"888\">\u2714 keine Zusatzstoffe, keine F\u00fcllstoffe<\/p>\n<p data-start=\"923\" data-end=\"1018\">Wir achten auf die Qualit\u00e4t des Rohmaterials, seine Herkunft und die Einhaltung der geltenden Sicherheitsstandards.<\/p>\n<h2 data-start=\"1025\" data-end=\"1033\"><span style=\"font-size: 14pt;\">Zusammensetzung<\/span><\/h2>\n<p data-start=\"1035\" data-end=\"1152\">Mumio (Shilajit) - ein nat\u00fcrliches Mineralharz.<br data-start=\"1081\" data-end=\"1084\">Enth\u00e4lt nat\u00fcrlich vorkommende Fulvos\u00e4uren und Mineralien.<\/p>\n<h2 data-start=\"1159\" data-end=\"1185\"><span style=\"font-size: 14pt;\">Empfohlene Tagesdosis<\/span><\/h2>\n<p data-start=\"1187\" data-end=\"1276\">600 mg pro Tag.<br data-start=\"1203\" data-end=\"1206\">L\u00f6sen Sie eine Portion in lauwarmem Wasser auf oder nehmen Sie sie nach Belieben ein.<\/p>\n<h2 data-start=\"1283\" data-end=\"1306\"><span style=\"font-size: 14pt;\">Zus\u00e4tzliche Informationen<\/span><\/h2>\n<p data-start=\"1308\" data-end=\"1605\">Nahrungserg\u00e4nzungsmittel.<br data-start=\"1324\" data-end=\"1327\">\u00dcberschreiten Sie nicht die empfohlene Tagesdosis.<br data-start=\"1385\" data-end=\"1388\">Nicht als Ersatz f\u00fcr eine abwechslungsreiche Ern\u00e4hrung zu verwenden.<br data-start=\"1446\" data-end=\"1449\">Eine ausgewogene Ern\u00e4hrung und eine gesunde Lebensweise sind wichtig.<br data-start=\"1521\" data-end=\"1524\">Trocken und k\u00fchl lagern, au\u00dferhalb der Reichweite von kleinen Kindern.<\/p>\n<p data-start=\"1607\" data-end=\"1625\">Nettogewicht: 30 g<\/p>\n<p data-start=\"1607\" data-end=\"1625\"><a href=\"https:\/\/liposomalherb.com\/wp-content\/uploads\/2026\/01\/2026.01.30.-Green-Hemp-S_28_251.pdf\" data-type=\"link\" data-id=\"https:\/\/liposomalherb.com\/wp-content\/uploads\/2026\/01\/2026.01.30.-Green-Hemp-S_28_251.pdf\">ERGEBNISSE DER STUDIE<\/a><\/p>\n<p class=\"has-text-align-left\">Wenn Sie genau verstehen wollen, was Mumio (Shilajit) ist, wie es in den Bergen hergestellt wird und warum seine Qualit\u00e4t so stark variieren kann - ich habe dies in separaten Artikeln \u00fcber Mumio-Forschung und -Qualit\u00e4t ausf\u00fchrlicher beschrieben.<\/p>\n<p><strong><a href=\"https:\/\/liposomalherb.com\/de\/liposomales-wissen\/badania-mumio-analiza-jakosci\/\">Mumio-Forschung - warum ich beschlossen habe, seine Zusammensetzung und Qualit\u00e4t zu \u00fcberpr\u00fcfen<\/a><\/strong><\/p>\n<p data-start=\"1627\" data-end=\"1727\">Verantwortlicher Rechtstr\u00e4ger:<br data-start=\"1650\" data-end=\"1653\">Green Hemp Poland Sp. z o.o.<\/p>\n","protected":false},"excerpt":{"rendered":"<p>Mumio Shilajit (Himalaya-Mineralharz) ist ein nat\u00fcrliches Mineralharz, das aus den Hochgebirgsregionen des Himalaya gewonnen wird. Es wird durch jahrelange biologische und mineralische Prozesse gebildet, die eine einzigartige Zusammensetzung von organischen Verbindungen und Spurenelementen hervorbringen.<br \/>\nProdukt in seiner reinen, traditionellen Form - 30 g. <\/p>\n","protected":false},"featured_media":11027,"comment_status":"open","ping_status":"closed","template":"","meta":{"_acf_changed":false,"rank_math_lock_modified_date":false},"product_cat":[334],"product_tag":[],"class_list":{"0":"post-11020","1":"product","2":"type-product","3":"status-publish","4":"has-post-thumbnail","6":"product_cat-greenhemp-de","8":"first","9":"instock","10":"shipping-taxable","11":"purchasable","12":"product-type-simple"},"acf":[],"_links":{"self":[{"href":"https:\/\/liposomalherb.com\/de\/wp-json\/wp\/v2\/product\/11020"}],"collection":[{"href":"https:\/\/liposomalherb.com\/de\/wp-json\/wp\/v2\/product"}],"about":[{"href":"https:\/\/liposomalherb.com\/de\/wp-json\/wp\/v2\/types\/product"}],"replies":[{"embeddable":true,"href":"https:\/\/liposomalherb.com\/de\/wp-json\/wp\/v2\/comments?post=11020"}],"wp:featuredmedia":[{"embeddable":true,"href":"https:\/\/liposomalherb.com\/de\/wp-json\/wp\/v2\/media\/11027"}],"wp:attachment":[{"href":"https:\/\/liposomalherb.com\/de\/wp-json\/wp\/v2\/media?parent=11020"}],"wp:term":[{"taxonomy":"product_cat","embeddable":true,"href":"https:\/\/liposomalherb.com\/de\/wp-json\/wp\/v2\/product_cat?post=11020"},{"taxonomy":"product_tag","embeddable":true,"href":"https:\/\/liposomalherb.com\/de\/wp-json\/wp\/v2\/product_tag?post=11020"}],"curies":[{"name":"wp","href":"https:\/\/api.w.org\/{rel}","templated":true}]}}