{"id":6964,"date":"2023-11-24T14:34:01","date_gmt":"2023-11-24T13:34:01","guid":{"rendered":"https:\/\/liposomalherb.com\/produkt\/rdestowiec-liposomal-extract-10ml\/"},"modified":"2026-02-06T13:17:32","modified_gmt":"2026-02-06T12:17:32","slug":"rdestowiec-liposomal-extract-10ml","status":"publish","type":"product","link":"https:\/\/liposomalherb.com\/de\/produkt\/rdestowiec-liposomal-extract-10ml\/","title":{"rendered":"Japanischer Staudenkn\u00f6terich\/Reynoutria japonica\/Extrakt Liposomal 10ml"},"content":{"rendered":"<div class=\"min-h-[20px] text-message flex flex-col items-start gap-3 whitespace-pre-wrap break-words [.text-message+&amp;]:mt-5 overflow-x-auto\" data-message-author-role=\"assistant\" data-message-id=\"37db12a3-0902-4d53-9129-c61bc701cbf4\">\n<div class=\"markdown prose w-full break-words dark:prose-invert light\">\n<h2 data-start=\"480\" data-end=\"527\">Liposomaler Extrakt aus Japanischem Staudenkn\u00f6terich<\/h2>\n<p data-start=\"528\" data-end=\"551\"><em data-start=\"528\" data-end=\"551\">(Reynoutria japonica)<\/em><\/p>\n<p data-start=\"553\" data-end=\"862\">Der Japanische Staudenkn\u00f6terich<em data-start=\"574\" data-end=\"595\">(Reynoutria japonica<\/em>) ist eine Pflanze mit einem au\u00dfergew\u00f6hnlich reichen phytochemischen Profil und wird seit langem in der traditionellen Phytotherapie verwendet. Er ist eine nat\u00fcrliche Quelle f\u00fcr viele Pflanzenstoffe, die aufgrund ihrer biologischen Aktivit\u00e4t Gegenstand intensiver wissenschaftlicher Forschung sind. <\/p>\n<p data-start=\"864\" data-end=\"1027\">Die <strong data-start=\"889\" data-end=\"910\">Formulierung<\/strong> verwendet <strong data-start=\"889\" data-end=\"910\">eine liposomale Formulierung<\/strong>, die entwickelt wurde, um die Stabilit\u00e4t und Bioverf\u00fcgbarkeit der Pflanzenbestandteile bei t\u00e4glicher Anwendung zu verbessern.<\/p>\n<h2 data-start=\"1034\" data-end=\"1066\">Phytochemische Zusammensetzung des Staudenkn\u00f6terichs<\/h2>\n<p data-start=\"1068\" data-end=\"1161\">Der Japanische Staudenkn\u00f6terich enth\u00e4lt ein breites Spektrum an nat\u00fcrlichen Pflanzenstoffen, darunter:<\/p>\n<ul data-start=\"1163\" data-end=\"1310\">\n<li data-start=\"1163\" data-end=\"1192\">\n<p data-start=\"1165\" data-end=\"1192\">Resveratrol und Polydatin,<\/p>\n<\/li>\n<li data-start=\"1193\" data-end=\"1227\">\n<p data-start=\"1195\" data-end=\"1227\">Hydroxystilbene und Polyphenole,<\/p>\n<\/li>\n<li data-start=\"1228\" data-end=\"1259\">\n<p data-start=\"1230\" data-end=\"1259\">Flavonoide und Bioflavonoide,<\/p>\n<\/li>\n<li data-start=\"1260\" data-end=\"1276\">\n<p data-start=\"1262\" data-end=\"1276\">Phytosterine,<\/p>\n<\/li>\n<li data-start=\"1277\" data-end=\"1310\">\n<p data-start=\"1279\" data-end=\"1310\">Anthrachinone und Naphthochinone.<\/p>\n<\/li>\n<\/ul>\n<p data-start=\"1312\" data-end=\"1458\">\u00dcber diese Verbindungen wird in der phytopharmakologischen Literatur viel \u00fcber ihre antioxidativen, metabolischen und regulatorischen Eigenschaften berichtet.<\/p>\n<h2 data-start=\"1465\" data-end=\"1497\">Art der Wirkung des Extrakts<\/h2>\n<p data-start=\"1499\" data-end=\"1700\">Der Extrakt aus Japanischem Staudenkn\u00f6terich hat <strong data-start=\"1541\" data-end=\"1570\">eine multidirektionale Wirkung<\/strong>, die darin besteht, die nat\u00fcrlichen Regulationsprozesse des K\u00f6rpers allm\u00e4hlich zu unterst\u00fctzen, anstatt abrupt einzugreifen.<\/p>\n<p data-start=\"1702\" data-end=\"1752\">Zu den am h\u00e4ufigsten beschriebenen T\u00e4tigkeitsbereichen geh\u00f6ren:<\/p>\n<h3 data-start=\"1754\" data-end=\"1802\">Oxidativer Stress und metabolisches Gleichgewicht<\/h3>\n<p data-start=\"1803\" data-end=\"2003\">Die im Kn\u00f6terich enthaltenen polyphenolischen Verbindungen werden auf ihre F\u00e4higkeit hin untersucht, freie Radikale zu neutralisieren und die Schutzprozesse des K\u00f6rpers unter Bedingungen erh\u00f6hten oxidativen Stresses zu unterst\u00fctzen.<\/p>\n<h3 data-start=\"2005\" data-end=\"2036\">Herz-Kreislauf-System und Gef\u00e4\u00dfe<\/h3>\n<p data-start=\"2037\" data-end=\"2205\">Resveratrol und verwandte Verbindungen werden auf Prozesse untersucht, die f\u00fcr die normale Funktion der Blutgef\u00e4\u00dfe und die Aufrechterhaltung der endothelialen Elastizit\u00e4t wichtig sind.<\/p>\n<h3 data-start=\"2207\" data-end=\"2232\">Immunsystem<\/h3>\n<p data-start=\"2233\" data-end=\"2435\">Der Japanische Staudenkn\u00f6terich wird traditionell als Pflanze zur Unterst\u00fctzung des Gleichgewichts der k\u00f6rpereigenen Immunabwehr verwendet, insbesondere in Zeiten erh\u00f6hten Umwelt- und Stoffwechselstresses.<\/p>\n<h3 data-start=\"2437\" data-end=\"2463\">Prozesse der Eliminierung<\/h3>\n<p data-start=\"2464\" data-end=\"2585\">In der Phytotherapie wird der Kn\u00f6terich manchmal als eine Pflanze beschrieben, die die nat\u00fcrlichen Stoffwechsel- und Ausscheidungsprozesse des K\u00f6rpers unterst\u00fctzt.<\/p>\n<h2 data-start=\"2592\" data-end=\"2622\">Warum die liposomale Form?<\/h2>\n<p data-start=\"2624\" data-end=\"2780\">Polyphenolische Substanzen wie Resveratrol haben in ihrer klassischen Form eine begrenzte Bioverf\u00fcgbarkeit. Anwendung der liposomalen Technologie:<\/p>\n<ul data-start=\"2782\" data-end=\"3011\">\n<li data-start=\"2782\" data-end=\"2828\">\n<p data-start=\"2784\" data-end=\"2828\">f\u00f6rdert die Stabilit\u00e4t der Pflanzenbestandteile,<\/p>\n<\/li>\n<li data-start=\"2829\" data-end=\"2871\">\n<p data-start=\"2831\" data-end=\"2871\">erleichtert ihre biologische Nutzung,<\/p>\n<\/li>\n<li data-start=\"2872\" data-end=\"2942\">\n<p data-start=\"2874\" data-end=\"2942\">erm\u00f6glicht eine besser vorhersehbare Leistung bei niedrigeren Dosen,<\/p>\n<\/li>\n<li data-start=\"2943\" data-end=\"3011\">\n<p data-start=\"2945\" data-end=\"3011\">reduziert die Verluste durch den Stoffwechsel im Verdauungstrakt.<\/p>\n<\/li>\n<\/ul>\n<p data-start=\"3013\" data-end=\"3123\">Liposomen auf Basis von pflanzlichem Phosphatidylcholin sind mit der nat\u00fcrlichen Struktur biologischer Membranen kompatibel.<\/p>\n<h2 data-start=\"3130\" data-end=\"3152\">Art der Zubereitung<\/h2>\n<p data-start=\"3154\" data-end=\"3280\">Das Pr\u00e4parat aus Japanischem Staudenkn\u00f6terich ist als Teil einer <strong data-start=\"3221\" data-end=\"3257\">langfristigen Unterst\u00fctzung des K\u00f6rpers<\/strong> gedacht, insbesondere f\u00fcr Menschen:<\/p>\n<ul data-start=\"3282\" data-end=\"3498\">\n<li data-start=\"3282\" data-end=\"3348\">\n<p data-start=\"3284\" data-end=\"3348\">unter Bedingungen mit erh\u00f6htem oxidativem Stress funktionieren,<\/p>\n<\/li>\n<li data-start=\"3349\" data-end=\"3396\">\n<p data-start=\"3351\" data-end=\"3396\">auf der Suche nach pflanzlichen Quellen f\u00fcr Polyphenole,<\/p>\n<\/li>\n<li data-start=\"3397\" data-end=\"3452\">\n<p data-start=\"3399\" data-end=\"3452\">die sich um das Gleichgewicht des Stoffwechsels und des Immunsystems k\u00fcmmern,<\/p>\n<\/li>\n<li data-start=\"3453\" data-end=\"3498\">\n<p data-start=\"3455\" data-end=\"3498\">die moderne Formen der Phytotherapie bevorzugen.<\/p>\n<\/li>\n<\/ul>\n<p data-start=\"3500\" data-end=\"3596\">Die Wirkung der Formulierung beruht auf <strong data-start=\"3534\" data-end=\"3568\">Systematik und Stabilit\u00e4t<\/strong> und nicht auf einem Ad-hoc-Effekt.<\/p>\n<h2 data-start=\"3603\" data-end=\"3619\">Gebrauchsanweisung<\/h2>\n<p data-start=\"3621\" data-end=\"3695\">Empfohlene Tagesdosis:<br data-start=\"3645\" data-end=\"3648\"><strong data-start=\"3648\" data-end=\"3695\">wie auf dem Produktetikett angegeben.<\/strong><\/p>\n<p data-start=\"3697\" data-end=\"3804\">Direkt unter der Zunge oder in einer kleinen Menge Wasser verd\u00fcnnt einnehmen.<br data-start=\"3776\" data-end=\"3779\">Vor Gebrauch sch\u00fctteln.<\/p>\n<hr data-start=\"3806\" data-end=\"3809\">\n<h2 data-start=\"3811\" data-end=\"3842\">Warnungen und Lagerung<\/h2>\n<p data-start=\"3844\" data-end=\"4121\">\u00dcberschreiten Sie nicht die empfohlene Tagesdosis.<br data-start=\"3902\" data-end=\"3905\">Das Nahrungserg\u00e4nzungsmittel darf nicht als Ersatz f\u00fcr eine abwechslungsreiche Ern\u00e4hrung verwendet werden.<br data-start=\"3979\" data-end=\"3982\">Verwenden Sie es nicht, wenn Sie auf einen der Inhaltsstoffe allergisch sind.<br data-start=\"4047\" data-end=\"4050\">Schwangere und stillende Frauen sollten einen Arzt konsultieren.<\/p>\n<p data-start=\"4123\" data-end=\"4212\">Im K\u00fchlschrank bei 4-8\u00b0C lagern.<br data-start=\"4168\" data-end=\"4171\">Vor Licht und W\u00e4rmequellen sch\u00fctzen.<\/p>\n<hr data-start=\"4214\" data-end=\"4217\">\n<h2 data-start=\"4219\" data-end=\"4246\">\u2139\ufe0f Bildungsinformation<\/h2>\n<p data-start=\"4248\" data-end=\"4530\">Der Japanische Staudenkn\u00f6terich ist eine der am besten beschriebenen Pflanzen in der phytopharmakologischen Literatur. Wenn Sie mehr \u00fcber die detaillierte phytochemische Zusammensetzung und die in wissenschaftlichen Studien beschriebenen Mechanismen erfahren m\u00f6chten, lesen Sie bitte unseren lehrreichen Artikel \u00fcber diese Pflanze. <\/p>\n<p data-start=\"4532\" data-end=\"4555\">\ud83d\udc49 <em data-start=\"4535\" data-end=\"4555\"><a href=\"https:\/\/liposomalherb.com\/de\/liposomales-wissen\/rdestowiec-japonski-reynoutria-japonica\/\">Japanischer Staudenkn\u00f6terich (Reynoutria japonica) - liposomalherb.com<\/a><\/em><\/p>\n<p>&nbsp;<\/p>\n<p>Siehe  &gt;&gt; <a href=\"https:\/\/liposomalherb.com\/wp-content\/uploads\/2025\/12\/877574_25_GDY_Liposomalny-ekstrakt-roslinny-%E2%80%93-Rdestowiec-japonski-Polygon_PL.pdf\" target=\"_blank\" rel=\"noopener\">TESTBERICHT<\/a><\/p>\n<p>&nbsp;<\/p>\n<p>Weitere Informationen \u00fcber <strong>liposomale Kr\u00e4uterformulierungen<\/strong> finden Sie <strong><a href=\"https:\/\/liposomalherb.com\/de\/ziolowe-preparaty-liposomalne\/\">HIER<\/a><\/strong><\/p>\n<p>&nbsp;<\/p>\n<\/div>\n<\/div>\n","protected":false},"excerpt":{"rendered":"<p><strong data-start=\"595\" data-end=\"642\">Der Japanische Staudenkn\u00f6terich (<em data-start=\"618\" data-end=\"639\">Reynoutria japonica<\/em><\/strong> ) ist eine Pflanze, die reich an nat\u00fcrlichen polyphenolischen Verbindungen ist und seit vielen Jahren in der traditionellen Phytotherapie verwendet wird.<br data-start=\"754\" data-end=\"757\">Staudenkn\u00f6terich-Extrakt ist eine Quelle von Substanzen wie Resveratrol, Polydatin und Flavonoiden, die Gegenstand zahlreicher wissenschaftlicher Studien im Zusammenhang mit oxidativen und metabolischen Prozessen im K\u00f6rper sind.<\/p>\n","protected":false},"featured_media":7748,"comment_status":"open","ping_status":"closed","template":"","meta":{"_acf_changed":false,"rank_math_lock_modified_date":false},"product_cat":[334],"product_tag":[],"class_list":{"0":"post-6964","1":"product","2":"type-product","3":"status-publish","4":"has-post-thumbnail","6":"product_cat-greenhemp-de","8":"first","9":"instock","10":"shipping-taxable","11":"purchasable","12":"product-type-simple"},"acf":[],"_links":{"self":[{"href":"https:\/\/liposomalherb.com\/de\/wp-json\/wp\/v2\/product\/6964"}],"collection":[{"href":"https:\/\/liposomalherb.com\/de\/wp-json\/wp\/v2\/product"}],"about":[{"href":"https:\/\/liposomalherb.com\/de\/wp-json\/wp\/v2\/types\/product"}],"replies":[{"embeddable":true,"href":"https:\/\/liposomalherb.com\/de\/wp-json\/wp\/v2\/comments?post=6964"}],"wp:featuredmedia":[{"embeddable":true,"href":"https:\/\/liposomalherb.com\/de\/wp-json\/wp\/v2\/media\/7748"}],"wp:attachment":[{"href":"https:\/\/liposomalherb.com\/de\/wp-json\/wp\/v2\/media?parent=6964"}],"wp:term":[{"taxonomy":"product_cat","embeddable":true,"href":"https:\/\/liposomalherb.com\/de\/wp-json\/wp\/v2\/product_cat?post=6964"},{"taxonomy":"product_tag","embeddable":true,"href":"https:\/\/liposomalherb.com\/de\/wp-json\/wp\/v2\/product_tag?post=6964"}],"curies":[{"name":"wp","href":"https:\/\/api.w.org\/{rel}","templated":true}]}}