{"id":6972,"date":"2023-08-02T09:51:52","date_gmt":"2023-08-02T07:51:52","guid":{"rendered":"https:\/\/liposomalherb.com\/produkt\/ashwagandha-ekstrakt-liposomalny-10ml\/"},"modified":"2026-02-06T13:17:33","modified_gmt":"2026-02-06T12:17:33","slug":"ashwagandha-ekstrakt-liposomalny-10ml","status":"publish","type":"product","link":"https:\/\/liposomalherb.com\/de\/produkt\/ashwagandha-ekstrakt-liposomalny-10ml\/","title":{"rendered":"Ashwagandha liposomaler Extrakt 10ml"},"content":{"rendered":"<h3 data-start=\"967\" data-end=\"1022\">Ashwagandha Liposomaler Extrakt<\/h3>\n<p data-start=\"1023\" data-end=\"1045\"><em data-start=\"1023\" data-end=\"1045\">(Withania somnifera)<\/em><\/p>\n<p data-start=\"1047\" data-end=\"1318\">Ashwagandha<em data-start=\"1060\" data-end=\"1080\">(Withania somnifera<\/em>) ist eine der am besten beschriebenen adaptogenen Pflanzen in den traditionellen Phytotherapiesystemen. Der pflanzliche Rohstoff ist die <strong data-start=\"1197\" data-end=\"1207\">Wurzel<\/strong>, die reich an charakteristischen steroidalen Verbindungen, den <strong data-start=\"1270\" data-end=\"1284\">Vitanoliden<\/strong>, sowie an Alkaloiden und Phytosterolen ist. <\/p>\n<p data-start=\"1320\" data-end=\"1513\"><strong data-start=\"1333\" data-end=\"1363\">Ashwagandha Liposomal <\/strong> verwendet <strong data-start=\"1376\" data-end=\"1397\">eine liposomale Formulierung<\/strong>, die darauf abzielt, die Stabilit\u00e4t und Bioverf\u00fcgbarkeit der nat\u00fcrlichen Pflanzenstoffe im t\u00e4glichen Gebrauch zu verbessern.<\/p>\n<h3 data-start=\"1520\" data-end=\"1561\">Art des Rohmaterials und der Pflanzenmatrix<\/h3>\n<p data-start=\"1563\" data-end=\"1807\">Ashwagandha ist kein einzelner &#8218;Wirkstoff&#8216;, sondern <strong data-start=\"1625\" data-end=\"1653\">eine komplexe Pflanzenmatrix<\/strong>, deren Potenzial auf das Zusammenspiel mehrerer biologisch aktiver Fraktionen zur\u00fcckzuf\u00fchren ist. In der phytotherapeutischen Literatur wird diese Pflanze im Zusammenhang beschrieben: <\/p>\n<ul data-start=\"1809\" data-end=\"1992\">\n<li data-start=\"1809\" data-end=\"1846\">\n<p data-start=\"1811\" data-end=\"1846\">die Anpassungsprozesse des K\u00f6rpers,<\/p>\n<\/li>\n<li data-start=\"1847\" data-end=\"1880\">\n<p data-start=\"1849\" data-end=\"1880\">das Gleichgewicht der Stressreaktionen,<\/p>\n<\/li>\n<li data-start=\"1881\" data-end=\"1931\">\n<p data-start=\"1883\" data-end=\"1931\">Unterst\u00fctzung des Nerven- und neuroendokrinen Systems,<\/p>\n<\/li>\n<li data-start=\"1932\" data-end=\"1992\">\n<p data-start=\"1934\" data-end=\"1992\">Aufrechterhaltung der Hom\u00f6ostase unter Umweltstress.<\/p>\n<\/li>\n<\/ul>\n<h3 data-start=\"1999\" data-end=\"2030\">Warum die liposomale Form?<\/h3>\n<p data-start=\"2032\" data-end=\"2164\">Die in Ashwaganda enthaltenen Wirkstoffe sind in den klassischen Darreichungsformen nur begrenzt bioverf\u00fcgbar. Liposomale Technologie: <\/p>\n<ul data-start=\"2166\" data-end=\"2355\">\n<li data-start=\"2166\" data-end=\"2211\">\n<p data-start=\"2168\" data-end=\"2211\">sch\u00fctzt Pflanzenbestandteile vor dem Abbau,<\/p>\n<\/li>\n<li data-start=\"2212\" data-end=\"2247\">\n<p data-start=\"2214\" data-end=\"2247\">unterst\u00fctzt ihren Kontakt mit dem Organismus,<\/p>\n<\/li>\n<li data-start=\"2248\" data-end=\"2304\">\n<p data-start=\"2250\" data-end=\"2304\">erm\u00f6glicht ein vorhersehbares, schrittweises Vorgehen,<\/p>\n<\/li>\n<li data-start=\"2305\" data-end=\"2355\">\n<p data-start=\"2307\" data-end=\"2355\">ist f\u00f6rderlich f\u00fcr die langfristige Arbeit mit pflanzlichem Rohmaterial.<\/p>\n<\/li>\n<\/ul>\n<p data-start=\"2357\" data-end=\"2451\">Liposomen auf der Basis von pflanzlichen Phospholipiden beziehen sich auf die nat\u00fcrliche Struktur biologischer Membranen.<\/p>\n<h3 data-start=\"2458\" data-end=\"2480\">Art des Produkts<\/h3>\n<p data-start=\"2482\" data-end=\"2622\">Ashwagandha Liposomal ist kein Ad-hoc-Pr\u00e4parat.<br data-start=\"2538\" data-end=\"2541\">Es ist so konzipiert, dass es Teil eines <strong data-start=\"2576\" data-end=\"2587\">Prozesses<\/strong> ist, in dem der Schl\u00fcssel:<\/p>\n<ul data-start=\"2624\" data-end=\"2725\">\n<li data-start=\"2624\" data-end=\"2649\">\n<p data-start=\"2626\" data-end=\"2649\">Regelm\u00e4\u00dfigkeit der Anwendung,<\/p>\n<\/li>\n<li data-start=\"2650\" data-end=\"2681\">\n<p data-start=\"2652\" data-end=\"2681\">Beobachtung der Reaktion des K\u00f6rpers,<\/p>\n<\/li>\n<li data-start=\"2682\" data-end=\"2725\">\n<p data-start=\"2684\" data-end=\"2725\">Gleichgewicht zwischen Anpassung und Regeneration.<\/p>\n<\/li>\n<\/ul>\n<p data-start=\"2727\" data-end=\"2857\">Das Produkt ist Teil eines Konzepts, bei dem <strong data-start=\"2769\" data-end=\"2808\">Form, Rohstoffqualit\u00e4t und Technologie<\/strong> wichtiger sind als Mengenangaben<\/p>\n<h2 data-start=\"2690\" data-end=\"2710\"><span style=\"font-size: 14pt;\"><strong data-start=\"2693\" data-end=\"2710\">Gebrauchsanweisung<\/strong><\/span><\/h2>\n<p data-start=\"954\" data-end=\"1080\"><strong data-start=\"954\" data-end=\"986\">Einnahmeempfehlung:<\/strong><br data-start=\"986\" data-end=\"989\"><strong data-start=\"994\" data-end=\"1037\">1 bis 2 Tropfen pro 10 kg K\u00f6rpergewicht<\/strong>,<br data-start=\"1038\" data-end=\"1041\"> 2<strong data-start=\"1043\" data-end=\"1062\">mal t\u00e4glich<\/strong> (alle 12 Stunden).<\/p>\n<p data-start=\"1087\" data-end=\"1154\">Es wird empfohlen, mit der Nahrungserg\u00e4nzung im <strong data-start=\"1127\" data-end=\"1153\">unteren Bereich der Portionen<\/strong> zu beginnen.<\/p>\n<p data-start=\"1087\" data-end=\"1154\">Zum Beispiel: eine 70 kg schwere Person von 7-14 Tropfen pro Portion.<\/p>\n<p data-start=\"2880\" data-end=\"2987\">Direkt unter der Zunge oder in einer kleinen Menge Wasser verd\u00fcnnt einnehmen.<br data-start=\"2959\" data-end=\"2962\">Vor Gebrauch sch\u00fctteln.<\/p>\n<h2 data-start=\"2994\" data-end=\"3029\"><span style=\"font-size: 14pt;\"><strong data-start=\"2997\" data-end=\"3029\">Warnungen und Lagerung<\/strong><\/span><\/h2>\n<p data-start=\"3031\" data-end=\"3308\">\u00dcberschreiten Sie nicht die empfohlene Tagesdosis.<br data-start=\"3089\" data-end=\"3092\">Das Nahrungserg\u00e4nzungsmittel darf nicht als Ersatz f\u00fcr eine abwechslungsreiche Ern\u00e4hrung verwendet werden.<br data-start=\"3166\" data-end=\"3169\">Verwenden Sie es nicht, wenn Sie auf einen der Inhaltsstoffe allergisch sind.<br data-start=\"3234\" data-end=\"3237\">Schwangere und stillende Frauen sollten einen Arzt konsultieren.<\/p>\n<p data-start=\"3310\" data-end=\"3435\">Vor und nach dem \u00d6ffnen im K\u00fchlschrank bei bis zu 10\u00b0C lagern.<br data-start=\"3391\" data-end=\"3394\">Vor Licht und W\u00e4rmequellen sch\u00fctzen.<\/p>\n<h2 data-start=\"3442\" data-end=\"3473\"><strong data-start=\"3448\" data-end=\"3473\">Technische Informationen<\/strong><\/h2>\n<p data-start=\"3475\" data-end=\"3613\">Produkt: Nahrungserg\u00e4nzungsmittel<br data-start=\"3499\" data-end=\"3502\">Nettof\u00fcllmenge: 10 ml \/ 30 ml<br data-start=\"3531\" data-end=\"3534\">Ursprungsland: Polen<br data-start=\"3558\" data-end=\"3561\">Verantwortlicher Rechtstr\u00e4ger: Green Hemp Poland Sp. z o.o.<\/p>\n<p>Siehe  &gt;&gt; <a href=\"https:\/\/liposomalherb.com\/wp-content\/uploads\/2025\/12\/877575_25_GDY_Liposomalny-ekstrakt-roslinny-%E2%80%93-Ashwagandha-Withania-somnif_PL.pdf\" target=\"_blank\" rel=\"noopener\">TESTBERICHT<\/a><\/p>\n<p><strong data-start=\"375\" data-end=\"481\">Eine ausf\u00fchrliche Diskussion \u00fcber die Zusammensetzung, den Wirkmechanismus und die Rolle der liposomalen Form finden Sie in diesem Artikel:<\/strong><\/p>\n<h3 class=\"elementor-post__title\"><span style=\"font-size: 12pt;\"><a href=\"https:\/\/liposomalherb.com\/de\/liposomales-wissen\/ashwagandha-roslina-zwiazki-i-biodostepnosc\/\">Ashwagandha - Pflanze, Inhaltsstoffe und Bioverf\u00fcgbarkeit<\/a><\/span><\/h3>\n","protected":false},"excerpt":{"rendered":"<p><strong data-start=\"3482\" data-end=\"3532\">Liposomales Ashwagandha (<em data-start=\"3509\" data-end=\"3529\">Withania somnifera<\/em><\/strong> ) ist ein pflanzliches Adaptogen, das in liposomaler Form entwickelt wurde, um die Stabilit\u00e4t und Bioverf\u00fcgbarkeit der Inhaltsstoffe bei der t\u00e4glichen Einnahme zu f\u00f6rdern.<br data-start=\"3676\" data-end=\"3679\">Das Produkt ist als Teil einer langfristigen Unterst\u00fctzung f\u00fcr den K\u00f6rper in Zeiten von Stress und \u00dcberlastung konzipiert.<\/p>\n","protected":false},"featured_media":8061,"comment_status":"open","ping_status":"closed","template":"","meta":{"_acf_changed":false,"rank_math_lock_modified_date":false},"product_cat":[334],"product_tag":[],"class_list":{"0":"post-6972","1":"product","2":"type-product","3":"status-publish","4":"has-post-thumbnail","6":"product_cat-greenhemp-de","8":"first","9":"instock","10":"shipping-taxable","11":"purchasable","12":"product-type-simple"},"acf":[],"_links":{"self":[{"href":"https:\/\/liposomalherb.com\/de\/wp-json\/wp\/v2\/product\/6972"}],"collection":[{"href":"https:\/\/liposomalherb.com\/de\/wp-json\/wp\/v2\/product"}],"about":[{"href":"https:\/\/liposomalherb.com\/de\/wp-json\/wp\/v2\/types\/product"}],"replies":[{"embeddable":true,"href":"https:\/\/liposomalherb.com\/de\/wp-json\/wp\/v2\/comments?post=6972"}],"wp:featuredmedia":[{"embeddable":true,"href":"https:\/\/liposomalherb.com\/de\/wp-json\/wp\/v2\/media\/8061"}],"wp:attachment":[{"href":"https:\/\/liposomalherb.com\/de\/wp-json\/wp\/v2\/media?parent=6972"}],"wp:term":[{"taxonomy":"product_cat","embeddable":true,"href":"https:\/\/liposomalherb.com\/de\/wp-json\/wp\/v2\/product_cat?post=6972"},{"taxonomy":"product_tag","embeddable":true,"href":"https:\/\/liposomalherb.com\/de\/wp-json\/wp\/v2\/product_tag?post=6972"}],"curies":[{"name":"wp","href":"https:\/\/api.w.org\/{rel}","templated":true}]}}