{"id":7008,"date":"2025-03-26T10:40:18","date_gmt":"2025-03-26T09:40:18","guid":{"rendered":"https:\/\/liposomalherb.com\/?post_type=product&#038;p=7008"},"modified":"2026-03-04T20:30:20","modified_gmt":"2026-03-04T19:30:20","slug":"maca-ekstrakt-liposomalny-30-ml","status":"publish","type":"product","link":"https:\/\/liposomalherb.com\/de\/produkt\/maca-ekstrakt-liposomalny-30-ml\/","title":{"rendered":"MACA liposomaler Extrakt 10 ml"},"content":{"rendered":"<div id=\"v1v1v1_rc_sig\">\n<div id=\"v1v1v1forwardbody1\">\n<div id=\"v1v1v1v1forwardbody1\">\n<div id=\"v1v1v1v1v1signature\">\n<div id=\"v1v1v1v1v1signature\">\n<p><strong>MACA (Lepidium meyenii) liposomaler Extrakt 10 ml  <\/strong><\/p>\n<div id=\"v1replybody1\">\n<div>\n<p>Nat\u00fcrliches Adaptogen in einer modernen liposomalen Formel - f\u00fcr St\u00e4rke, Immunit\u00e4t und Gleichgewicht<\/p>\n<p>Maca, auch bekannt als &#8218;peruanischer Ginseng&#8216;, ist eine Pflanze mit einzigartigen adaptogenen Eigenschaften - das bedeutet, dass sich ihre Wirkung an die individuellen Bed\u00fcrfnisse des K\u00f6rpers anpasst und ihn dort unterst\u00fctzt, wo er sie am meisten braucht. Sie ist eine nat\u00fcrliche biologische Intelligenz, die synergetisch mit Ihrem K\u00f6rper zusammenarbeitet - unabh\u00e4ngig von Alter, Geschlecht oder Aktivit\u00e4tsniveau. <\/p>\n<p><strong>Warum liposomales MACA?<\/strong><br \/>\nUnsere Formel verwendet die liposomale Technologie, die die Bioverf\u00fcgbarkeit der Wirkstoffe deutlich erh\u00f6ht. So kann der Extrakt schnell und effektiv dorthin gelangen, wo er ben\u00f6tigt wird. <\/p>\n<p><strong>Wirkstoffe von Matze - Wissenschaft und Tradition in einem<\/strong><br \/>\nDie Matze-Wurzel enth\u00e4lt unter anderem:<br \/>\n- vollst\u00e4ndiges Eiwei\u00df und exogene Aminos\u00e4uren,<br \/>\n- Vitamine, insbesondere der B-Gruppe und Mineralstoffe (Eisen, Zink, Kalzium),<br \/>\n- pflanzliche Sterole - die \u00e4hnlich wie Hormone wirken und die endokrinen Funktionen regulieren,<br \/>\n- nat\u00fcrliche Antioxidantien, die die Zellen vor freien Radikalen sch\u00fctzen.<\/p>\n<p><strong>  Die Eigenschaften von Maca (Lepidium meyenii) werden seit Jahrhunderten in der traditionellen Medizin der Anden zur Unterst\u00fctzung von Vitalit\u00e4t und Immunit\u00e4t verwendet.<\/strong><br \/>\n- st\u00e4rkt das Immunsystem und verbessert die allgemeine Vitalit\u00e4t des K\u00f6rpers,<br \/>\n- steigert die k\u00f6rperliche und geistige Leistungsf\u00e4higkeit - insbesondere bei M\u00fcdigkeit, Schw\u00e4che und Stress,<br \/>\n- unterst\u00fctzt die hormonellen Funktionen - bei Frauen und M\u00e4nnern (hilft bei unregelm\u00e4\u00dfigen Zyklen, Menopause, PMS, Andropause),<br \/>\n- Erh\u00f6ht die Fruchtbarkeit und Libido - beeinflusst die Anzahl der Spermien und die Reifung der Eizellen,<br \/>\n- wirkt als Antioxidans - sch\u00fctzt die Zellen vor vorzeitiger Alterung,<br \/>\n- unterst\u00fctzt das Ged\u00e4chtnis und die Konzentration, verbessert die kognitiven Funktionen,<br \/>\n- wirkt als Unterst\u00fctzung w\u00e4hrend der Rekonvaleszenz, als nat\u00fcrliches St\u00e4rkungsmittel f\u00fcr \u00e4ltere Menschen,<br \/>\n- kann pr\u00e4menstruelle Spannungen lindern und die Schlafqualit\u00e4t verbessern.<\/p>\n<p>Dar\u00fcber hinaus kann dieser Rohstoff auch als Energiespender verwendet werden, der die Ausdauer der Muskeln erh\u00f6ht (die Wirkung der in der Pflanze enthaltenen Sterole \u00e4hnelt teilweise der von Anabolika).<\/p>\n<p><strong>Wann ist es sinnvoll, MACA einzunehmen?<\/strong><br \/>\n- wenn Sie ein Nachlassen der k\u00f6rperlichen oder geistigen Form versp\u00fcren,<br \/>\n- bei chronischem Stress, M\u00fcdigkeit, Konzentrationsproblemen,<br \/>\n- w\u00e4hrend der Menopause, Andropause, unregelm\u00e4\u00dfigen Zyklen oder PMS,<br \/>\n- bei erh\u00f6hter k\u00f6rperlicher oder geistiger Anstrengung,<br \/>\n- w\u00e4hrend der Rekonvaleszenz - zur Beschleunigung der Regeneration,<br \/>\n- zur Unterst\u00fctzung der Libido und der Fruchtbarkeit,<br \/>\n- bei Schlaflosigkeit, Osteoporose oder nerv\u00f6ser Anspannung.<\/p>\n<p><strong>Form, Qualit\u00e4t und Sicherheit<\/strong><br \/>\nUnsere Maca ist ein reiner, nat\u00fcrlicher liposomaler Extrakt ohne Konservierungsmittel, Farbstoffe oder k\u00fcnstliche Zus\u00e4tze. 10 ml konzentrierte Kraft, verkapselt in einer Flasche - praktisch f\u00fcr die Dosierung und den t\u00e4glichen Gebrauch. <\/p>\n<p>Produkt geeignet f\u00fcr Veganer und Vegetarier. Gluten- und laktosefrei.<br \/>\nHergestellt mit \u00e4u\u00dferster Sorgfalt und nach modernen Produktionsstandards. <\/p>\n<p>Entdecken Sie die synergetische Kraft der Kombination von Natur und Technologie.<br \/>\nLiposomales MACA ist mehr als ein Nahrungserg\u00e4nzungsmittel - es ist eine t\u00e4gliche Unterst\u00fctzung f\u00fcr Ihr Immunsystem, Ihre Energie und Ihr hormonelles Gleichgewicht. Setzen Sie auf nat\u00fcrliche Kraft, die sich an Ihre Bed\u00fcrfnisse anpasst. <\/p>\n<p>&nbsp;<\/p>\n<\/div>\n<p>Im K\u00fchlschrank aufbewahren 4-8&#8217;C<\/p>\n<p>Siehe  &gt;&gt; <a href=\"https:\/\/liposomalherb.com\/wp-content\/uploads\/2025\/12\/877573_25_GDY_-Maca-Lepidium-meyeniiLiposomalny-ekstrakt-roslinny-%E2%80%93-Maca_PL.pdf\" target=\"_blank\" rel=\"noopener\">TESTBERICHT<\/a><\/p>\n<p>&nbsp;<\/p>\n<\/div>\n<p>Weitere Informationen \u00fcber <strong>liposomale Kr\u00e4uterformulierungen<\/strong> finden Sie <strong><a href=\"https:\/\/liposomalherb.com\/de\/ziolowe-preparaty-liposomalne\/\">HIER<\/a><\/strong><\/p>\n<p>&nbsp;<\/p>\n<\/div>\n<\/div>\n<\/div>\n<\/div>\n<\/div>\n","protected":false},"excerpt":{"rendered":"<div id=\"v1replybody1\">\n<div>\n<p>MACA liposomaler Extrakt 10 ml ist eine innovative Formel, die die traditionellen adaptogenen Eigenschaften der peruanischen Maca mit der liposomalen Technologie kombiniert. Es unterst\u00fctzt die Immunit\u00e4t, steigert die k\u00f6rperliche und geistige Leistungsf\u00e4higkeit, verbessert die Regeneration, wirkt antioxidativ und hilft dem K\u00f6rper, besser mit Stress, M\u00fcdigkeit und hormonellen Ungleichgewichten umzugehen. <\/p>\n<\/div>\n<\/div>\n","protected":false},"featured_media":7125,"comment_status":"open","ping_status":"closed","template":"","meta":{"_acf_changed":false,"rank_math_lock_modified_date":false},"product_cat":[334],"product_tag":[],"class_list":{"0":"post-7008","1":"product","2":"type-product","3":"status-publish","4":"has-post-thumbnail","6":"product_cat-greenhemp-de","8":"first","9":"onbackorder","10":"shipping-taxable","11":"purchasable","12":"product-type-simple"},"acf":[],"_links":{"self":[{"href":"https:\/\/liposomalherb.com\/de\/wp-json\/wp\/v2\/product\/7008"}],"collection":[{"href":"https:\/\/liposomalherb.com\/de\/wp-json\/wp\/v2\/product"}],"about":[{"href":"https:\/\/liposomalherb.com\/de\/wp-json\/wp\/v2\/types\/product"}],"replies":[{"embeddable":true,"href":"https:\/\/liposomalherb.com\/de\/wp-json\/wp\/v2\/comments?post=7008"}],"wp:featuredmedia":[{"embeddable":true,"href":"https:\/\/liposomalherb.com\/de\/wp-json\/wp\/v2\/media\/7125"}],"wp:attachment":[{"href":"https:\/\/liposomalherb.com\/de\/wp-json\/wp\/v2\/media?parent=7008"}],"wp:term":[{"taxonomy":"product_cat","embeddable":true,"href":"https:\/\/liposomalherb.com\/de\/wp-json\/wp\/v2\/product_cat?post=7008"},{"taxonomy":"product_tag","embeddable":true,"href":"https:\/\/liposomalherb.com\/de\/wp-json\/wp\/v2\/product_tag?post=7008"}],"curies":[{"name":"wp","href":"https:\/\/api.w.org\/{rel}","templated":true}]}}