{"id":7839,"date":"2025-08-22T14:33:29","date_gmt":"2025-08-22T12:33:29","guid":{"rendered":"https:\/\/liposomalherb.com\/produkt\/detox-liposomal-2-x-30ml\/"},"modified":"2026-03-13T12:30:25","modified_gmt":"2026-03-13T11:30:25","slug":"detox-liposomal-2-x-30ml","status":"publish","type":"product","link":"https:\/\/liposomalherb.com\/de\/produkt\/detox-liposomal-2-x-30ml\/","title":{"rendered":"DETOX LIPOSOMAL 2 x 30 ml \/ 2 x 50 ml"},"content":{"rendered":"<h2 data-start=\"727\" data-end=\"747\"><span style=\"font-size: 14pt;\">ENTGIFTUNG LIPOSOMAL<\/span><\/h2>\n<p data-start=\"748\" data-end=\"834\">Set von liposomalen Pflanzenextrakten und Zubereitung zur \u00e4usserlichen Anwendung<\/p>\n<p data-start=\"836\" data-end=\"861\"><strong data-start=\"836\" data-end=\"861\">2 \u00d7 30 ml \/ 2 \u00d7 50 ml<\/strong><\/p>\n<p data-start=\"863\" data-end=\"1197\">Detox Liposomal ist ein Zwei-Komponenten-Kit, das f\u00fcr Menschen entwickelt wurde, die unter erh\u00f6htem Umwelt- und Stoffwechselstress stehen. Die Zusammensetzung kombiniert <strong data-start=\"1035\" data-end=\"1093\">liposomale Pflanzenextrakte zur oralen<\/strong> <strong data-start=\"1096\" data-end=\"1196\">Anwendung<\/strong> mit <strong data-start=\"1096\" data-end=\"1196\">einer Formulierung auf der Basis kolloidaler Formen von Gold und Silber zur \u00e4u\u00dferlichen Anwendung<\/strong>. <\/p>\n<p data-start=\"1199\" data-end=\"1381\">Das Kit ist als <strong data-start=\"1233\" data-end=\"1271\">strukturierter, prozessgesteuerter Ansatz<\/strong> konzipiert, der auf modernen technologischen Formulierungen und sorgf\u00e4ltig ausgew\u00e4hlten pflanzlichen und mineralischen Rohstoffen basiert.<\/p>\n<h3 data-start=\"1388\" data-end=\"1417\"><span style=\"font-size: 12pt;\">1 <strong data-start=\"320\" data-end=\"344\">Detox Liposomal Herb<\/strong> ist eine komplexe Formel auf der Basis von Pflanzenextrakten, die mit Hilfe der Liposomentechnologie zubereitet wurde, um die nat\u00fcrlichen Reinigungs- und Regulierungsprozesse des K\u00f6rpers zu unterst\u00fctzen.<\/span><\/h3>\n<p data-start=\"524\" data-end=\"818\">Das Produkt ist Teil eines umfassenderen Ansatzes f\u00fcr die Arbeit mit biologischen und umweltbedingten Belastungen. Es kombiniert Rohstoffe, die traditionell in Reinigungsformulierungen verwendet werden, und ber\u00fccksichtigt dabei die Notwendigkeit einer progressiven Wirkung sowie den Schutz und die Regeneration der f\u00fcr die Ausscheidung zust\u00e4ndigen Systeme. <\/p>\n<h2 data-start=\"825\" data-end=\"857\"><span style=\"font-size: 14pt;\">Pflanzeninhaltsstoffe und ihre Rolle<\/span><\/h2>\n<p data-start=\"859\" data-end=\"1062\"><strong data-start=\"859\" data-end=\"905\">Japanischer Staudenkn\u00f6terich (Polygonum cuspidatum)<\/strong><br data-start=\"905\" data-end=\"908\">Quelle von Polyphenolen, darunter Resveratrol. Wird in Pr\u00e4paraten zur Unterst\u00fctzung des mikrobiellen Gleichgewichts und der nat\u00fcrlichen Schutzmechanismen des K\u00f6rpers verwendet. <\/p>\n<p data-start=\"1064\" data-end=\"1244\"><strong data-start=\"1064\" data-end=\"1112\">Baikal-Schilddr\u00fcse (Scutellaria baicalensis)<\/strong><br data-start=\"1112\" data-end=\"1115\">Adaptogene Pflanze, die in Formeln verwendet wird, die entz\u00fcndliche Reaktionen regulieren und die Immunfunktion unterst\u00fctzen.<\/p>\n<p data-start=\"1246\" data-end=\"1416\"><strong data-start=\"1246\" data-end=\"1279\">Walnuss (Juglans regia)<\/strong><br data-start=\"1279\" data-end=\"1282\">Traditionell in reinigenden Mischungen enthalten, insbesondere im Zusammenhang mit dem Gleichgewicht des Darms und der Arbeit mit biologischer \u00dcberlastung.<\/p>\n<p data-start=\"1418\" data-end=\"1592\"><strong data-start=\"1418\" data-end=\"1452\">Gew\u00fcrznelken (Syzygium aromaticum)<\/strong><br data-start=\"1452\" data-end=\"1455\">Ein Rohstoff mit einem hohen Gehalt an aromatischen Verbindungen, der h\u00e4ufig in Pr\u00e4paraten zur Unterst\u00fctzung des Magen-Darm-Trakts verwendet wird.<\/p>\n<p data-start=\"1594\" data-end=\"1760\"><strong data-start=\"1594\" data-end=\"1625\">Wrotha (Tanacetum vulgare)<\/strong><br data-start=\"1625\" data-end=\"1628\">Eine Pflanze mit einem intensiven biologischen Profil, die in kontrollierten Entgiftungsformeln im Rahmen der Stressarbeit verwendet wird.<\/p>\n<p data-start=\"1762\" data-end=\"1916\"><strong data-start=\"1762\" data-end=\"1795\">Wermut (Artemisia absinthium)<\/strong><br data-start=\"1795\" data-end=\"1798\">Ein klassischer Bestandteil von Entschlackungsmischungen, der bei langfristiger Arbeit mit mikrobieller \u00dcberlastung verwendet wird.<\/p>\n<p data-start=\"1918\" data-end=\"2083\"><strong data-start=\"1918\" data-end=\"1959\">Andrographis (Andrographis paniculata)<\/strong><br data-start=\"1959\" data-end=\"1962\">Eine Pflanze mit regulierenden Eigenschaften, die in Formeln zur Unterst\u00fctzung der Immunit\u00e4t und der Anpassungsprozesse des K\u00f6rpers verwendet wird.<\/p>\n<p data-start=\"2085\" data-end=\"2247\"><strong data-start=\"2085\" data-end=\"2115\">Sax (Dipsacus fullonum)<\/strong><br data-start=\"2115\" data-end=\"2118\">Ein Rohstoff, der f\u00fcr seine Anwendungen in der langfristigen K\u00f6rperarbeit bekannt ist, insbesondere im Zusammenhang mit dem metabolischen Gleichgewicht und der Regeneration.<\/p>\n<p data-start=\"2249\" data-end=\"2394\"><strong data-start=\"2249\" data-end=\"2297\">Lapacho \/ Pau d&#8217;Arco (Tabebuia impetiginosa)<\/strong><br data-start=\"2297\" data-end=\"2300\">Baumrinde, die in Pr\u00e4paraten zur Unterst\u00fctzung der nat\u00fcrlichen Abwehrmechanismen des K\u00f6rpers verwendet wird.<\/p>\n<p data-start=\"2396\" data-end=\"2529\"><strong data-start=\"2396\" data-end=\"2436\">Betulin (extrahiert aus Birkenrinde)<\/strong><br data-start=\"2436\" data-end=\"2439\">Eine Triterpenverbindung, die regenerative und sch\u00fctzende Prozesse unterst\u00fctzt.<\/p>\n<h2 data-start=\"2536\" data-end=\"2573\"><span style=\"font-size: 14pt;\">Die Bedeutung der liposomalen Technologie<\/span><\/h2>\n<p data-start=\"2575\" data-end=\"2830\">Der Einsatz der Liposomentechnologie erm\u00f6glicht einen besseren Schutz der Wirkstoffe und ihren effektiveren Kontakt mit dem K\u00f6rper.<br data-start=\"2708\" data-end=\"2711\">Liposomen f\u00f6rdern die Bioverf\u00fcgbarkeit der Pflanzenstoffe und erm\u00f6glichen ihre allm\u00e4hliche, besser vorhersehbare Freisetzung.<\/p>\n<p data-start=\"2832\" data-end=\"3011\">Dies ist besonders wichtig bei Pr\u00e4paraten, die f\u00fcr eine l\u00e4ngerfristige Anwendung bestimmt sind, bei denen nicht nur die Wirksamkeit, sondern auch die Stabilit\u00e4t der Wirkung und die Vertr\u00e4glichkeit f\u00fcr den K\u00f6rper wichtig sind.<\/p>\n<p data-start=\"2832\" data-end=\"3011\">Art des Produkts<\/p>\n<p data-start=\"3041\" data-end=\"3283\">Detox Liposomal Herb ist kein Ad-hoc-Pr\u00e4parat.<br data-start=\"3103\" data-end=\"3106\">Es wurde als Teil eines Prozesses konzipiert, bei dem es entscheidend ist, die Reaktion des K\u00f6rpers zu beobachten, es regelm\u00e4\u00dfig anzuwenden und parallel dazu f\u00fcr Regeneration und Gleichgewicht zu sorgen.<\/p>\n<h3 data-start=\"2419\" data-end=\"2445\">2. entgiften Gold Silber<\/h3>\n<p data-start=\"2446\" data-end=\"2513\"><strong data-start=\"2446\" data-end=\"2513\">Pr\u00e4parat zur \u00e4u\u00dferlichen Anwendung - kolloidales Gold und Silber<\/strong><\/p>\n<p data-start=\"2515\" data-end=\"2730\">Detox Gold Silver ist eine Formulierung <strong data-start=\"2558\" data-end=\"2598\">zur \u00e4u\u00dferlichen Anwendung<\/strong>. Es enth\u00e4lt Gold und Silber in kolloidaler Form, formuliert f\u00fcr eine stabile Dispersion und eine bequeme topische Anwendung. <\/p>\n<p data-start=\"2732\" data-end=\"2803\">Das Produkt ist kein Nahrungserg\u00e4nzungsmittel und ist nicht zum Verzehr bestimmt.<\/p>\n<h3 data-start=\"2810\" data-end=\"2831\">Art des Kits<\/h3>\n<p data-start=\"2833\" data-end=\"2890\">Das Detox Liposomal Kit ist f\u00fcr Menschen gedacht, die:<\/p>\n<ul data-start=\"2891\" data-end=\"3232\">\n<li data-start=\"2891\" data-end=\"2975\">\n<p data-start=\"2893\" data-end=\"2975\">Funktion unter erh\u00f6htem Umwelt- und Stoffwechselstress,<\/p>\n<\/li>\n<li data-start=\"2976\" data-end=\"3078\">\n<p data-start=\"2978\" data-end=\"3078\">sind auf der Suche nach L\u00f6sungen, die auf Pflanzenextrakten und modernen technologischen Formulierungen basieren,<\/p>\n<\/li>\n<li data-start=\"3079\" data-end=\"3170\">\n<p data-start=\"3081\" data-end=\"3170\">bevorzugen <strong data-start=\"3091\" data-end=\"3128\">ein systematisches, ruhiges Vorgehen<\/strong> gegen\u00fcber pl\u00f6tzlichen Ad-hoc-Aktionen,<\/p>\n<\/li>\n<li data-start=\"3171\" data-end=\"3232\">\n<p data-start=\"3173\" data-end=\"3232\">die ihre t\u00e4gliche Nahrungserg\u00e4nzung organisieren und vereinfachen m\u00f6chten.<\/p>\n<\/li>\n<\/ul>\n<h2 data-start=\"235\" data-end=\"261\"><\/h2>\n<h2 data-start=\"235\" data-end=\"261\"><span style=\"font-size: 14pt;\">Gebrauchsanweisung<\/span><\/h2>\n<h3 data-start=\"262\" data-end=\"319\"><span style=\"font-size: 12pt;\">Pflanzenmischung - milde, gestaffelte Option<\/span><\/h3>\n<p data-start=\"345\" data-end=\"590\">Die folgende Kur dient der <strong data-start=\"370\" data-end=\"415\">sanften, allm\u00e4hlichen Unterst\u00fctzung des K\u00f6rpers<\/strong>, die zeitlich gestaffelt durchgef\u00fchrt wird.<br data-start=\"458\" data-end=\"461\">Die Behandlung ist sto\u00dffrei. Sie ist f\u00fcr Erwachsene und Kinder gedacht (die Dosierung richtet sich nach dem K\u00f6rpergewicht). <\/p>\n<p data-start=\"592\" data-end=\"734\"><strong data-start=\"592\" data-end=\"610\">H\u00e4ufigkeit:<\/strong> zweimal t\u00e4glich<br data-start=\"626\" data-end=\"629\"><strong data-start=\"629\" data-end=\"640\">Intervall:<\/strong> alle 12 Stunden<br data-start=\"653\" data-end=\"656\"><strong data-start=\"656\" data-end=\"683\">Mindestdauer:<\/strong> muss festgelegt werden (empfohlenes Minimum ca. 21-23 Tage)<\/p>\n<h2 data-start=\"741\" data-end=\"764\"><span style=\"font-size: 14pt;\">Vorbereitungen inklusive<\/span><\/h2>\n<ol data-start=\"766\" data-end=\"819\">\n<li data-start=\"766\" data-end=\"795\">\n<p data-start=\"769\" data-end=\"795\"><strong data-start=\"769\" data-end=\"793\">Liposomales Kraut entgiften<\/strong><\/p>\n<\/li>\n<li data-start=\"796\" data-end=\"819\">\n<p data-start=\"799\" data-end=\"819\"><strong data-start=\"799\" data-end=\"819\">Nano Gold Silber<\/strong><\/p>\n<\/li>\n<\/ol>\n<h2 data-start=\"826\" data-end=\"855\"><span style=\"font-size: 14pt;\">Dosierung (nach K\u00f6rpergewicht)<\/span><\/h2>\n<h3 data-start=\"857\" data-end=\"886\"><span style=\"font-size: 14pt;\">1. entgiftendes liposomales Kraut<\/span><\/h3>\n<ul data-start=\"887\" data-end=\"1043\">\n<li data-start=\"887\" data-end=\"936\">\n<p data-start=\"889\" data-end=\"936\"><strong data-start=\"889\" data-end=\"899\">Dosierung:<\/strong> 2 Tropfen pro 10 kg K\u00f6rpergewicht<\/p>\n<\/li>\n<li data-start=\"937\" data-end=\"1043\">\n<p data-start=\"939\" data-end=\"960\"><strong data-start=\"939\" data-end=\"958\">Art der Verabreichung:<\/strong><\/p>\n<ul data-start=\"963\" data-end=\"1043\">\n<li data-start=\"963\" data-end=\"983\">\n<p data-start=\"965\" data-end=\"983\">Tropfen unter die Zunge<\/p>\n<\/li>\n<li data-start=\"986\" data-end=\"1019\">\n<p data-start=\"988\" data-end=\"1019\">halten  <strong data-start=\"1000\" data-end=\"1017\">ca. 30 Sekunden <\/strong><\/p>\n<\/li>\n<li data-start=\"1022\" data-end=\"1043\">\n<p data-start=\"1024\" data-end=\"1043\">dann schlucken<\/p>\n<\/li>\n<\/ul>\n<\/li>\n<\/ul>\n<h3 data-start=\"1050\" data-end=\"1075\">2. nano Gold Silber<\/h3>\n<ul data-start=\"1076\" data-end=\"1266\">\n<li data-start=\"1076\" data-end=\"1125\">\n<p data-start=\"1078\" data-end=\"1125\"><strong data-start=\"1078\" data-end=\"1088\">Dosis:<\/strong> 1 Tropfen pro 10 kg K\u00f6rpergewicht<\/p>\n<\/li>\n<li data-start=\"1126\" data-end=\"1266\">\n<p data-start=\"1128\" data-end=\"1149\"><strong data-start=\"1128\" data-end=\"1147\">Art der Verabreichung:<\/strong><\/p>\n<ul data-start=\"1152\" data-end=\"1266\">\n<li data-start=\"1152\" data-end=\"1204\">\n<p data-start=\"1154\" data-end=\"1204\">L\u00f6sen Sie eine abgemessene Dosis in \u00bd <strong data-start=\"1183\" data-end=\"1202\">Glas Wasser<\/strong> auf<\/p>\n<\/li>\n<li data-start=\"1207\" data-end=\"1266\">\n<p data-start=\"1209\" data-end=\"1266\">nach der Einnahme von Detox Liposomal Herb anwenden<\/p>\n<\/li>\n<\/ul>\n<\/li>\n<\/ul>\n<h2 data-start=\"1273\" data-end=\"1306\"><span style=\"font-size: 14pt;\">Reihenfolge der Annahme (wichtig)<\/span><\/h2>\n<ol data-start=\"1308\" data-end=\"1505\">\n<li data-start=\"1308\" data-end=\"1355\">\n<p data-start=\"1311\" data-end=\"1355\">Nehmen Sie <strong data-start=\"1319\" data-end=\"1343\">Detox Liposomales Kraut<\/strong> unter die Zunge<\/p>\n<\/li>\n<li data-start=\"1356\" data-end=\"1410\">\n<p data-start=\"1359\" data-end=\"1410\">Halten Sie die Tropfen unter die Zunge  <strong data-start=\"1391\" data-end=\"1408\">ca. 30 Sekunden <\/strong><\/p>\n<\/li>\n<li data-start=\"1411\" data-end=\"1423\">\n<p data-start=\"1414\" data-end=\"1423\">Schwalbe<\/p>\n<\/li>\n<li data-start=\"1424\" data-end=\"1505\">\n<p data-start=\"1427\" data-end=\"1505\">Verwenden Sie dann<strong data-start=\"1437\" data-end=\"1505\"> die vorbereitete Nano-Gold-Silber-L\u00f6sung (\u00bd Glas Wasser)<\/strong><\/p>\n<\/li>\n<\/ol>\n<h2 data-start=\"1512\" data-end=\"1528\"><span style=\"font-size: 14pt;\">Frequenz<\/span><\/h2>\n<p data-start=\"1529\" data-end=\"1612\">Gesamtes Anwendungsschema:<br data-start=\"1551\" data-end=\"1554\"> 2<strong data-start=\"1554\" data-end=\"1587\">mal t\u00e4glich, alle 12 Stunden<\/strong><br data-start=\"1587\" data-end=\"1590\">(z.B. morgens und abends)<\/p>\n<h2 data-start=\"1619\" data-end=\"1638\"><span style=\"font-size: 14pt;\">Praktische Anmerkungen<\/span><\/h2>\n<ul data-start=\"1639\" data-end=\"1881\">\n<li data-start=\"1639\" data-end=\"1695\">\n<p data-start=\"1641\" data-end=\"1695\">Berechnen Sie die Dosierung <strong data-start=\"1656\" data-end=\"1693\">anhand des aktuellen K\u00f6rpergewichts<\/strong><\/p>\n<\/li>\n<li data-start=\"1696\" data-end=\"1772\">\n<p data-start=\"1698\" data-end=\"1772\">Bei Kindern ist es ratsam, <strong data-start=\"1727\" data-end=\"1770\">besonders auf die Reaktion des K\u00f6rpers zu achten<\/strong><\/p>\n<\/li>\n<li data-start=\"1773\" data-end=\"1828\">\n<p data-start=\"1775\" data-end=\"1828\">Falls erforderlich, kann die Dosis <strong data-start=\"1804\" data-end=\"1826\">vor\u00fcbergehend reduziert<\/strong> werden<\/p>\n<\/li>\n<li data-start=\"1829\" data-end=\"1881\">\n<p data-start=\"1831\" data-end=\"1881\">F\u00fchren Sie die Behandlung in einer ruhigen, gelassenen Weise durch<\/p>\n<\/li>\n<\/ul>\n<h2 data-start=\"1888\" data-end=\"1909\"><span style=\"font-size: 14pt;\">Letzte Informationen<\/span><\/h2>\n<p data-start=\"1910\" data-end=\"2092\">Das Schema ist <strong data-start=\"1931\" data-end=\"1946\">unterst\u00fctzend<\/strong> und kein Ersatz f\u00fcr eine individuelle \u00e4rztliche Beratung.<br data-start=\"1999\" data-end=\"2002\">Jeder K\u00f6rper reagiert individuell - es ist ratsam, Ihr Wohlbefinden w\u00e4hrend der Einnahme zu beobachten.<\/p>\n<h3 data-start=\"3400\" data-end=\"3432\">Warnungen und Lagerung<\/h3>\n<p data-start=\"3434\" data-end=\"3754\">\u00dcberschreiten Sie nicht die empfohlene Tagesdosis (gilt f\u00fcr orale Produkte).<br data-start=\"3535\" data-end=\"3538\">Nahrungserg\u00e4nzungsmittel d\u00fcrfen nicht als Ersatz f\u00fcr eine abwechslungsreiche Ern\u00e4hrung verwendet werden.<br data-start=\"3612\" data-end=\"3615\">Verwenden Sie das Produkt nicht, wenn Sie auf einen der Inhaltsstoffe allergisch reagieren.<br data-start=\"3680\" data-end=\"3683\">Schwangere und stillende Frauen sollten einen Arzt konsultieren.<\/p>\n<h3 data-start=\"3761\" data-end=\"3789\">  Technische Informationen<\/h3>\n<p data-start=\"3791\" data-end=\"4000\">Produkt: <strong data-start=\"3800\" data-end=\"3866\">Kit (Nahrungserg\u00e4nzungsmittel + Pr\u00e4parat zur \u00e4u\u00dferlichen Anwendung)<\/strong><br data-start=\"3866\" data-end=\"3869\">Nettof\u00fcllmenge: <strong data-start=\"3885\" data-end=\"3910\">2 \u00d7 30 ml \/ 2 \u00d7 50 ml<\/strong><br data-start=\"3910\" data-end=\"3913\">Ursprungsland: <strong data-start=\"3931\" data-end=\"3941\">Polen<\/strong><br data-start=\"3941\" data-end=\"3944\">Verantwortliche Stelle:  <strong data-start=\"3968\" data-end=\"4000\">Gr\u00fcner Hanf Polen Sp. z o.o. <\/strong><\/p>\n<p>Siehe  &gt;&gt; <a href=\"https:\/\/liposomalherb.com\/wp-content\/uploads\/2025\/12\/877567_25_GDY_Detox-HerbLiposomalny-ekstrakt-roslinny-%E2%80%93-Detox-HerbZawiera-_PL.pdf\" target=\"_blank\" rel=\"noopener\">TESTBERICHT<\/a><\/p>\n<p><strong>Die Kur mit Liposomal Detox Herb und Detox Gold &amp; Silver beinhaltet alle sieben Tage eine eint\u00e4gige Pause, um das nat\u00fcrliche Gleichgewicht der Darmflora und den physiologischen Rhythmus des Darms zu unterst\u00fctzen.<\/strong><\/p>\n<p>&nbsp;<\/p>\n<p data-start=\"277\" data-end=\"332\"><strong data-start=\"277\" data-end=\"332\">M\u00f6chten Sie verstehen, wie die Reinigung wirklich funktioniert?<\/strong><\/p>\n<p data-start=\"334\" data-end=\"607\">Dieses Produkt ist Teil eines umfassenderen Ansatzes f\u00fcr die Arbeit mit dem K\u00f6rper.<br data-start=\"401\" data-end=\"404\">Wenn Sie sich f\u00fcr die <strong data-start=\"426\" data-end=\"471\">schrittweise Logik des Reinigungsprozesses<\/strong> interessieren - von den Ursachen der \u00dcberlastung \u00fcber die Entstauung bis hin zur Stabilisierung und Regeneration - haben wir eine konsequente Reihe von lehrreichen Artikeln vorbereitet.<\/p>\n<p data-start=\"609\" data-end=\"732\"><strong data-start=\"612\" data-end=\"679\">&#8222;Der Weg der Reinigung&#8220; - eine Serie von Artikeln \u00fcber die Reinigung des K\u00f6rpers<\/strong><\/p>\n<p data-start=\"609\" data-end=\"732\"><strong><a href=\"https:\/\/liposomalherb.com\/de\/krok-1\/\">Woher kommen die Gesundheits- und Energieprobleme - die wahre Ursache<\/a><\/strong><\/p>\n<p data-start=\"734\" data-end=\"887\">Wenn Sie hingegen mehr \u00fcber den Wirkmechanismus der Detox Liposomal Herb Formel, die pflanzliche Zusammensetzung und die Bedeutung der liposomalen Technologie f\u00fcr die Bioverf\u00fcgbarkeit der Wirkstoffe erfahren m\u00f6chten, haben wir dies in dem Artikel ausf\u00fchrlich beschrieben:<\/p>\n<p data-start=\"734\" data-end=\"887\"> <a href=\"https:\/\/liposomalherb.com\/de\/liposomales-wissen\/detox-liposomal-herb-sklad\/\"><strong>Detox Liposomal Herb - eine technische Diskussion \u00fcber die Zusammensetzung und Bedeutung der liposomalen Form<\/strong><\/a><br \/>\nDies sind keine isolierten Tipps, sondern ein ganzheitlicher Prozess der Arbeit mit dem K\u00f6rper, um besser zu verstehen, wann und warum L\u00f6sungen wie Detox Liposomal wirklich sinnvoll sein k\u00f6nnen, um den K\u00f6rper wieder ins Gleichgewicht zu bringen.<\/p>\n","protected":false},"excerpt":{"rendered":"<p data-start=\"436\" data-end=\"1137\"><strong data-start=\"436\" data-end=\"487\">Das Detox Liposomal Herb + Detox Gold Silver Kit <\/strong> ist eine Zwei-Elemente-Zusammensetzung, die auf modernen technologischen Formen basiert - <strong data-start=\"566\" data-end=\"580\">Liposomen<\/strong> kombiniert mit ausgew\u00e4hlten Pflanzenextrakten. und <strong data-start=\"586\" data-end=\"618\">Nanokolloiden aus Gold und Silber<\/strong>.<br data-start=\"677\" data-end=\"680\">Das Kit wurde f\u00fcr Menschen entwickelt, die die nat\u00fcrlichen Prozesse des K\u00f6rpers in Zeiten erh\u00f6hter Umwelt- und Stoffwechselbelastung bewusst und systematisch unterst\u00fctzen wollen.<br data-start=\"879\" data-end=\"882\">Die Kombination <strong data-start=\"895\" data-end=\"946\">eines liposomalen Pr\u00e4parats zur oralen Einnahme<\/strong> mit einem <strong data-start=\"949\" data-end=\"1006\">Nanokolloid-Pr\u00e4parat zur \u00e4u\u00dferlichen Anwendung<\/strong> ist Teil eines Ansatzes, der auf Regelm\u00e4\u00dfigkeit, der Qualit\u00e4t der Inhaltsstoffe und einer Technologie beruht, die deren Stabilit\u00e4t und Bioverf\u00fcgbarkeit f\u00f6rdert. <\/p>\n","protected":false},"featured_media":8525,"comment_status":"open","ping_status":"closed","template":"","meta":{"_acf_changed":false,"rank_math_lock_modified_date":false},"product_cat":[334],"product_tag":[387],"class_list":{"0":"post-7839","1":"product","2":"type-product","3":"status-publish","4":"has-post-thumbnail","6":"product_cat-greenhemp-de","7":"product_tag-entgiftung-liposomal","9":"first","10":"instock","11":"sale","12":"shipping-taxable","13":"purchasable","14":"product-type-variable"},"acf":[],"_links":{"self":[{"href":"https:\/\/liposomalherb.com\/de\/wp-json\/wp\/v2\/product\/7839"}],"collection":[{"href":"https:\/\/liposomalherb.com\/de\/wp-json\/wp\/v2\/product"}],"about":[{"href":"https:\/\/liposomalherb.com\/de\/wp-json\/wp\/v2\/types\/product"}],"replies":[{"embeddable":true,"href":"https:\/\/liposomalherb.com\/de\/wp-json\/wp\/v2\/comments?post=7839"}],"wp:featuredmedia":[{"embeddable":true,"href":"https:\/\/liposomalherb.com\/de\/wp-json\/wp\/v2\/media\/8525"}],"wp:attachment":[{"href":"https:\/\/liposomalherb.com\/de\/wp-json\/wp\/v2\/media?parent=7839"}],"wp:term":[{"taxonomy":"product_cat","embeddable":true,"href":"https:\/\/liposomalherb.com\/de\/wp-json\/wp\/v2\/product_cat?post=7839"},{"taxonomy":"product_tag","embeddable":true,"href":"https:\/\/liposomalherb.com\/de\/wp-json\/wp\/v2\/product_tag?post=7839"}],"curies":[{"name":"wp","href":"https:\/\/api.w.org\/{rel}","templated":true}]}}