{"id":9596,"date":"2025-10-30T09:25:59","date_gmt":"2025-10-30T08:25:59","guid":{"rendered":"https:\/\/liposomalherb.com\/produkt\/betulina-ekstrakt-liposomalny10-ml\/"},"modified":"2026-02-12T17:21:27","modified_gmt":"2026-02-12T16:21:27","slug":"betulina-ekstrakt-liposomalny10-ml","status":"publish","type":"product","link":"https:\/\/liposomalherb.com\/de\/produkt\/betulina-ekstrakt-liposomalny10-ml\/","title":{"rendered":"Betulin liposomaler Extrakt 10 ml \/ 30 ml"},"content":{"rendered":"<h2 data-start=\"415\" data-end=\"449\"><span style=\"font-size: 14pt;\">BETULIN - BIRKE HELL<\/span><\/h2>\n<h3 data-start=\"450\" data-end=\"509\"><span style=\"font-size: 12pt;\">Liposomaler Extrakt aus Birkenrinde<em data-start=\"490\" data-end=\"506\">(Betula pendula<\/em>)<\/span><\/h3>\n<p data-start=\"510\" data-end=\"527\"><strong data-start=\"510\" data-end=\"527\">10 ml \/ 30 ml<\/strong><\/p>\n<h3 data-start=\"780\" data-end=\"824\"><span style=\"font-size: 14pt;\"><strong data-start=\"784\" data-end=\"824\">Was ist Betulin &#8222;Birch Light&#8220;?<\/strong><\/span><\/h3>\n<p data-start=\"826\" data-end=\"1044\"><strong data-start=\"826\" data-end=\"855\">Betulin &#8222;Birch Light&#8220;<\/strong> ist ein Pr\u00e4parat auf der Basis von <strong data-start=\"878\" data-end=\"935\">Betulin, das aus der Rinde der Birke <em data-start=\"917\" data-end=\"933\">Betula pendula<\/em> gewonnen wird<\/strong> - eine der am besten beschriebenen Triterpenverbindungen pflanzlichen Ursprungs in der phytochemischen Literatur.<\/p>\n<p data-start=\"1046\" data-end=\"1302\">Betulin ist ein nat\u00fcrlicher Bestandteil der \u00e4u\u00dferen Schicht der Birkenrinde, der in der Pflanze eine Schutzfunktion hat. <strong data-start=\"1180\" data-end=\"1201\">Eine liposomale Formulierung<\/strong> wird verwendet, um die Stabilit\u00e4t der Verbindung und ihre Bioverf\u00fcgbarkeit bei t\u00e4glicher Einnahme zu erh\u00f6hen. <\/p>\n<h3 data-start=\"1309\" data-end=\"1336\"><strong data-start=\"1313\" data-end=\"1336\">Herkunft des Rohmaterials<\/strong><\/h3>\n<ul data-start=\"1338\" data-end=\"1484\">\n<li data-start=\"1338\" data-end=\"1382\">\n<p data-start=\"1340\" data-end=\"1382\">Rohmaterial: <strong data-start=\"1350\" data-end=\"1382\">Birkenrinde <em data-start=\"1364\" data-end=\"1380\">Betula pendula<\/em><\/strong><\/p>\n<\/li>\n<li data-start=\"1383\" data-end=\"1435\">\n<p data-start=\"1385\" data-end=\"1435\">Wirkstoff: <strong data-start=\"1402\" data-end=\"1435\">Betulin (pflanzliches Triterpen)<\/strong><\/p>\n<\/li>\n<li data-start=\"1436\" data-end=\"1484\">\n<p data-start=\"1438\" data-end=\"1484\">Quelle: nat\u00fcrliche Pflanzenmatrix aus Birkenrinde<\/p>\n<\/li>\n<\/ul>\n<p data-start=\"1486\" data-end=\"1655\">Die Birke <em data-start=\"1493\" data-end=\"1509\">Betula pendula<\/em> ist aufgrund ihres Gehalts an sch\u00fctzenden, adaptiven und regenerativen Verbindungen seit langem Gegenstand des Interesses in der Phytotherapie und Phytochemie.<\/p>\n<h3 data-start=\"1662\" data-end=\"1708\"><strong data-start=\"1666\" data-end=\"1708\">Die Bedeutung von Betulin in der Pflanzenmatrix<\/strong><\/h3>\n<p data-start=\"1710\" data-end=\"1877\">Betulin ist keine Verbindung, die isoliert wirkt. Im Pflanzenmaterial kommt es in Gesellschaft anderer Fraktionen vor, die zusammen <strong data-start=\"1845\" data-end=\"1876\">eine komplexe biologische Matrix<\/strong> bilden. <\/p>\n<p data-start=\"1879\" data-end=\"1945\">In der wissenschaftlichen Literatur wird Betulin unter anderem im Zusammenhang mit folgenden Dingen beschrieben: <\/p>\n<ul data-start=\"1946\" data-end=\"2083\">\n<li data-start=\"1946\" data-end=\"1973\">\n<p data-start=\"1948\" data-end=\"1973\">regenerative Prozesse,<\/p>\n<\/li>\n<li data-start=\"1974\" data-end=\"2007\">\n<p data-start=\"1976\" data-end=\"2007\">Zellschutzmechanismen,<\/p>\n<\/li>\n<li data-start=\"2008\" data-end=\"2033\">\n<p data-start=\"2010\" data-end=\"2033\">oxidatives Gleichgewicht,<\/p>\n<\/li>\n<li data-start=\"2034\" data-end=\"2083\">\n<p data-start=\"2036\" data-end=\"2083\">Anpassung des K\u00f6rpers an Umweltbelastungen.<\/p>\n<\/li>\n<\/ul>\n<p data-start=\"2085\" data-end=\"2221\">Sie ist nicht ad hoc, sondern Teil eines <strong data-start=\"2139\" data-end=\"2162\">langfristigen Prozesses<\/strong>, der Regelm\u00e4\u00dfigkeit und eine angemessene Form der Verwaltung erfordert.<\/p>\n<h3 data-start=\"2228\" data-end=\"2263\"><strong data-start=\"2232\" data-end=\"2263\">Warum die liposomale Form?<\/strong><\/h3>\n<p data-start=\"2265\" data-end=\"2300\">Betulin als Triterpenverbindung:<\/p>\n<ul data-start=\"2301\" data-end=\"2461\">\n<li data-start=\"2301\" data-end=\"2352\">\n<p data-start=\"2303\" data-end=\"2352\">ist durch eine begrenzte L\u00f6slichkeit gekennzeichnet,<\/p>\n<\/li>\n<li data-start=\"2353\" data-end=\"2406\">\n<p data-start=\"2355\" data-end=\"2406\">zeigt eine geringe Bioverf\u00fcgbarkeit in klassischen Formen,<\/p>\n<\/li>\n<li data-start=\"2407\" data-end=\"2461\">\n<p data-start=\"2409\" data-end=\"2461\">ist empfindlich gegen\u00fcber dem Abbau im Verdauungstrakt.<\/p>\n<\/li>\n<\/ul>\n<p data-start=\"2463\" data-end=\"2505\">Anwendung der <strong data-start=\"2476\" data-end=\"2504\">liposomalen Technologie<\/strong>:<\/p>\n<ul data-start=\"2506\" data-end=\"2741\">\n<li data-start=\"2506\" data-end=\"2550\">\n<p data-start=\"2508\" data-end=\"2550\">f\u00f6rdert den Schutz von Betulin vor dem Abbau,<\/p>\n<\/li>\n<li data-start=\"2551\" data-end=\"2586\">\n<p data-start=\"2553\" data-end=\"2586\">erleichtert den Kontakt mit dem K\u00f6rper,<\/p>\n<\/li>\n<li data-start=\"2587\" data-end=\"2655\">\n<p data-start=\"2589\" data-end=\"2655\">erm\u00f6glicht eine besser vorhersehbare Leistung bei niedrigeren Dosen,<\/p>\n<\/li>\n<li data-start=\"2656\" data-end=\"2741\">\n<p data-start=\"2658\" data-end=\"2741\">ist Teil eines modernen Ansatzes der Phytotherapie, der auf Qualit\u00e4t und Technologie basiert.<\/p>\n<\/li>\n<\/ul>\n<p data-start=\"2743\" data-end=\"2853\">Liposomen auf Basis von pflanzlichem Phosphatidylcholin sind mit der nat\u00fcrlichen Struktur biologischer Membranen kompatibel.<\/p>\n<h3 data-start=\"2860\" data-end=\"2887\"><strong data-start=\"2864\" data-end=\"2887\">Art der Zubereitung<\/strong><\/h3>\n<p data-start=\"2889\" data-end=\"2977\"><strong data-start=\"2889\" data-end=\"2918\">Betulin &#8218;Birch Light&#8216;<\/strong> ist kein Ad-hoc-Pr\u00e4parat. Es ist konzipiert als: <\/p>\n<ul data-start=\"2978\" data-end=\"3157\">\n<li data-start=\"2978\" data-end=\"3027\">\n<p data-start=\"2980\" data-end=\"3027\">Teil des <strong data-start=\"2988\" data-end=\"3026\">Regenerations- und Stabilisierungsprozesses<\/strong>,<\/p>\n<\/li>\n<li data-start=\"3028\" data-end=\"3086\">\n<p data-start=\"3030\" data-end=\"3086\">unterst\u00fctzen die Arbeit des K\u00f6rpers auf lange Sicht,<\/p>\n<\/li>\n<li data-start=\"3087\" data-end=\"3157\">\n<p data-start=\"3089\" data-end=\"3157\">die eine bewusste Herangehensweise an die Phytotherapie und die Qualit\u00e4t der Rohstoffe erg\u00e4nzen.<\/p>\n<\/li>\n<\/ul>\n<p data-start=\"3159\" data-end=\"3228\">Seine Anwendung erfordert Regelm\u00e4\u00dfigkeit und die Beobachtung der Reaktionen des K\u00f6rpers.<\/p>\n<p data-start=\"3159\" data-end=\"3228\"><span style=\"font-size: 14pt;\"><strong data-start=\"2693\" data-end=\"2710\">Gebrauchsanweisung<\/strong><\/span><\/p>\n<p data-start=\"3159\" data-end=\"3228\"><strong data-start=\"954\" data-end=\"986\">Einnahmeempfehlung:<\/strong><br data-start=\"986\" data-end=\"989\"><strong data-start=\"994\" data-end=\"1037\">1 bis 2 Tropfen pro 10 kg K\u00f6rpergewicht<\/strong>,<br data-start=\"1038\" data-end=\"1041\"> 2<strong data-start=\"1043\" data-end=\"1062\">mal t\u00e4glich<\/strong> (alle 12 Stunden).<\/p>\n<p data-start=\"3159\" data-end=\"3228\">Es wird empfohlen, mit der Nahrungserg\u00e4nzung im <strong data-start=\"1127\" data-end=\"1153\">unteren Bereich der Portionen<\/strong> zu beginnen.<\/p>\n<p data-start=\"3159\" data-end=\"3228\">Zum Beispiel: eine 70 kg schwere Person von 7-14 Tropfen pro Portion.<\/p>\n<p data-start=\"3159\" data-end=\"3228\">Direkt unter der Zunge oder in einer kleinen Menge Wasser verd\u00fcnnt einnehmen.<br data-start=\"2959\" data-end=\"2962\">Vor Gebrauch sch\u00fctteln.<\/p>\n<h3 data-start=\"3235\" data-end=\"3256\"><\/h3>\n<h3 data-start=\"3447\" data-end=\"3483\"><strong data-start=\"3451\" data-end=\"3483\">Warnungen und Lagerung<\/strong><\/h3>\n<p data-start=\"3485\" data-end=\"3762\">\u00dcberschreiten Sie nicht die empfohlene Tagesdosis.<br data-start=\"3543\" data-end=\"3546\">Das Nahrungserg\u00e4nzungsmittel darf nicht als Ersatz f\u00fcr eine abwechslungsreiche Ern\u00e4hrung verwendet werden.<br data-start=\"3620\" data-end=\"3623\">Verwenden Sie es nicht, wenn Sie auf einen der Inhaltsstoffe allergisch sind.<br data-start=\"3688\" data-end=\"3691\">Schwangere und stillende Frauen sollten einen Arzt konsultieren.<\/p>\n<p data-start=\"3764\" data-end=\"3857\">Im K\u00fchlschrank bei <strong data-start=\"3803\" data-end=\"3812\">4-8\u00b0C<\/strong> lagern.<br data-start=\"3813\" data-end=\"3816\">Vor Licht und W\u00e4rmequellen sch\u00fctzen.<\/p>\n<p data-start=\"3764\" data-end=\"3857\">Siehe &gt;&gt; <a href=\"https:\/\/liposomalherb.com\/wp-content\/uploads\/2025\/12\/877568_25_GDY_BetulinaLiposomalny-ekstrakt-roslinny-%E2%80%93-Betulina-Swiatlo-Br_PL.pdf\" target=\"_blank\" rel=\"noopener\">FORSCHUNGSBERICHT<\/a><\/p>\n<p data-start=\"3764\" data-end=\"3857\"><strong data-start=\"3868\" data-end=\"3898\">  M\u00f6chten Sie mehr erfahren?<\/strong><\/p>\n<p data-start=\"3900\" data-end=\"4025\">Eine ausf\u00fchrliche Diskussion \u00fcber Betulin, seine Rolle in der Pflanzenmatrix und die Bedeutung der Bioverf\u00fcgbarkeit finden Sie in diesem Artikel:<\/p>\n<p data-start=\"4027\" data-end=\"4105\"><a href=\"https:\/\/liposomalherb.com\/de\/liposomales-wissen\/betulina-roslina-zwiazek-i-biodostepnosc-co-naprawde-warto-wiedziec\/\"><strong data-start=\"4030\" data-end=\"4105\">Betulin - Pflanze, Wirkstoff und Bioverf\u00fcgbarkeit. Was Sie wirklich wissen m\u00fcssen <\/strong><\/a><\/p>\n<p>&nbsp;<\/p>\n<p>&nbsp;<\/p>\n","protected":false},"excerpt":{"rendered":"<p data-start=\"437\" data-end=\"736\"><strong data-start=\"437\" data-end=\"466\">Betulin &#8222;Birch Light&#8220;<\/strong> ist eine liposomale Formulierung auf der Basis von Betulin, das aus der Rinde der Birke <em data-start=\"537\" data-end=\"553\">Betula pendula<\/em> gewonnen wird.<br data-start=\"554\" data-end=\"557\">Die Formulierung wurde im Rahmen einer langfristigen Unterst\u00fctzung der Regenerations- und Stabilisierungsprozesse des K\u00f6rpers entwickelt, wobei der Schwerpunkt auf der Bioverf\u00fcgbarkeit und Qualit\u00e4t des Pflanzenmaterials liegt.<\/p>\n","protected":false},"featured_media":8107,"comment_status":"open","ping_status":"closed","template":"","meta":{"_acf_changed":false,"rank_math_lock_modified_date":false},"product_cat":[334],"product_tag":[],"class_list":{"0":"post-9596","1":"product","2":"type-product","3":"status-publish","4":"has-post-thumbnail","6":"product_cat-greenhemp-de","8":"first","9":"instock","10":"shipping-taxable","11":"purchasable","12":"product-type-variable"},"acf":[],"_links":{"self":[{"href":"https:\/\/liposomalherb.com\/de\/wp-json\/wp\/v2\/product\/9596"}],"collection":[{"href":"https:\/\/liposomalherb.com\/de\/wp-json\/wp\/v2\/product"}],"about":[{"href":"https:\/\/liposomalherb.com\/de\/wp-json\/wp\/v2\/types\/product"}],"replies":[{"embeddable":true,"href":"https:\/\/liposomalherb.com\/de\/wp-json\/wp\/v2\/comments?post=9596"}],"wp:featuredmedia":[{"embeddable":true,"href":"https:\/\/liposomalherb.com\/de\/wp-json\/wp\/v2\/media\/8107"}],"wp:attachment":[{"href":"https:\/\/liposomalherb.com\/de\/wp-json\/wp\/v2\/media?parent=9596"}],"wp:term":[{"taxonomy":"product_cat","embeddable":true,"href":"https:\/\/liposomalherb.com\/de\/wp-json\/wp\/v2\/product_cat?post=9596"},{"taxonomy":"product_tag","embeddable":true,"href":"https:\/\/liposomalherb.com\/de\/wp-json\/wp\/v2\/product_tag?post=9596"}],"curies":[{"name":"wp","href":"https:\/\/api.w.org\/{rel}","templated":true}]}}