{"id":9600,"date":"2025-12-17T15:38:16","date_gmt":"2025-12-17T14:38:16","guid":{"rendered":"https:\/\/liposomalherb.com\/produkt\/mumio-shelight-liposomalny-ekstrakt-mineralno-organiczny-30ml\/"},"modified":"2026-03-24T12:14:26","modified_gmt":"2026-03-24T11:14:26","slug":"mumio-shelight-liposomalny-ekstrakt-mineralno-organiczny-30ml","status":"publish","type":"product","link":"https:\/\/liposomalherb.com\/de\/produkt\/mumio-shelight-liposomalny-ekstrakt-mineralno-organiczny-30ml\/","title":{"rendered":"Mumio SheLight - liposomaler mineralisch-organischer Extrakt 30ml"},"content":{"rendered":"<h3 data-start=\"1459\" data-end=\"1492\">Was ist Mumio SheLight?<\/h3>\n<p data-start=\"1494\" data-end=\"1819\"><strong data-start=\"1494\" data-end=\"1512\">Mumio SheLight<\/strong> ist eine moderne Form des traditionellen mineralisch-organischen Rohstoffs <strong data-start=\"1590\" data-end=\"1602\">Shilajit<\/strong>, der mit Hilfe der liposomalen Technologie entwickelt wurde. Die Formulierung wurde f\u00fcr diejenigen entwickelt, die eine nat\u00fcrliche, langfristige Unterst\u00fctzung f\u00fcr den K\u00f6rper suchen - ohne das Verdauungssystem zu belasten und ohne gewaltsame Eingriffe. <\/p>\n<h3 data-start=\"1826\" data-end=\"1867\">Warum liposomale Technologie?<\/h3>\n<p data-start=\"1869\" data-end=\"2048\">Mineralisch-organische Substanzen zeichnen sich durch ihre komplexe Struktur und ihre begrenzte Bioverf\u00fcgbarkeit in klassischer Form aus. Anwendung der liposomalen Technologie: <\/p>\n<ul data-start=\"2050\" data-end=\"2267\">\n<li data-start=\"2050\" data-end=\"2095\">\n<p data-start=\"2052\" data-end=\"2095\">f\u00f6rdert die Stabilit\u00e4t der Wirkstoffe,<\/p>\n<\/li>\n<li data-start=\"2096\" data-end=\"2151\">\n<p data-start=\"2098\" data-end=\"2151\">sch\u00fctzt sie vor der Zersetzung im Verdauungstrakt,<\/p>\n<\/li>\n<li data-start=\"2152\" data-end=\"2221\">\n<p data-start=\"2154\" data-end=\"2221\">f\u00f6rdert ihre allm\u00e4hliche und gleichm\u00e4\u00dfige Verwertung durch den K\u00f6rper,<\/p>\n<\/li>\n<li data-start=\"2222\" data-end=\"2267\">\n<p data-start=\"2224\" data-end=\"2267\">erm\u00f6glicht einen komfortablen, t\u00e4glichen Gebrauch.<\/p>\n<\/li>\n<\/ul>\n<p data-start=\"2269\" data-end=\"2412\">Die liposomale Form bewahrt die Integrit\u00e4t der Inhaltsstoffe und f\u00f6rdert eine bessere Bioverf\u00fcgbarkeit bei regelm\u00e4\u00dfiger Einnahme.<\/p>\n<p data-start=\"2414\" data-end=\"2510\">Dadurch wird sichergestellt, dass die Ma\u00dfnahmen der Vorbereitung eher <strong data-start=\"2459\" data-end=\"2488\">unterst\u00fctzend und anpassend<\/strong> als eingreifend sind.<\/p>\n<h3 data-start=\"2517\" data-end=\"2544\">Art der Zubereitung<\/h3>\n<p data-start=\"2546\" data-end=\"2673\">Mumio SheLight ist Teil eines Ansatzes, der an der Wurzel der Physiologie des K\u00f6rpers ansetzt und die nat\u00fcrlichen Prozesse unterst\u00fctzt:<\/p>\n<ul data-start=\"2675\" data-end=\"2854\">\n<li data-start=\"2675\" data-end=\"2705\">\n<p data-start=\"2677\" data-end=\"2705\">Allgemeiner Zustand des K\u00f6rpers,<\/p>\n<\/li>\n<li data-start=\"2706\" data-end=\"2760\">\n<p data-start=\"2708\" data-end=\"2760\">Anpassung an physische und Umweltbelastungen,<\/p>\n<\/li>\n<li data-start=\"2761\" data-end=\"2802\">\n<p data-start=\"2763\" data-end=\"2802\">Aufrechterhaltung des funktionellen Gleichgewichts,<\/p>\n<\/li>\n<li data-start=\"2803\" data-end=\"2854\">\n<p data-start=\"2805\" data-end=\"2854\">langfristige Unterst\u00fctzung im t\u00e4glichen Lebensrhythmus.<\/p>\n<\/li>\n<\/ul>\n<p data-start=\"2856\" data-end=\"2978\">Das Produkt wurde als Teil einer <strong data-start=\"2900\" data-end=\"2948\">systematischen, langfristigen Anwendung<\/strong> und nicht als kurzfristige Behandlung konzipiert.<\/p>\n<h3 data-start=\"2985\" data-end=\"3006\">Gebrauchsanweisung<\/h3>\n<p data-start=\"3008\" data-end=\"3094\">Verzehrempfehlung:<br data-start=\"3036\" data-end=\"3039\"> 2<strong data-start=\"3039\" data-end=\"3094\">Tropfen pro 10 kg K\u00f6rpergewicht, 1 Mal pro Tag.<\/strong><\/p>\n<p data-start=\"3096\" data-end=\"3184\">Das Pr\u00e4parat in liposomaler Form zeichnet sich durch eine erh\u00f6hte Bioverf\u00fcgbarkeit der Inhaltsstoffe aus.<\/p>\n<p data-start=\"3186\" data-end=\"3293\">Direkt unter der Zunge oder in einer kleinen Menge Wasser verd\u00fcnnt einnehmen.<br data-start=\"3265\" data-end=\"3268\">Vor Gebrauch sch\u00fctteln.<\/p>\n<p data-start=\"3186\" data-end=\"3293\"><a href=\"https:\/\/liposomalherb.com\/wp-content\/uploads\/2026\/01\/2026.01.30.-Green-Hemp-S_28_251.pdf\" data-type=\"link\" data-id=\"https:\/\/liposomalherb.com\/wp-content\/uploads\/2026\/01\/2026.01.30.-Green-Hemp-S_28_251.pdf\">Siehe<\/a><strong><a href=\"https:\/\/liposomalherb.com\/wp-content\/uploads\/2026\/01\/2026.01.30.-Green-Hemp-S_28_251.pdf\" data-type=\"link\" data-id=\"https:\/\/liposomalherb.com\/wp-content\/uploads\/2026\/01\/2026.01.30.-Green-Hemp-S_28_251.pdf\"> ERGEBNISSE DER STUDIEN<\/a><\/strong><\/p>\n<h3 data-start=\"3300\" data-end=\"3336\">Warnungen und Lagerung<\/h3>\n<p data-start=\"3338\" data-end=\"3615\">\u00dcberschreiten Sie nicht die empfohlene Tagesdosis.<br data-start=\"3396\" data-end=\"3399\">Das Nahrungserg\u00e4nzungsmittel darf nicht als Ersatz f\u00fcr eine abwechslungsreiche Ern\u00e4hrung verwendet werden.<br data-start=\"3473\" data-end=\"3476\">Verwenden Sie es nicht, wenn Sie auf einen der Inhaltsstoffe allergisch sind.<br data-start=\"3541\" data-end=\"3544\">Schwangere und stillende Frauen sollten einen Arzt konsultieren.<\/p>\n<p data-start=\"3617\" data-end=\"3742\">Vor und nach dem \u00d6ffnen im K\u00fchlschrank bei bis zu 10\u00b0C lagern.<br data-start=\"3698\" data-end=\"3701\">Vor Licht und W\u00e4rmequellen sch\u00fctzen.<\/p>\n<h3 data-start=\"3749\" data-end=\"3781\">Technische Informationen<\/h3>\n<p data-start=\"3783\" data-end=\"3929\">Produkt: <strong data-start=\"3792\" data-end=\"3811\">Nahrungserg\u00e4nzungsmittel<\/strong><br data-start=\"3811\" data-end=\"3814\">Nettovolumen: <strong data-start=\"3830\" data-end=\"3839\">30 ml<\/strong><br data-start=\"3839\" data-end=\"3842\">Ursprungsland: <strong data-start=\"3860\" data-end=\"3870\">Polen<\/strong><br data-start=\"3870\" data-end=\"3873\">Verantwortliche Stelle:  <strong data-start=\"3897\" data-end=\"3929\">Gr\u00fcner Hanf Polen Sp. z o.o. <\/strong><\/p>\n<p data-start=\"3783\" data-end=\"3929\">Wenn Sie verstehen m\u00f6chten, warum Qualit\u00e4ts- und Rohstoffforschung bei der Arbeit mit Reinigungsformulierungen so wichtig ist, lesen Sie den lehrreichen Artikel: <strong><a href=\"https:\/\/liposomalherb.com\/wiedza-liposomalna\/dlaczego-zdecydowalem-sie-zbadac-mumio\/\">Warum ich beschlossen habe, Mumio zu erforschen<\/a><\/strong><\/p>\n","protected":false},"excerpt":{"rendered":"<p><strong data-start=\"499\" data-end=\"517\">Mumio SheLight<\/strong> ist ein liposomaler mineralorganischer Extrakt, der entwickelt wurde, um die langfristige Anpassung des K\u00f6rpers zu unterst\u00fctzen und sein Gleichgewicht im t\u00e4glichen Leben aufrechtzuerhalten.<br data-start=\"686\" data-end=\"689\">Die Verwendung der liposomalen Technologie f\u00f6rdert die Stabilit\u00e4t der Inhaltsstoffe und ihre Bioverf\u00fcgbarkeit im Rahmen einer ruhigen, systematischen Supplementierung.<\/p>\n","protected":false},"featured_media":9409,"comment_status":"open","ping_status":"closed","template":"","meta":{"_acf_changed":false,"rank_math_lock_modified_date":false},"product_cat":[334],"product_tag":[],"class_list":{"0":"post-9600","1":"product","2":"type-product","3":"status-publish","4":"has-post-thumbnail","6":"product_cat-greenhemp-de","8":"first","9":"outofstock","10":"shipping-taxable","11":"purchasable","12":"product-type-simple"},"acf":[],"_links":{"self":[{"href":"https:\/\/liposomalherb.com\/de\/wp-json\/wp\/v2\/product\/9600"}],"collection":[{"href":"https:\/\/liposomalherb.com\/de\/wp-json\/wp\/v2\/product"}],"about":[{"href":"https:\/\/liposomalherb.com\/de\/wp-json\/wp\/v2\/types\/product"}],"replies":[{"embeddable":true,"href":"https:\/\/liposomalherb.com\/de\/wp-json\/wp\/v2\/comments?post=9600"}],"wp:featuredmedia":[{"embeddable":true,"href":"https:\/\/liposomalherb.com\/de\/wp-json\/wp\/v2\/media\/9409"}],"wp:attachment":[{"href":"https:\/\/liposomalherb.com\/de\/wp-json\/wp\/v2\/media?parent=9600"}],"wp:term":[{"taxonomy":"product_cat","embeddable":true,"href":"https:\/\/liposomalherb.com\/de\/wp-json\/wp\/v2\/product_cat?post=9600"},{"taxonomy":"product_tag","embeddable":true,"href":"https:\/\/liposomalherb.com\/de\/wp-json\/wp\/v2\/product_tag?post=9600"}],"curies":[{"name":"wp","href":"https:\/\/api.w.org\/{rel}","templated":true}]}}