{"id":9620,"date":"2025-10-29T14:58:58","date_gmt":"2025-10-29T13:58:58","guid":{"rendered":"https:\/\/liposomalherb.com\/produkt\/xanthohumol-liposomalny-ekstrakt-z-chmielu-humulus-lupulus-10ml\/"},"modified":"2026-02-16T08:39:26","modified_gmt":"2026-02-16T07:39:26","slug":"xanthohumol-liposomalny","status":"publish","type":"product","link":"https:\/\/liposomalherb.com\/de\/produkt\/xanthohumol-liposomalny\/","title":{"rendered":"Xanthohumol Liposomaler Extrakt aus Hopfen (Humulus lupulus L.) 10 ml"},"content":{"rendered":"<h2 data-start=\"1415\" data-end=\"1451\"><span style=\"font-size: 14pt;\"><strong data-start=\"1418\" data-end=\"1449\">XANTHOHUMOL - HOPFENGOLD<\/strong><\/span><\/h2>\n<h3 data-start=\"1452\" data-end=\"1511\"><span style=\"font-size: 14pt;\">Liposomaler Extrakt aus Hopfen<em data-start=\"1488\" data-end=\"1508\">(Humulus lupulus L.<\/em>)<\/span><\/h3>\n<p data-start=\"1512\" data-end=\"1539\"><strong data-start=\"1512\" data-end=\"1539\">Nahrungserg\u00e4nzungsmittel - 10 ml<\/strong><\/p>\n<p data-start=\"1541\" data-end=\"1889\"><strong data-start=\"1541\" data-end=\"1572\">Xanthohumol - Gold of Hops<\/strong> ist ein liposomaler Pflanzenextrakt, der aus Hopfenzapfen<em data-start=\"1637\" data-end=\"1657\">(Humulus lupulus L.<\/em>) gewonnen wird, um die Ern\u00e4hrung mit hochgereinigtem Xanthohumol zu erg\u00e4nzen. Die Formulierung kombiniert einen hochreinen pflanzlichen Rohstoff mit der liposomalen Technologie, um die Stabilit\u00e4t und Bioverf\u00fcgbarkeit der Inhaltsstoffe zu erh\u00f6hen.<\/p>\n<p data-start=\"1891\" data-end=\"2097\">Das Produkt ist f\u00fcr die t\u00e4gliche Einnahme von Nahrungserg\u00e4nzungsmitteln unter erh\u00f6hten Umwelt- und Stoffwechselbelastungen konzipiert, f\u00fcr diejenigen, die eine pr\u00e4zise, technologisch fortschrittliche Form der Nahrungserg\u00e4nzung suchen.<\/p>\n<h2 data-start=\"2104\" data-end=\"2130\"><span style=\"font-size: 14pt;\">Art der Zubereitung<\/span><\/h2>\n<p data-start=\"2132\" data-end=\"2355\">Xanthohumol ist eine pflanzliche Verbindung, die nat\u00fcrlich im Hopfen vorkommt und Gegenstand intensiver wissenschaftlicher Forschung ist. In Nahrungserg\u00e4nzungsmitteln wird es als Bestandteil zur Unterst\u00fctzung des allgemeinen Gleichgewichts und der Anpassungsf\u00e4higkeit des K\u00f6rpers verwendet. <\/p>\n<p data-start=\"2357\" data-end=\"2366\">Vorbereitung:<\/p>\n<ul data-start=\"2367\" data-end=\"2517\">\n<li data-start=\"2367\" data-end=\"2421\">\n<p data-start=\"2369\" data-end=\"2421\">wurde f\u00fcr den systematischen Gebrauch entwickelt,<\/p>\n<\/li>\n<li data-start=\"2422\" data-end=\"2456\">\n<p data-start=\"2424\" data-end=\"2456\">enth\u00e4lt keine starken Stimulanzien,<\/p>\n<\/li>\n<li data-start=\"2457\" data-end=\"2517\">\n<p data-start=\"2459\" data-end=\"2517\">passt in ein Modell der langfristigen, friedlichen Nahrungserg\u00e4nzung.<\/p>\n<\/li>\n<\/ul>\n<h2 data-start=\"2524\" data-end=\"2558\"><span style=\"font-size: 14pt;\">Warum die liposomale Form?<\/span><\/h2>\n<p data-start=\"2560\" data-end=\"2707\">Xanthohumol hat eine begrenzte L\u00f6slichkeit in Wasser, was in seinen klassischen Formen seine Verwendung als Nahrungserg\u00e4nzungsmittel beeintr\u00e4chtigen kann.<\/p>\n<p data-start=\"2709\" data-end=\"2747\">Anwendung der liposomalen Technologie:<\/p>\n<ul data-start=\"2748\" data-end=\"2918\">\n<li data-start=\"2748\" data-end=\"2803\">\n<p data-start=\"2750\" data-end=\"2803\">f\u00f6rdert die Stabilit\u00e4t des Inhaltsstoffs w\u00e4hrend der Anwendung,<\/p>\n<\/li>\n<li data-start=\"2804\" data-end=\"2835\">\n<p data-start=\"2806\" data-end=\"2835\">unterst\u00fctzt seine Bioverf\u00fcgbarkeit,<\/p>\n<\/li>\n<li data-start=\"2836\" data-end=\"2918\">\n<p data-start=\"2838\" data-end=\"2918\">erm\u00f6glicht eine besser vorhersehbare und reproduzierbare Nahrungserg\u00e4nzung mit Xanthohumol.<\/p>\n<\/li>\n<\/ul>\n<p data-start=\"2920\" data-end=\"3053\">Liposomen auf Basis von pflanzlichem Phosphatidylcholin (Sonnenblumenlecithin) sind mit der nat\u00fcrlichen Struktur der Zellmembranen kompatibel.<\/p>\n<h2 data-start=\"3060\" data-end=\"3076\"><span style=\"font-size: 14pt;\">Komponenten<\/span><\/h2>\n<p data-start=\"3078\" data-end=\"3309\">Gereinigtes Wasser,<br data-start=\"3095\" data-end=\"3098\">Phosphatidylcholin (aus Sonnenblumenlecithin),<br data-start=\"3145\" data-end=\"3148\">Hopfenextrakt<em data-start=\"3168\" data-end=\"3188\">(Humulus lupulus L.<\/em>) standardisiert auf <strong data-start=\"3208\" data-end=\"3230\">94,7% Xanthohumol<\/strong>,<br data-start=\"3231\" data-end=\"3234\">MCT-\u00d6l,<br data-start=\"3243\" data-end=\"3246\">Vitamin E (Tocopherol) - ein nat\u00fcrliches Antioxidans und Stabilisator.<\/p>\n<h2 data-start=\"3316\" data-end=\"3336\"><span style=\"font-size: 14pt;\">Gebrauchsanweisung<\/span><\/h2>\n<p data-start=\"3338\" data-end=\"3505\"><strong data-start=\"3338\" data-end=\"3370\">Verzehrempfehlung:<\/strong><br data-start=\"3370\" data-end=\"3373\">1 Tropfen pro 10 kg K\u00f6rpergewicht, 1-2 Mal t\u00e4glich (alle 12 Stunden).<br data-start=\"3442\" data-end=\"3445\">Zum Beispiel: 70 kg schwere Person - 7 Tropfen pro Portion.<\/p>\n<p data-start=\"3507\" data-end=\"3614\">Direkt unter der Zunge oder verd\u00fcnnt in einer kleinen Menge Wasser zu konsumieren.<\/p>\n<h2 data-start=\"3621\" data-end=\"3656\"><span style=\"font-size: 14pt;\">Warnungen und Lagerung<\/span><\/h2>\n<p data-start=\"3658\" data-end=\"3935\">\u00dcberschreiten Sie nicht die empfohlene Tagesdosis.<br data-start=\"3716\" data-end=\"3719\">Das Nahrungserg\u00e4nzungsmittel darf nicht als Ersatz f\u00fcr eine abwechslungsreiche Ern\u00e4hrung verwendet werden.<br data-start=\"3793\" data-end=\"3796\">Verwenden Sie es nicht, wenn Sie auf einen der Inhaltsstoffe allergisch sind.<br data-start=\"3861\" data-end=\"3864\">Schwangere und stillende Frauen sollten einen Arzt konsultieren.<\/p>\n<p data-start=\"3937\" data-end=\"4062\">Vor und nach dem \u00d6ffnen im K\u00fchlschrank bei bis zu 10\u00b0C lagern.<br data-start=\"4018\" data-end=\"4021\">Vor Licht und W\u00e4rmequellen sch\u00fctzen.<\/p>\n<h2 data-start=\"4069\" data-end=\"4100\"><span style=\"font-size: 14pt;\">Technische Informationen<\/span><\/h2>\n<p data-start=\"4102\" data-end=\"4166\">Nettovolumen: <strong data-start=\"4118\" data-end=\"4127\">10 ml<\/strong><br data-start=\"4127\" data-end=\"4130\">Gehalt an Xanthohumol: <strong data-start=\"4154\" data-end=\"4164\">200 mg<\/strong><\/p>\n<p data-start=\"4168\" data-end=\"4271\">Land der Herkunft: Polen<br data-start=\"4192\" data-end=\"4195\">Verantwortlicher Rechtstr\u00e4ger: Green Hemp Poland Sp. z o.o.<\/p>\n<p>&nbsp;<\/p>\n<p>Siehe  &gt;&gt; <a href=\"https:\/\/liposomalherb.com\/wp-content\/uploads\/2025\/12\/877570_25_GDY_Xanthohumol-Liposomalny-ekstrakt-z-chmielu-Humulus-lupulus-_PL.pdf\" target=\"_blank\" rel=\"noopener\">TESTBERICHT<\/a><\/p>\n","protected":false},"excerpt":{"rendered":"<p><strong data-start=\"707\" data-end=\"738\">ANTHOHUMOL - Gold of Hops<\/strong> ist ein liposomaler Extrakt aus Hopfen<em data-start=\"774\" data-end=\"794\">(Humulus lupulus L.<\/em>), der f\u00fcr die pr\u00e4zise und stabile Supplementierung von Xanthohumol entwickelt wurde.<br data-start=\"869\" data-end=\"872\">Die Verwendung der liposomalen Technologie beg\u00fcnstigt die Bioverf\u00fcgbarkeit des Inhaltsstoffs und f\u00fcgt sich in ein Modell der ruhigen, systematischen Supplementierung ein, das auf Qualit\u00e4t und Ausgewogenheit beruht.<\/p>\n","protected":false},"featured_media":8023,"comment_status":"open","ping_status":"closed","template":"","meta":{"_acf_changed":false,"rank_math_lock_modified_date":false},"product_cat":[334],"product_tag":[],"class_list":{"0":"post-9620","1":"product","2":"type-product","3":"status-publish","4":"has-post-thumbnail","6":"product_cat-greenhemp-de","8":"first","9":"onbackorder","10":"shipping-taxable","11":"purchasable","12":"product-type-simple"},"acf":[],"_links":{"self":[{"href":"https:\/\/liposomalherb.com\/de\/wp-json\/wp\/v2\/product\/9620"}],"collection":[{"href":"https:\/\/liposomalherb.com\/de\/wp-json\/wp\/v2\/product"}],"about":[{"href":"https:\/\/liposomalherb.com\/de\/wp-json\/wp\/v2\/types\/product"}],"replies":[{"embeddable":true,"href":"https:\/\/liposomalherb.com\/de\/wp-json\/wp\/v2\/comments?post=9620"}],"wp:featuredmedia":[{"embeddable":true,"href":"https:\/\/liposomalherb.com\/de\/wp-json\/wp\/v2\/media\/8023"}],"wp:attachment":[{"href":"https:\/\/liposomalherb.com\/de\/wp-json\/wp\/v2\/media?parent=9620"}],"wp:term":[{"taxonomy":"product_cat","embeddable":true,"href":"https:\/\/liposomalherb.com\/de\/wp-json\/wp\/v2\/product_cat?post=9620"},{"taxonomy":"product_tag","embeddable":true,"href":"https:\/\/liposomalherb.com\/de\/wp-json\/wp\/v2\/product_tag?post=9620"}],"curies":[{"name":"wp","href":"https:\/\/api.w.org\/{rel}","templated":true}]}}